{"id":2442,"date":"2022-01-06T12:00:35","date_gmt":"2022-01-06T10:00:35","guid":{"rendered":"https:\/\/cotexsl.com\/sobre-nosotros\/"},"modified":"2025-10-10T09:46:22","modified_gmt":"2025-10-10T07:46:22","slug":"nous-sommes","status":"publish","type":"page","link":"https:\/\/cotexsl.com\/fr\/nous-sommes\/","title":{"rendered":"Nous sommes"},"content":{"rendered":"<section id=\"section-2-21\" class=\" ct-section bg-secondary centered section-pt-sm font-headings\" ><div class=\"ct-section-inner-wrap\"><h1 id=\"headline-8-21\" class=\"ct-headline text-center mb-10 color-primary w-5by6 xl-w-full cs-h1\">COTEX AVINYO<\/h1><div id=\"new_columns-4-144\" class=\"ct-new-columns\" ><div id=\"div_block-5-144\" class=\"ct-div-block\" ><div id=\"text_block-9-144\" class=\"ct-text-block\" ><div style=\"text-align: left;\"><span style=\"background-color: var(--secondary-color); text-align: center; color: var(--paragraph-color);\"><br><\/span><\/div><div style=\"text-align: left;\"><span style=\"background-color: var(--secondary-color); text-align: center; color: var(--paragraph-color);\"><br><\/span><\/div><div style=\"text-align: left;\"><span style=\"background-color: var(--secondary-color); text-align: center; color: var(--paragraph-color);\"><br><\/span><\/div><div style=\"text-align: left;\"><span style=\"background-color: var(--secondary-color); text-align: center; color: var(--paragraph-color);\"><br><\/span><\/div><div style=\"text-align: left;\"><br><\/div><div style=\"text-align: left;\"><br><\/div><div style=\"text-align: left;\">Nous sommes une entreprise de confection, avec une grande trajectoire depuis nos d\u00e9buts en 1985, nous confectionnons des produits pour diff\u00e9rents secteurs aussi bien en textiles comme en tissus techniques.\n\nCela nous permet d\u2019offrir des solutions \u00e0 une large gamme de produits et secteurs qui font appel \u00e0 la confection.\nNotre organisation est agile, efficace et proche, avec un haut niveau de compromis envers nos clients.\n\nNous comptons avec une \u00e9quipe humaine de 50 personnes, nos installations de 3000 m2, sont situ\u00e9es \u00e0 Aviny\u00f3 (Barcelone).&nbsp;<span style=\"background-color: var(--secondary-color); color: var(--paragraph-color); text-align: center;\"><br><\/span><\/div><div style=\"text-align: left;\"><span style=\"background-color: var(--secondary-color); color: var(--paragraph-color); text-align: center;\"><br><\/span><\/div><\/div><\/div><div id=\"div_block-6-144\" class=\"ct-div-block\" ><img decoding=\"async\"  id=\"image-15-144\" alt=\"\" src=\"https:\/\/cotexsl.com\/wp-content\/uploads\/2022\/01\/Rectangle-820-e1645456328470.jpg\" class=\"ct-image\"\/><\/div><\/div><\/div><\/section>\n\n<section id=\"section-12-21\" class=\" ct-section bg-sf-grad centered section-pt-0 section-pb-sm\" ><div class=\"ct-section-inner-wrap\"><div id=\"video-13-21\" class=\"ct-video w-5by6 centered\" >\n                <div class=\"oxygen-vsb-responsive-video-wrapper\"><iframe  src=\"https:\/\/www.youtube.com\/embed\/KoLj4CFXFW4\" frameborder=\"0\" webkitallowfullscreen mozallowfullscreen allowfullscreen><\/iframe><\/div>\n                <\/div><\/div><\/section>\n\n<section id=\"section-64-21\" class=\" ct-section centered\" ><div class=\"ct-section-inner-wrap\"><div id=\"div_block-65-21\" class=\"ct-div-block bg-primary py-20 centered rounded-xl px-10\" ><h2 id=\"headline-66-21\" class=\"ct-headline mb-6 sm-w-full font-headings color-white\">Confection de produits textiles&nbsp;&nbsp;<\/h2><div id=\"text_block-68-21\" class=\"ct-text-block mb-6 text-xl text-center font-medium max-w-md sm-w-full color-white\" >Si vous vous sentez identifi\u00e9 avec nos valeurs, exp\u00e9rience et travail, nous vous invitons \u00e0 nous consulter pour tout projet o\u00f9 nous pouvons vous aider.\n<\/div><a id=\"link_button-70-21\" class=\"ct-link-button btn-l rounded-full bg-secondary color-primary text-2xl uppercase\" href=\"https:\/\/cotexsl.com\/contactanos\/\" target=\"_self\"  >Solliciter un Devis<\/a><div id=\"code_block-105-21\" class=\"ct-code-block\" ><\/div><\/div><\/div><\/section>\n\n\n<p><\/p>\n","protected":false},"excerpt":{"rendered":"","protected":false},"author":2,"featured_media":0,"parent":0,"menu_order":0,"comment_status":"closed","ping_status":"closed","template":"","meta":{"_acf_changed":false,"footnotes":""},"class_list":["post-2442","page","type-page","status-publish","hentry"],"acf":[],"_links":{"self":[{"href":"https:\/\/cotexsl.com\/fr\/wp-json\/wp\/v2\/pages\/2442","targetHints":{"allow":["GET"]}}],"collection":[{"href":"https:\/\/cotexsl.com\/fr\/wp-json\/wp\/v2\/pages"}],"about":[{"href":"https:\/\/cotexsl.com\/fr\/wp-json\/wp\/v2\/types\/page"}],"author":[{"embeddable":true,"href":"https:\/\/cotexsl.com\/fr\/wp-json\/wp\/v2\/users\/2"}],"replies":[{"embeddable":true,"href":"https:\/\/cotexsl.com\/fr\/wp-json\/wp\/v2\/comments?post=2442"}],"version-history":[{"count":3,"href":"https:\/\/cotexsl.com\/fr\/wp-json\/wp\/v2\/pages\/2442\/revisions"}],"predecessor-version":[{"id":2482,"href":"https:\/\/cotexsl.com\/fr\/wp-json\/wp\/v2\/pages\/2442\/revisions\/2482"}],"wp:attachment":[{"href":"https:\/\/cotexsl.com\/fr\/wp-json\/wp\/v2\/media?parent=2442"}],"curies":[{"name":"wp","href":"https:\/\/api.w.org\/{rel}","templated":true}]}}