{"id":2432,"date":"2022-01-06T12:00:20","date_gmt":"2022-01-06T10:00:20","guid":{"rendered":"https:\/\/cotexsl.com\/proyectos-a-medida\/"},"modified":"2025-10-10T09:44:41","modified_gmt":"2025-10-10T07:44:41","slug":"proyectos-a-medida","status":"publish","type":"page","link":"https:\/\/cotexsl.com\/fr\/proyectos-a-medida\/","title":{"rendered":"auutres sectors"},"content":{"rendered":"<section id=\"section-5-2495\" class=\" ct-section\" ><div class=\"ct-section-inner-wrap\"><div class=\"vimeo-wrapper\">\n<iframe src=\"https:\/\/player.vimeo.com\/video\/881174940?background=1&autoplay=1&loop=1&byline=0&title=0\" frameborder=\"0\" allow=\"autoplay; fullscreen; picture-in-picture\" title=\"Web-FW23VOL1_FINAL\" frameborder=\"0\" webkitallowfullscreen mozallowfullscreen allowfullscreen><\/iframe>\n<\/div>\n\n<script src=\"https:\/\/player.vimeo.com\/api\/player.js\"><\/script>\n<div id=\"div_block-7-2495\" class=\"ct-div-block\" ><\/div><div id=\"div_block-11-2495\" class=\"ct-div-block mx-auto my-auto gap-6 w-3by4 lg-w-full\" ><div id=\"text_block-12-2495\" class=\"ct-text-block font-semibold text-lg\" >Projets personnalis\u00e9s<\/div><h1 id=\"headline-13-2495\" class=\"ct-headline color-white text-center\">Votre vision, notre ex\u00e9cution : Nous r\u00e9alisons sur mesure les \u00e9l\u00e9ments textiles de votre projet<\/h1><div id=\"text_block-15-2495\" class=\"ct-text-block text-center color-white font-medium w-4by6 md-w-full\" >Nous travaillons en collaboration avec nos clients et leur proposons un service complet : patronnage, choix des mat\u00e9riaux et fabrication. Il n'y a pas de commande minimum. Besoin d'aide avec du textile ? Contactez-nous!<\/div><a id=\"link_button-21-2495\" class=\"ct-link-button btn-m rounded-full mx-auto\" href=\"https:\/\/cotexsl.com\/contacto\/\"   >EN CONTACT AVEC NOUS<\/a><\/div><\/div><\/section>\n\n<section id=\"section-23-154\" class=\" ct-section section-py-sm pt-24\" ><div class=\"ct-section-inner-wrap\"><div id=\"div_block-24-154\" class=\"ct-div-block w-full grid grid-cols-2 items-center md-grid-cols-1 row-gap-12 gap-16\" ><div id=\"div_block-25-154\" class=\"ct-div-block rounded-lg pt-12 pb-12 pl-12 relative\" ><img decoding=\"async\"  id=\"image-26-154\" alt=\"\" src=\"https:\/\/cotexsl.com\/wp-content\/uploads\/2023\/11\/Rectangle-698.jpg\" class=\"ct-image mt-auto ml-auto h-full w-full object-cover z-99 rounded-xl\"\/><div id=\"div_block-27-154\" class=\"ct-div-block bg-primary rounded-xl\" ><\/div><\/div><div id=\"div_block-28-154\" class=\"ct-div-block\" ><h2 id=\"headline-29-154\" class=\"ct-headline mb-4 color-primary font-semibold cs-h3 text-4xl\">Nous avons l'exp\u00e9rience et les ressources pour concr\u00e9tiser votre projet textile<\/h2><div id=\"text_block-30-154\" class=\"ct-text-block color-paragraph mb-6 font-medium text-base\" ><br>\nChez Serraller, nous nous engageons \u00e0 mat\u00e9rialiser la vision des clients de tous les secteurs avec des projets sur mesure, en prenant en charge l'ensemble du processus : du dessin \u00e0 la fabrication, avec une large gamme de mat\u00e9riaux. Contrairement \u00e0 la confection g\u00e9n\u00e9rique de tailles standards, nous proposons une adaptation compl\u00e8te \u00e0 vos besoins, sans restriction de volume. Notre polyvalence nous distingue dans un march\u00e9 o\u00f9 beaucoup se concentrent sur des produits ou des secteurs sp\u00e9cifiques. De plus, notre flexibilit\u00e9 dans les commandes, nos conseils complets et notre respect des d\u00e9lais, nous positionnent comme des partenaires id\u00e9aux pour la r\u00e9alisation de votre projet.<\/div><div id=\"div_block-12-2498\" class=\"ct-div-block gap-4\" ><div id=\"div_block-13-2498\" class=\"ct-div-block gap-4\" ><img decoding=\"async\"  id=\"image-15-2498\" alt=\"\" src=\"https:\/\/cotexsl.com\/wp-content\/uploads\/2023\/11\/Group-1886.svg\" class=\"ct-image\"\/><div id=\"text_block-16-2498\" class=\"ct-text-block font-semibold color-primary text-lg\" >Il n'y a pas de commande minimum<\/div><\/div><div id=\"div_block-18-2498\" class=\"ct-div-block gap-4\" ><img decoding=\"async\"  id=\"image-19-2498\" alt=\"\" src=\"https:\/\/cotexsl.com\/wp-content\/uploads\/2023\/11\/Group-1886.svg\" class=\"ct-image\"\/><div id=\"text_block-20-2498\" class=\"ct-text-block font-semibold color-primary text-lg\" >Nous fournissons des conseils complets<\/div><\/div><div id=\"div_block-21-2498\" class=\"ct-div-block gap-4\" ><img decoding=\"async\"  id=\"image-22-2498\" alt=\"\" src=\"https:\/\/cotexsl.com\/wp-content\/uploads\/2023\/11\/Group-1886.svg\" class=\"ct-image\"\/><div id=\"text_block-23-2498\" class=\"ct-text-block font-semibold color-primary text-lg\" >Nous respectons les d\u00e9lais et les exigences<\/div><\/div><\/div><\/div><\/div><\/div><\/section>\n\n<section id=\"section-26-73\" class=\" ct-section \" style=\"background-image:url(https:\/\/cotexsl.com\/wp-content\/uploads\/2023\/11\/bg-img-modelage.jpg);background-size: cover;\" ><div class=\"ct-section-inner-wrap\"><div id=\"div_block-27-73\" class=\"ct-div-block w-full centered w-2by3 mx-auto md-w-full\" ><h2 id=\"headline-28-73\" class=\"ct-headline mb-2 lg-w-full color-primary cs-h2 w-5by6 text-4xl color-tertiary\">Ce qui fait de nous votre partenaire id\u00e9al<br><\/h2><div id=\"text_block-29-73\" class=\"ct-text-block color-paragraph lg-w-full mb-20 color-white\" >Nous nous adaptons \u00e0 tout type de projet, petit ou grand, dans tout secteur. Avec pr\u00e8s de 40 ans d'exp\u00e9rience, une \u00e9quipe humaine de 50 personnes et des installations de 3 000 m2, nous sommes en mesure de mat\u00e9rialiser n'importe quel produit textile que vous pouvez imaginer, en offrant un service complet depuis le patronage jusqu'\u00e0 la fabrication.<\/div><\/div><div id=\"div_block-30-73\" class=\"ct-div-block w-full grid xl-grid-cols-3 md-grid-cols-1 gap-8 grid-cols-3 mb-12\" ><div id=\"div_block-31-73\" class=\"ct-div-block items-center text-center card-snug h-full\" ><img decoding=\"async\"  id=\"image-20-2507\" alt=\"\" src=\"https:\/\/cotexsl.com\/wp-content\/uploads\/2023\/11\/patron-de-tela-1.svg\" class=\"ct-image\"\/><h3 id=\"headline-33-73\" class=\"ct-headline h3-sans mb-3 color-tertiary\">Patronage<\/h3><div id=\"text_block-34-73\" class=\"ct-text-block color-paragraph color-white\" >Nous disposons de notre propre d\u00e9partement de mod\u00e9lisme, qui nous permet de r\u00e9aliser tous les mod\u00e8les dont vous avez besoin pour votre projet, garantissant une pr\u00e9cision dans les moindres d\u00e9tails.<\/div><\/div><div id=\"div_block-35-73\" class=\"ct-div-block items-center text-center card-snug h-full\" ><img decoding=\"async\"  id=\"image-24-2507\" alt=\"\" src=\"https:\/\/cotexsl.com\/wp-content\/uploads\/2023\/11\/tela-1.svg\" class=\"ct-image\"\/><h3 id=\"headline-37-73\" class=\"ct-headline h3-sans mb-3 color-tertiary\">Mat\u00e9riaux<\/h3><div id=\"text_block-38-73\" class=\"ct-text-block color-paragraph color-white\" >Nous vous aidons \u00e0 s\u00e9lectionner le bon tissu en fonction des besoins sp\u00e9cifiques de votre projet, en vous fournissant des conseils d'experts sur les mat\u00e9riaux.<\/div><\/div><div id=\"div_block-39-73\" class=\"ct-div-block items-center text-center card-snug h-full\" ><img decoding=\"async\"  id=\"image-27-2507\" alt=\"\" src=\"https:\/\/cotexsl.com\/wp-content\/uploads\/2023\/11\/maquina-de-coser-1.svg\" class=\"ct-image\"\/><h3 id=\"headline-41-73\" class=\"ct-headline h3-sans mb-3 color-tertiary\">Fabrication<\/h3><div id=\"text_block-42-73\" class=\"ct-text-block color-paragraph color-white\" >Notre capacit\u00e9 \u00e0 traiter diff\u00e9rents volumes de commandes nous permet de nous adapter \u00e0 votre projet, en garantissant une livraison \u00e0 temps et selon votre cahier des charges.<\/div><\/div><\/div><a id=\"link_button-31-2507\" class=\"ct-link-button btn-m rounded-full mx-auto\" href=\"https:\/\/cotexsl.com\/contacto\/\"   >EN CONTACT AVEC NOUS<\/a><\/div><\/section>\n\n<section id=\"section-61-2520\" class=\" ct-section section-py-sm\" ><div class=\"ct-section-inner-wrap\"><h2 id=\"headline-63-2520\" class=\"ct-headline mx-auto text-center text-4xl\">Exemples de projets sur mesure : Votre vision concr\u00e9tis\u00e9e<\/h2><\/div><\/section><section id=\"section-3-2520\" class=\" ct-section\" ><div class=\"ct-section-inner-wrap\"><div id=\"div_block-4-2520\" class=\"ct-div-block w-full grid grid-cols-2 overflow-hidden\" ><div id=\"div_block-5-2520\" class=\"ct-div-block h-full\" ><img decoding=\"async\"  id=\"image-6-2520\" alt=\"\" src=\"https:\/\/cotexsl.com\/wp-content\/uploads\/2023\/11\/image-7.jpg\" class=\"ct-image w-full h-auto object-contain photo-animation\"\/><\/div><div id=\"div_block-7-2520\" class=\"ct-div-block my-auto\" ><div id=\"div_block-8-2520\" class=\"ct-div-block pr-page lg-p-page lg-max-w-full max-w-1by2-page pb-8 py-12\" ><h3 id=\"headline-9-2520\" class=\"ct-headline \">Rideaux pour un complexe h\u00f4telier au centre de Barcelone<\/h3><div id=\"_rich_text-10-2520\" class=\"oxy-rich-text\" ><p><strong>Besoin du client :<\/strong> Cr&eacute;er une atmosph&egrave;re accueillante et &eacute;l&eacute;gante, tout en garantissant l'intimit&eacute; dans les chambres et autres espaces communs.<\/p>\n<p><strong>Processus : <\/strong>Premi&egrave;re rencontre pour comprendre les besoins et les pr&eacute;f&eacute;rences du client. Pr&eacute;sentation d'&eacute;chantillons de tissus et de dessins. Elaboration de patrons et prototypes. Validation client et ajustements n&eacute;cessaires. Fabrication et pose de rideaux.<\/p>\n<p><strong>Valeur ajout&eacute;e :<\/strong><\/p>\n<p>Conseils sur le choix de mat&eacute;riaux durables et esth&eacute;tiques. Respect des d&eacute;lais fix&eacute;s. Service apr&egrave;s-vente pour garantir la satisfaction du client.<\/p>\n<p>&nbsp;<\/p><\/div><\/div><\/div><\/div><div id=\"div_block-17-2520\" class=\"ct-div-block w-full grid grid-cols-2 lg-grid-cols-1 overflow-hidden\" ><div id=\"div_block-18-2520\" class=\"ct-div-block my-auto\" ><div id=\"div_block-19-2520\" class=\"ct-div-block lg-p-page lg-max-w-full max-w-1by2-page pb-8 py-12\" ><h3 id=\"headline-20-2520\" class=\"ct-headline \">B\u00e2ches pour camping-cars<\/h3><div id=\"_rich_text-21-2520\" class=\"oxy-rich-text\" ><p><strong>Besoin client :<\/strong> Toiles r&eacute;sistantes et fonctionnelles pour toits de camping-car.<\/p>\n<p><strong>Processus :<\/strong><\/p>\n<p>Premi&egrave;re r&eacute;union pour saisir les besoins du client. Pr&eacute;sentation de prototypes sur la base des instructions re&ccedil;ues. Validation client et ajustements n&eacute;cessaires. Production et livraison des b&acirc;ches.<\/p>\n<p><strong>Valeur ajout&eacute;e :<\/strong><\/p>\n<p>S&eacute;lection de mat&eacute;riaux adapt&eacute;s &agrave; un usage ext&eacute;rieur. Conseils techniques pour garantir fonctionnalit&eacute; et durabilit&eacute;. Respect des d&eacute;lais convenus, garantissant la satisfaction du client.<\/p>\n<p>&nbsp;<\/p><\/div><\/div><\/div><div id=\"div_block-28-2520\" class=\"ct-div-block \" ><img decoding=\"async\"  id=\"image-29-2520\" alt=\"\" src=\"https:\/\/cotexsl.com\/wp-content\/uploads\/2023\/11\/image-7-1.jpg\" class=\"ct-image w-full h-auto object-contain photo-animation\"\/><\/div><\/div><div id=\"div_block-30-2520\" class=\"ct-div-block w-full grid grid-cols-2 overflow-hidden\" ><div id=\"div_block-31-2520\" class=\"ct-div-block\" ><img decoding=\"async\"  id=\"image-32-2520\" alt=\"\" src=\"https:\/\/cotexsl.com\/wp-content\/uploads\/2023\/11\/image-7-2.jpg\" class=\"ct-image w-full h-auto object-contain photo-animation\"\/><\/div><div id=\"div_block-33-2520\" class=\"ct-div-block my-auto\" ><div id=\"div_block-34-2520\" class=\"ct-div-block pr-page lg-p-page lg-max-w-full max-w-1by2-page pb-8 py-12\" ><h3 id=\"headline-35-2520\" class=\"ct-headline \">B\u00e2ches pour civi\u00e8res et accessoires de sauvetage<\/h3><div id=\"_rich_text-36-2520\" class=\"oxy-rich-text\" ><p><strong>Besoin client :<\/strong> Toiles pour Camilles et Accessoires de Secours<\/p>\n<p><strong>D&eacute;roulement :<\/strong><\/p>\n<p>Compr&eacute;hension du cahier des charges &agrave; travers des rendez-vous et des d&eacute;monstrations. Prototypage et validation client. Production et livraison des produits finaux.<\/p>\n<p><strong>Valeur ajout&eacute;e :<\/strong><\/p>\n<p>S&eacute;lection de mat&eacute;riaux r&eacute;pondant aux exigences de r&eacute;sistance. Conseils techniques pour optimiser les fonctionnalit&eacute;s. Suivi et service apr&egrave;s-vente pour garantir la satisfaction du client.<\/p><\/div><\/div><\/div><\/div><div id=\"div_block-54-2520\" class=\"ct-div-block w-full grid grid-cols-2 lg-grid-cols-1 overflow-hidden\" ><div id=\"div_block-55-2520\" class=\"ct-div-block my-auto\" ><div id=\"div_block-56-2520\" class=\"ct-div-block lg-p-page lg-max-w-full max-w-1by2-page pb-8 py-12\" ><h3 id=\"headline-57-2520\" class=\"ct-headline \">Fabrication de tissus d'ameublement<\/h3><div id=\"_rich_text-58-2520\" class=\"oxy-rich-text\" ><p><strong>Besoin client :<\/strong> R&eacute;aliser le rev&ecirc;tement d&rsquo;un produit sp&eacute;cifique.<\/p>\n<p><strong>Processus :<\/strong><\/p>\n<p>R&eacute;ception des instructions et de l'&eacute;chantillon du client. Prototypage et validation client. Production et livraison de la sellerie finale.<\/p>\n<p><strong>Valeur ajout&eacute;e :<\/strong><\/p>\n<p>S&eacute;lection de mat&eacute;riaux adapt&eacute;s r&eacute;pondant aux exigences de r&eacute;sistance. Conseils techniques pour optimiser les fonctionnalit&eacute;s. Service apr&egrave;s-vente pour assurer la satisfaction du client.<\/p>\n<p>&nbsp;<\/p><\/div><\/div><\/div><div id=\"div_block-59-2520\" class=\"ct-div-block \" ><img decoding=\"async\"  id=\"image-60-2520\" alt=\"\" src=\"https:\/\/cotexsl.com\/wp-content\/uploads\/2023\/11\/image-7-3.jpg\" class=\"ct-image w-full h-auto object-contain photo-animation\"\/><\/div><\/div><\/div><\/section>\n\n<section id=\"section-175-11\" class=\" ct-section section-py-sm\" ><div class=\"ct-section-inner-wrap\"><div id=\"code_block-183-11\" class=\"ct-code-block\" ><\/div><div id=\"div_block-176-11\" class=\"ct-div-block py-20 px-12 sm-px-4\" ><h3 id=\"headline-177-11\" class=\"ct-headline mx-auto mb-6 color-primary text-center\">Parlez nous de votre projet<\/h3><div id=\"text_block-178-11\" class=\"ct-text-block mx-auto text-center mb-10\" >Dites-nous ce que vous devez produire et nous vous aiderons avec une estimation d\u00e9taill\u00e9e (en espagnol, s\u2019il vous pla\u00eet)<br><\/div><div id=\"div_block-188-11\" class=\"ct-div-block mb-12 mx-auto w-full horizontal justify-between flex-wrap\" ><a id=\"div_block-189-11\" class=\"ct-link horizontal mr-12 fit-content mb-8 md-w-full md-mr-0 md-vertical\" href=\"tel:+34938387469\"   ><div id=\"fancy_icon-190-11\" class=\"ct-fancy-icon mr-4 sc-ic-contacto\" ><svg id=\"svg-fancy_icon-190-11\"><use xlink:href=\"#csicon-phone\"><\/use><\/svg><\/div><div id=\"div_block-191-11\" class=\"ct-div-block md-centered\" ><div id=\"text_block-192-11\" class=\"ct-text-block font-bold color-primary\" >Appelle-nous<\/div><div id=\"text_block-33-56\" class=\"ct-text-block color-paragraph-alt\" >(+34) 93 838 74 69<\/div><\/div><\/a><a id=\"contact\" class=\"ct-link horizontal items-end fit-content mb-8 lg-justify-start\" href=\"mailto:comercial@cotexsl.com\"   ><div id=\"fancy_icon-201-11\" class=\"ct-fancy-icon mr-4 sc-ic-contacto\" ><svg id=\"svg-fancy_icon-201-11\"><use xlink:href=\"#csicon-Email\"><\/use><\/svg><\/div><div id=\"div_block-202-11\" class=\"ct-div-block md-centered\" ><div id=\"text_block-203-11\" class=\"ct-text-block font-bold color-primary\" >Email<\/div><div id=\"text_block-29-56\" class=\"ct-text-block color-paragraph-alt sm-word-break-all\" >comercial@cotexsl.com<\/div><\/div><\/a><\/div><div id=\"formulario\" class=\"ct-shortcode mx-auto w-3by4 lg-w-full\" >\n<div class=\"wpcf7 no-js\" id=\"wpcf7-f41-o1\" lang=\"es-ES\" dir=\"ltr\" data-wpcf7-id=\"41\">\n<div class=\"screen-reader-response\"><p role=\"status\" aria-live=\"polite\" aria-atomic=\"true\"><\/p> <ul><\/ul><\/div>\n<form action=\"\/fr\/wp-json\/wp\/v2\/pages\/2432#wpcf7-f41-o1\" method=\"post\" class=\"wpcf7-form init\" aria-label=\"Formulario de contacto\" novalidate=\"novalidate\" data-status=\"init\">\n<fieldset class=\"hidden-fields-container\"><input type=\"hidden\" name=\"_wpcf7\" value=\"41\" \/><input type=\"hidden\" name=\"_wpcf7_version\" value=\"6.1.5\" \/><input type=\"hidden\" name=\"_wpcf7_locale\" value=\"es_ES\" \/><input type=\"hidden\" name=\"_wpcf7_unit_tag\" value=\"wpcf7-f41-o1\" \/><input type=\"hidden\" name=\"_wpcf7_container_post\" value=\"0\" \/><input type=\"hidden\" name=\"_wpcf7_posted_data_hash\" value=\"\" \/><input type=\"hidden\" name=\"_wpcf7_recaptcha_response\" value=\"\" \/>\n<\/fieldset>\n<div class=\"w-full grid grid-cols-2 gap-8 md-grid-cols-1 grid\">\n\t<div>\n\t\t<p><label> Nombre<span class=\"wpcf7-form-control-wrap\" data-name=\"nombre\"><input size=\"40\" maxlength=\"400\" class=\"wpcf7-form-control wpcf7-text wpcf7-validates-as-required\" aria-required=\"true\" aria-invalid=\"false\" value=\"\" type=\"text\" name=\"nombre\" \/><\/span> <\/label>\n\t\t<\/p>\n\t<\/div>\n\t<div>\n\t\t<p><label> Apellido <span class=\"wpcf7-form-control-wrap\" data-name=\"apellido\"><input size=\"40\" maxlength=\"400\" class=\"wpcf7-form-control wpcf7-text wpcf7-validates-as-required\" aria-required=\"true\" aria-invalid=\"false\" value=\"\" type=\"text\" name=\"apellido\" \/><\/span> <\/label>\n\t\t<\/p>\n\t<\/div>\n<\/div>\n<p><label> *Correo electr\u00f3nico<br \/>\n<span class=\"wpcf7-form-control-wrap\" data-name=\"email\"><input size=\"40\" maxlength=\"400\" class=\"wpcf7-form-control wpcf7-email wpcf7-validates-as-required wpcf7-text wpcf7-validates-as-email\" aria-required=\"true\" aria-invalid=\"false\" value=\"\" type=\"email\" name=\"email\" \/><\/span> <\/label>\n<\/p>\n<p><label> Empresa<br \/>\n<span class=\"wpcf7-form-control-wrap\" data-name=\"empresa\"><input size=\"40\" maxlength=\"400\" class=\"wpcf7-form-control wpcf7-text wpcf7-validates-as-required\" aria-required=\"true\" aria-invalid=\"false\" value=\"\" type=\"text\" name=\"empresa\" \/><\/span> <\/label>\n<\/p>\n<p><label> Asunto<br \/>\n<span class=\"wpcf7-form-control-wrap\" data-name=\"asunto\"><input size=\"40\" maxlength=\"400\" class=\"wpcf7-form-control wpcf7-text wpcf7-validates-as-required\" aria-required=\"true\" aria-invalid=\"false\" value=\"\" type=\"text\" name=\"asunto\" \/><\/span> <\/label>\n<\/p>\n<p><label> *Mensaje<br \/>\n<span class=\"wpcf7-form-control-wrap\" data-name=\"mensaje\"><textarea cols=\"40\" rows=\"10\" maxlength=\"2000\" class=\"wpcf7-form-control wpcf7-textarea wpcf7-validates-as-required\" aria-required=\"true\" aria-invalid=\"false\" name=\"mensaje\"><\/textarea><\/span> <\/label>\n<\/p>\n<p>COTEX AVINY\u00d3, S.L. se compromete a proteger y respetar tu privacidad, y solo usaremos tu informaci\u00f3n personal para gestionar la solicitud.\n<\/p>\n<p><span class=\"wpcf7-form-control-wrap\" data-name=\"acceptance-293\"><span class=\"wpcf7-form-control wpcf7-acceptance optional\"><span class=\"wpcf7-list-item\"><label><input type=\"checkbox\" name=\"acceptance-293\" value=\"1\" aria-invalid=\"false\" \/><span class=\"wpcf7-list-item-label\">Acepto recibir otras comunicaciones de COTEX AVINY\u00d3, S.L.<\/span><\/label><\/span><\/span><\/span>\n<\/p>\n<p><span class=\"wpcf7-form-control-wrap\" data-name=\"acceptance-295\"><span class=\"wpcf7-form-control wpcf7-acceptance\"><span class=\"wpcf7-list-item\"><label><input type=\"checkbox\" name=\"acceptance-295\" value=\"1\" aria-invalid=\"false\" \/><span class=\"wpcf7-list-item-label\">Consiento el tratamiento de mis datos personales para esta finalidad: <a href=\"\/aviso-legal\">Aviso legal<\/a> y <a href=\"\/politica-privacidad\">Pol\u00edtica de privacidad<\/a><\/span><\/label><\/span><\/span><\/span>\n<\/p>\n<p><input class=\"wpcf7-form-control wpcf7-submit has-spinner btn-m btn-primary rounded-full border-none ml-auto uppercase tracking-wide font-semibold\" type=\"submit\" value=\"Contactanos\" \/>\n<\/p><p style=\"display: none !important;\" class=\"akismet-fields-container\" data-prefix=\"_wpcf7_ak_\"><label>&#916;<textarea name=\"_wpcf7_ak_hp_textarea\" cols=\"45\" rows=\"8\" maxlength=\"100\"><\/textarea><\/label><input type=\"hidden\" id=\"ak_js_1\" name=\"_wpcf7_ak_js\" value=\"85\"\/><script>document.getElementById( \"ak_js_1\" ).setAttribute( \"value\", ( new Date() ).getTime() );<\/script><\/p><div class=\"wpcf7-response-output\" aria-hidden=\"true\"><\/div>\n<\/form>\n<\/div>\n<\/div><\/div><\/div><\/section>","protected":false},"excerpt":{"rendered":"","protected":false},"author":2,"featured_media":0,"parent":0,"menu_order":0,"comment_status":"closed","ping_status":"closed","template":"","meta":{"_acf_changed":false,"footnotes":""},"class_list":["post-2432","page","type-page","status-publish","hentry"],"acf":[],"_links":{"self":[{"href":"https:\/\/cotexsl.com\/fr\/wp-json\/wp\/v2\/pages\/2432","targetHints":{"allow":["GET"]}}],"collection":[{"href":"https:\/\/cotexsl.com\/fr\/wp-json\/wp\/v2\/pages"}],"about":[{"href":"https:\/\/cotexsl.com\/fr\/wp-json\/wp\/v2\/types\/page"}],"author":[{"embeddable":true,"href":"https:\/\/cotexsl.com\/fr\/wp-json\/wp\/v2\/users\/2"}],"replies":[{"embeddable":true,"href":"https:\/\/cotexsl.com\/fr\/wp-json\/wp\/v2\/comments?post=2432"}],"version-history":[{"count":6,"href":"https:\/\/cotexsl.com\/fr\/wp-json\/wp\/v2\/pages\/2432\/revisions"}],"predecessor-version":[{"id":2811,"href":"https:\/\/cotexsl.com\/fr\/wp-json\/wp\/v2\/pages\/2432\/revisions\/2811"}],"wp:attachment":[{"href":"https:\/\/cotexsl.com\/fr\/wp-json\/wp\/v2\/media?parent=2432"}],"curies":[{"name":"wp","href":"https:\/\/api.w.org\/{rel}","templated":true}]}}