{"id":2408,"date":"2022-01-28T13:36:38","date_gmt":"2022-01-28T13:36:38","guid":{"rendered":"https:\/\/cotexsl.com\/complementos\/"},"modified":"2022-07-14T16:23:37","modified_gmt":"2022-07-14T16:23:37","slug":"complementos","status":"publish","type":"page","link":"https:\/\/cotexsl.com\/fr\/complementos\/","title":{"rendered":"compl\u00e9ments"},"content":{"rendered":"<section id=\"section-2-11\" class=\" ct-section bg cs-bg-FCF9F2 section-py-sm\" ><div class=\"ct-section-inner-wrap\"><div id=\"div_block-57-11\" class=\"ct-div-block w-full grid md-grid-cols-1 gap-8 grid-cols-2\" ><div id=\"div_block-58-11\" class=\"ct-div-block md-col-span-1 my-auto\" ><div id=\"div_block-4-11\" class=\"ct-div-block my-auto md-mb-8\" ><h1 id=\"headline-5-11\" class=\"ct-headline mb-6 font-extrabold color-primary md-text-center cs-h1\">Confection d\u2019accessoires et compl\u00e9ments<\/h1><div id=\"div_block-9-11\" class=\"ct-div-block md-mx-auto\" ><a id=\"link_text-10-11\" class=\"ct-link-text btn-primary rounded-full btn-l uppercase tracking-wide sm-btn-txt\" href=\"#contact\" target=\"_self\"  >&nbsp;Plus d\u2019Info<\/a><\/div><\/div><\/div><div id=\"div_block-59-11\" class=\"ct-div-block md-col-span-1\" ><div id=\"div_block-13-11\" class=\"ct-div-block w-full\" ><div id=\"div_block-15-11\" class=\"ct-div-block w-full grid grid-cols-3 position-relative gap-4\" ><div id=\"div_block-16-11\" class=\"ct-div-block col-span-2 h-full\" ><img decoding=\"async\"  id=\"image-12-11\" alt=\"\" src=\"https:\/\/cotexsl.com\/wp-content\/uploads\/2022\/05\/IMG_20190715_122016-scaled.jpg\" class=\"ct-image w-full object-cover shadow-md h-full rounded-xl\"\/><\/div><div id=\"div_block-17-11\" class=\"ct-div-block pb-3\" ><img decoding=\"async\"  id=\"image-43-11\" alt=\"\" src=\"https:\/\/cotexsl.com\/wp-content\/uploads\/2022\/05\/DSC8687-scaled.jpg\" class=\"ct-image w-full object-cover shadow-md mb-3 rounded-xl\"\/><img decoding=\"async\"  id=\"image-55-11\" alt=\"\" src=\"https:\/\/cotexsl.com\/wp-content\/uploads\/2022\/05\/CDG_2020_12_23_TDS138213.jpg\" class=\"ct-image w-full object-cover shadow-md mb-3 rounded-xl\"\/><div id=\"div_block-185-11\" class=\"ct-div-block\" ><div id=\"div_block-186-11\" class=\"ct-div-block position-absolute p-4 bg-white lg-pr-4 rounded-xl\" ><div id=\"text_block-187-11\" class=\"ct-text-block font-medium color-extra-color-1\" ><div><span style=\"color: var(--extra-color-1); background-color: var(--white-color); font-size: min(max(calc(var(--mobile-text-base) * 1rem), calc(var(--mobile-text-base) * 1rem + (var(--desktop-text-base) - var(--mobile-text-base)) * var(--viewport-calc))), calc(var(--desktop-text-base) * 1rem));\">Chaque projet ou id\u00e9e est rempli d\u2019\u00e9nergie et cr\u00e9ativit\u00e9.\n\nNous voulons apporter notre exp\u00e9rience et notre capacit\u00e9 afin de vous aider \u00e0 r\u00e9aliser vos projets.<\/span><br><\/div><\/div><\/div><\/div><\/div><\/div><\/div><\/div><\/div><\/div><\/section>\n\n<section id=\"section-79-11\" class=\" ct-section items-center section-pb-sm\" ><div class=\"ct-section-inner-wrap\"><h2 id=\"headline-179-11\" class=\"ct-headline mb-6 color-primary text-center cs-h2\">Images<br><\/h2><\/div><\/section><section id=\"section-19-78\" class=\" ct-section section-pt-0\" ><div class=\"ct-section-inner-wrap\"><\/div><\/section><section id=\"section-4-78\" class=\" ct-section section-pt-0\" ><div class=\"ct-section-inner-wrap\"><div id=\"new_columns-119-238\" class=\"ct-new-columns\" ><div id=\"div_block-120-238\" class=\"ct-div-block\" ><img decoding=\"async\"  id=\"image-123-238\" alt=\"\" src=\"https:\/\/cotexsl.com\/wp-content\/uploads\/2022\/05\/DSC8757-scaled.jpg\" class=\"ct-image\"\/><\/div><div id=\"div_block-121-238\" class=\"ct-div-block\" ><img decoding=\"async\"  id=\"image-124-238\" alt=\"\" src=\"https:\/\/cotexsl.com\/wp-content\/uploads\/2022\/02\/lunch-porta-alimentos-4.jpg\" class=\"ct-image\"\/><\/div><div id=\"div_block-122-238\" class=\"ct-div-block\" ><img decoding=\"async\"  id=\"image-125-238\" alt=\"\" src=\"https:\/\/cotexsl.com\/wp-content\/uploads\/2022\/05\/DSC9045-scaled.jpg\" class=\"ct-image\"\/><\/div><\/div><\/div><\/section><section id=\"section-46-78\" class=\" ct-section section-pt-0\" ><div class=\"ct-section-inner-wrap\"><div id=\"new_columns-131-238\" class=\"ct-new-columns\" ><div id=\"div_block-132-238\" class=\"ct-div-block\" ><img decoding=\"async\"  id=\"image-135-238\" alt=\"\" src=\"https:\/\/cotexsl.com\/wp-content\/uploads\/2022\/05\/DSC8547-scaled.jpg\" class=\"ct-image\"\/><\/div><div id=\"div_block-133-238\" class=\"ct-div-block\" ><img decoding=\"async\"  id=\"image-136-238\" alt=\"\" src=\"https:\/\/cotexsl.com\/wp-content\/uploads\/2022\/05\/lunch-1-scaled.jpg\" class=\"ct-image\"\/><\/div><div id=\"div_block-134-238\" class=\"ct-div-block\" ><img decoding=\"async\"  id=\"image-137-238\" alt=\"\" src=\"https:\/\/cotexsl.com\/wp-content\/uploads\/2022\/05\/bolsa_linen_gris_natural_4_590x.webp\" class=\"ct-image\"\/><\/div><\/div><\/div><\/section><section id=\"section-30-78\" class=\" ct-section section-pt-0\" ><div class=\"ct-section-inner-wrap\"><div id=\"new_columns-138-238\" class=\"ct-new-columns\" ><div id=\"div_block-139-238\" class=\"ct-div-block\" ><img decoding=\"async\"  id=\"image-142-238\" alt=\"\" src=\"https:\/\/cotexsl.com\/wp-content\/uploads\/2022\/05\/DSC8715-scaled.jpg\" class=\"ct-image\"\/><\/div><div id=\"div_block-140-238\" class=\"ct-div-block\" ><img decoding=\"async\"  id=\"image-143-238\" alt=\"\" src=\"https:\/\/cotexsl.com\/wp-content\/uploads\/2022\/05\/DSC8678-1-scaled.jpg\" class=\"ct-image\"\/><\/div><div id=\"div_block-141-238\" class=\"ct-div-block\" ><img decoding=\"async\"  id=\"image-144-238\" alt=\"\" src=\"https:\/\/cotexsl.com\/wp-content\/uploads\/2022\/05\/DSC8835-scaled.jpg\" class=\"ct-image\"\/><\/div><\/div><\/div><\/section>\n\n<section id=\"section-175-11\" class=\" ct-section section-py-sm\" ><div class=\"ct-section-inner-wrap\"><div id=\"code_block-183-11\" class=\"ct-code-block\" ><\/div><div id=\"div_block-176-11\" class=\"ct-div-block py-20 px-12 sm-px-4\" ><h3 id=\"headline-177-11\" class=\"ct-headline mx-auto mb-6 color-primary text-center\">Solliciter  information<\/h3><div id=\"text_block-178-11\" class=\"ct-text-block mx-auto text-center mb-10\" >Veuillez remplir le formulaire  en expliquant votre id\u00e9e \/ besoin et nous vous r\u00e9pondrons de suite.<br><\/div><div id=\"div_block-188-11\" class=\"ct-div-block mb-12 mx-auto w-full horizontal justify-between flex-wrap\" ><a id=\"div_block-189-11\" class=\"ct-link horizontal mr-12 fit-content mb-8 md-w-full md-mr-0 md-vertical\" href=\"tel:+34938387469\"   ><div id=\"fancy_icon-190-11\" class=\"ct-fancy-icon mr-4 sc-ic-contacto\" ><svg id=\"svg-fancy_icon-190-11\"><use xlink:href=\"#csicon-phone\"><\/use><\/svg><\/div><div id=\"div_block-191-11\" class=\"ct-div-block md-centered\" ><div id=\"text_block-192-11\" class=\"ct-text-block font-bold color-primary\" >Ll\u00e1manos<\/div><div id=\"text_block-33-56\" class=\"ct-text-block color-paragraph-alt\" >(+34) 93 838 74 69<\/div><\/div><\/a><a id=\"contact\" class=\"ct-link horizontal items-end fit-content mb-8 lg-justify-start\" href=\"mailto:comandes2@cotexsl.com\"   ><div id=\"fancy_icon-201-11\" class=\"ct-fancy-icon mr-4 sc-ic-contacto\" ><svg id=\"svg-fancy_icon-201-11\"><use xlink:href=\"#csicon-Email\"><\/use><\/svg><\/div><div id=\"div_block-202-11\" class=\"ct-div-block md-centered\" ><div id=\"text_block-203-11\" class=\"ct-text-block font-bold color-primary\" >Email<\/div><div id=\"text_block-29-56\" class=\"ct-text-block color-paragraph-alt sm-word-break-all\" ><font style=\"vertical-align: inherit;\"><font style=\"vertical-align: inherit;\">comandes2@cotexsl.com<\/font><\/font><\/div><\/div><\/a><\/div><div id=\"formulario\" class=\"ct-shortcode mx-auto w-3by4 lg-w-full\" >\n<div class=\"wpcf7 no-js\" id=\"wpcf7-f41-o1\" lang=\"es-ES\" dir=\"ltr\" data-wpcf7-id=\"41\">\n<div class=\"screen-reader-response\"><p role=\"status\" aria-live=\"polite\" aria-atomic=\"true\"><\/p> <ul><\/ul><\/div>\n<form action=\"\/fr\/wp-json\/wp\/v2\/pages\/2408#wpcf7-f41-o1\" method=\"post\" class=\"wpcf7-form init\" aria-label=\"Formulario de contacto\" novalidate=\"novalidate\" data-status=\"init\">\n<fieldset class=\"hidden-fields-container\"><input type=\"hidden\" name=\"_wpcf7\" value=\"41\" \/><input type=\"hidden\" name=\"_wpcf7_version\" value=\"6.1.5\" \/><input type=\"hidden\" name=\"_wpcf7_locale\" value=\"es_ES\" \/><input type=\"hidden\" name=\"_wpcf7_unit_tag\" value=\"wpcf7-f41-o1\" \/><input type=\"hidden\" name=\"_wpcf7_container_post\" value=\"0\" \/><input type=\"hidden\" name=\"_wpcf7_posted_data_hash\" value=\"\" \/><input type=\"hidden\" name=\"_wpcf7_recaptcha_response\" value=\"\" \/>\n<\/fieldset>\n<div class=\"w-full grid grid-cols-2 gap-8 md-grid-cols-1 grid\">\n\t<div>\n\t\t<p><label> Nombre<span class=\"wpcf7-form-control-wrap\" data-name=\"nombre\"><input size=\"40\" maxlength=\"400\" class=\"wpcf7-form-control wpcf7-text wpcf7-validates-as-required\" aria-required=\"true\" aria-invalid=\"false\" value=\"\" type=\"text\" name=\"nombre\" \/><\/span> <\/label>\n\t\t<\/p>\n\t<\/div>\n\t<div>\n\t\t<p><label> Apellido <span class=\"wpcf7-form-control-wrap\" data-name=\"apellido\"><input size=\"40\" maxlength=\"400\" class=\"wpcf7-form-control wpcf7-text wpcf7-validates-as-required\" aria-required=\"true\" aria-invalid=\"false\" value=\"\" type=\"text\" name=\"apellido\" \/><\/span> <\/label>\n\t\t<\/p>\n\t<\/div>\n<\/div>\n<p><label> *Correo electr\u00f3nico<br \/>\n<span class=\"wpcf7-form-control-wrap\" data-name=\"email\"><input size=\"40\" maxlength=\"400\" class=\"wpcf7-form-control wpcf7-email wpcf7-validates-as-required wpcf7-text wpcf7-validates-as-email\" aria-required=\"true\" aria-invalid=\"false\" value=\"\" type=\"email\" name=\"email\" \/><\/span> <\/label>\n<\/p>\n<p><label> Empresa<br \/>\n<span class=\"wpcf7-form-control-wrap\" data-name=\"empresa\"><input size=\"40\" maxlength=\"400\" class=\"wpcf7-form-control wpcf7-text wpcf7-validates-as-required\" aria-required=\"true\" aria-invalid=\"false\" value=\"\" type=\"text\" name=\"empresa\" \/><\/span> <\/label>\n<\/p>\n<p><label> Asunto<br \/>\n<span class=\"wpcf7-form-control-wrap\" data-name=\"asunto\"><input size=\"40\" maxlength=\"400\" class=\"wpcf7-form-control wpcf7-text wpcf7-validates-as-required\" aria-required=\"true\" aria-invalid=\"false\" value=\"\" type=\"text\" name=\"asunto\" \/><\/span> <\/label>\n<\/p>\n<p><label> *Mensaje<br \/>\n<span class=\"wpcf7-form-control-wrap\" data-name=\"mensaje\"><textarea cols=\"40\" rows=\"10\" maxlength=\"2000\" class=\"wpcf7-form-control wpcf7-textarea wpcf7-validates-as-required\" aria-required=\"true\" aria-invalid=\"false\" name=\"mensaje\"><\/textarea><\/span> <\/label>\n<\/p>\n<p>COTEX AVINY\u00d3, S.L. se compromete a proteger y respetar tu privacidad, y solo usaremos tu informaci\u00f3n personal para gestionar la solicitud.\n<\/p>\n<p><span class=\"wpcf7-form-control-wrap\" data-name=\"acceptance-293\"><span class=\"wpcf7-form-control wpcf7-acceptance optional\"><span class=\"wpcf7-list-item\"><label><input type=\"checkbox\" name=\"acceptance-293\" value=\"1\" aria-invalid=\"false\" \/><span class=\"wpcf7-list-item-label\">Acepto recibir otras comunicaciones de COTEX AVINY\u00d3, S.L.<\/span><\/label><\/span><\/span><\/span>\n<\/p>\n<p><span class=\"wpcf7-form-control-wrap\" data-name=\"acceptance-295\"><span class=\"wpcf7-form-control wpcf7-acceptance\"><span class=\"wpcf7-list-item\"><label><input type=\"checkbox\" name=\"acceptance-295\" value=\"1\" aria-invalid=\"false\" \/><span class=\"wpcf7-list-item-label\">Consiento el tratamiento de mis datos personales para esta finalidad: <a href=\"\/aviso-legal\">Aviso legal<\/a> y <a href=\"\/politica-privacidad\">Pol\u00edtica de privacidad<\/a><\/span><\/label><\/span><\/span><\/span>\n<\/p>\n<p><input class=\"wpcf7-form-control wpcf7-submit has-spinner btn-m btn-primary rounded-full border-none ml-auto uppercase tracking-wide font-semibold\" type=\"submit\" value=\"Contactanos\" \/>\n<\/p><p style=\"display: none !important;\" class=\"akismet-fields-container\" data-prefix=\"_wpcf7_ak_\"><label>&#916;<textarea name=\"_wpcf7_ak_hp_textarea\" cols=\"45\" rows=\"8\" maxlength=\"100\"><\/textarea><\/label><input type=\"hidden\" id=\"ak_js_1\" name=\"_wpcf7_ak_js\" value=\"43\"\/><script>document.getElementById( \"ak_js_1\" ).setAttribute( \"value\", ( new Date() ).getTime() );<\/script><\/p><div class=\"wpcf7-response-output\" aria-hidden=\"true\"><\/div>\n<\/form>\n<\/div>\n<\/div><\/div><\/div><\/section>","protected":false},"excerpt":{"rendered":"","protected":false},"author":2,"featured_media":0,"parent":0,"menu_order":0,"comment_status":"closed","ping_status":"closed","template":"","meta":{"_acf_changed":false,"footnotes":""},"class_list":["post-2408","page","type-page","status-publish","hentry"],"acf":[],"_links":{"self":[{"href":"https:\/\/cotexsl.com\/fr\/wp-json\/wp\/v2\/pages\/2408","targetHints":{"allow":["GET"]}}],"collection":[{"href":"https:\/\/cotexsl.com\/fr\/wp-json\/wp\/v2\/pages"}],"about":[{"href":"https:\/\/cotexsl.com\/fr\/wp-json\/wp\/v2\/types\/page"}],"author":[{"embeddable":true,"href":"https:\/\/cotexsl.com\/fr\/wp-json\/wp\/v2\/users\/2"}],"replies":[{"embeddable":true,"href":"https:\/\/cotexsl.com\/fr\/wp-json\/wp\/v2\/comments?post=2408"}],"version-history":[{"count":4,"href":"https:\/\/cotexsl.com\/fr\/wp-json\/wp\/v2\/pages\/2408\/revisions"}],"predecessor-version":[{"id":2453,"href":"https:\/\/cotexsl.com\/fr\/wp-json\/wp\/v2\/pages\/2408\/revisions\/2453"}],"wp:attachment":[{"href":"https:\/\/cotexsl.com\/fr\/wp-json\/wp\/v2\/media?parent=2408"}],"curies":[{"name":"wp","href":"https:\/\/api.w.org\/{rel}","templated":true}]}}