{"id":1421,"date":"2022-01-24T11:47:39","date_gmt":"2022-01-24T09:47:39","guid":{"rendered":"https:\/\/cotexsl.com\/home\/"},"modified":"2025-10-07T15:11:40","modified_gmt":"2025-10-07T13:11:40","slug":"home","status":"publish","type":"page","link":"https:\/\/cotexsl.com\/fr\/","title":{"rendered":"home"},"content":{"rendered":"<section id=\"section-2-44\" class=\" ct-section bg-secondary section-py-sm\" ><div class=\"ct-section-inner-wrap\"><div id=\"div_block-3-44\" class=\"ct-div-block w-full grid grid-cols-2 gap-8 items-center md-grid-cols-1 lg-grid-cols-1\" ><div id=\"div_block-4-44\" class=\"ct-div-block\" ><h1 id=\"headline-5-44\" class=\"ct-headline mb-6 color-primary cs-h1\"><div>Entreprise industrielle de confection textile\nImaginez en textile.... \nNOUS LE FAISONS REALIT\u00c9  \n&nbsp;&nbsp;<\/div><\/h1><a id=\"text_block-8-44\" class=\"ct-link-text color-paragraph mb-8 font-normal\" href=\"http:\/\/\"   >Gr\u00e2ce \u00e0 notre exp\u00e9rience prouv\u00e9e depuis plus de 35 ans sur le march\u00e9 et avec une grande capacit\u00e9 industrielle, nous pouvons offrir \u00e0 nos clients un service complet sur tout type de produits faisant appel \u00e0 une confection.&nbsp;<div>&nbsp;\u25cf Linge maison&nbsp;<\/div><div>&nbsp;\u25cf H\u00f4tellerie&nbsp;<\/div><div>&nbsp;\u25cf Tissus non Feu&nbsp;<\/div><div>&nbsp;\u25cf Compl\u00e9ments (pu\u00e9riculture, accessoires, d\u00e9coration ..)&nbsp;<\/div><div>&nbsp;\u25cf Rideaux&nbsp;<\/div><div>&nbsp;\u25cf Produits Techniques&nbsp;<\/div><div>&nbsp;\u25cf Autres (secteur sanitaire, g\u00e9riatrie, \u00e9v\u00e8nementiel.)&nbsp;<\/div><div>&nbsp;\u25cf Projets sur mesure\n\n<div>&nbsp;<\/div><\/div><\/a><a id=\"link_text-10-44\" class=\"ct-link-text btn-l btn-primary rounded-full uppercase font-medium tracking-wide md-py-6 sm-btn-txt\" href=\"#contact\" target=\"_self\"  >Sollicitez un devis<\/a><\/div><div id=\"div_block-315-44\" class=\"ct-div-block relative md-order-first md-mb-8 lg-order-first\" ><div id=\"div_block-321-44\" class=\"ct-div-block position-absolute z-99 h-full w-full centered\" ><div id=\"fancy_icon-322-44\" class=\"ct-fancy-icon color-primary\" ><svg id=\"svg-fancy_icon-322-44\"><use xlink:href=\"#FontAwesomeicon-play-circle\"><\/use><\/svg><\/div><\/div><div id=\"div_block-327-44\" class=\"ct-div-block\" ><div id=\"code_block-328-44\" class=\"ct-code-block my-auto\" ><video autoplay muted loop id=\"myVideo\" style=\"max-height: 100%;\">\n  <source src=\"https:\/\/confeccionsserraller.com\/wp-content\/uploads\/2022\/02\/serraller-top-vid-1.webm\" type=\"video\/mp4\">\n<\/video>\n<\/div><\/div><\/div><\/div>            <div tabindex=\"-1\" class=\"oxy-modal-backdrop  \"\n                style=\"background-color: #000000;\"\n                data-trigger=\"user_clicks_element\"                data-trigger-selector=\"#fancy_icon-322-44\"                data-trigger-time=\"5\"                data-trigger-time-unit=\"seconds\"                data-close-automatically=\"no\"                data-close-after-time=\"10\"                data-close-after-time-unit=\"seconds\"                data-trigger_scroll_amount=\"50\"                data-trigger_scroll_direction=\"down\"\t            data-scroll_to_selector=\"\"\t            data-time_inactive=\"60\"\t            data-time-inactive-unit=\"seconds\"\t            data-number_of_clicks=\"3\"\t            data-close_on_esc=\"on\"\t            data-number_of_page_views=\"3\"                data-close-after-form-submit=\"no\"                data-open-again=\"always_show\"                data-open-again-after-days=\"3\"            >\n\n                <div id=\"modal-319-44\" class=\"ct-modal\" ><div id=\"div_block-326-44\" class=\"ct-div-block \" ><div id=\"fancy_icon-324-44\" class=\"ct-fancy-icon ml-auto oxy-close-modal mb-10\" ><svg id=\"svg-fancy_icon-324-44\"><use xlink:href=\"#Lineariconsicon-cross\"><\/use><\/svg><\/div><div id=\"video-323-44\" class=\"ct-video\" >\n                <div class=\"oxygen-vsb-responsive-video-wrapper\"><iframe  src=\"https:\/\/www.youtube.com\/embed\/KoLj4CFXFW4\" frameborder=\"0\" webkitallowfullscreen mozallowfullscreen allowfullscreen><\/iframe><\/div>\n                <\/div><\/div><\/div>\n            <\/div>\n        <\/div><\/section>\n\n<section id=\"section-16-44\" class=\" ct-section \" ><div class=\"ct-section-inner-wrap\"><div id=\"div_block-17-44\" class=\"ct-div-block w-full centered\" ><h2 id=\"headline-18-44\" class=\"ct-headline mb-2 lg-w-full color-primary cs-h2 w-5by6\">Nous disposons de l\u2019exp\u00e9rience, la machinerie et l\u2019\u00e9quipe humaine n\u00e9cessaires pour r\u00e9aliser vos projets<br><\/h2><div id=\"text_block-19-44\" class=\"ct-text-block color-paragraph lg-w-full mb-20\" >Realizamos cualquier proyecto de confecci\u00f3n, adapt\u00e1ndonos a las necesidades de cada cliente.<\/div><\/div><div id=\"div_block-330-44\" class=\"ct-div-block w-full grid xl-grid-cols-3 md-grid-cols-1 gap-8 grid-cols-3\" ><div id=\"div_block-331-44\" class=\"ct-div-block items-center text-center bg-white card-snug shadow h-full\" ><div id=\"fancy_icon-332-44\" class=\"ct-fancy-icon mb-6\" ><svg id=\"svg-fancy_icon-332-44\"><use xlink:href=\"#FontAwesomeicon-cogs\"><\/use><\/svg><\/div><h3 id=\"headline-19-73\" class=\"ct-headline h3-sans color-primary mb-3\">Exp\u00e9rience <\/h3><div id=\"text_block-334-44\" class=\"ct-text-block color-paragraph\" >Plus de 35 ans dans le monde de la confection renforcent notre position comme une des entreprises de r\u00e9f\u00e9rence dans le secteur\n<\/div><\/div><div id=\"div_block-335-44\" class=\"ct-div-block items-center text-center bg-white card-snug shadow h-full\" ><div id=\"fancy_icon-336-44\" class=\"ct-fancy-icon mb-6\" ><svg id=\"svg-fancy_icon-336-44\"><use xlink:href=\"#csicon-swe\"><\/use><\/svg><\/div><h3 id=\"headline-22-73\" class=\"ct-headline h3-sans color-primary mb-3\">Machinerie, installations et services&nbsp;<\/h3><div id=\"text_block-338-44\" class=\"ct-text-block color-paragraph\" ><div>Servicio de almac\u00e9n&nbsp; y log\u00edstica.Coupe digitalis\u00e9e et manuelle, digitalisation des patrons, point arri\u00e8re, machines overlock, bourdon, surjeteuse, broderie, piqueuses de triple entra\u00eenement, machine de matelassage. \nService d\u2019entrep\u00f4t et Logistique.\n<\/div><\/div><\/div><div id=\"div_block-339-44\" class=\"ct-div-block items-center text-center bg-white card-snug shadow h-full\" ><div id=\"fancy_icon-340-44\" class=\"ct-fancy-icon mb-6\" ><svg id=\"svg-fancy_icon-340-44\"><use xlink:href=\"#FontAwesomeicon-group\"><\/use><\/svg><\/div><h3 id=\"headline-25-73\" class=\"ct-headline h3-sans color-primary mb-3\">Equipe humaine<\/h3><div id=\"text_block-342-44\" class=\"ct-text-block color-paragraph\" >&nbsp;Attention Client personnalis\u00e9e, conseils, prototypes, patronage, production et contr\u00f4le de qualit\u00e9.<\/div><\/div><\/div><\/div><\/section>\n\n<section id=\"section-120-44\" class=\" ct-section bg section-py-sm pt-24\" ><div class=\"ct-section-inner-wrap\"><div id=\"div_block-121-44\" class=\"ct-div-block w-full grid grid-cols-2 items-center md-grid-cols-1 row-gap-12 gap-16\" ><div id=\"div_block-122-44\" class=\"ct-div-block rounded-lg pt-12 pb-12 pl-12 relative\" ><img decoding=\"async\"  id=\"image-123-44\" alt=\"\" src=\"https:\/\/cotexsl.com\/wp-content\/uploads\/2022\/05\/120.png\" class=\"ct-image mt-auto ml-auto h-full w-full object-cover z-99 rounded-xl\"\/><div id=\"div_block-129-44\" class=\"ct-div-block bg-primary rounded-xl\" ><\/div><\/div><div id=\"div_block-124-44\" class=\"ct-div-block\" ><h2 id=\"headline-125-44\" class=\"ct-headline mb-4 color-primary font-semibold cs-h3\">H\u00f4tellerie &nbsp;<\/h2><div id=\"text_block-126-44\" class=\"ct-text-block color-paragraph mb-6 font-medium\" >Nous sommes sp\u00e9cialistes en confection textile de produits pour le secteur de l\u2019h\u00f4tellerie : nappes, housses de fauteuil, linge lit, linge salle de bain, d\u00e9coration, rideaux, tissus non feu et ext\u00e9rieur.&nbsp;<\/div><a id=\"link_text-127-44\" class=\"ct-link-text btn-m btn-primary rounded-full uppercase tracking-wide\" href=\"https:\/\/cotexsl.com\/hosteleria\/\"   >EN SAVOIR PLUS<\/a><\/div><\/div><\/div><\/section>\n\n<section id=\"section-241-44\" class=\" ct-section bg section-py-sm\" ><div class=\"ct-section-inner-wrap\"><div id=\"div_block-242-44\" class=\"ct-div-block w-full grid grid-cols-2 items-center md-grid-cols-1 row-gap-12 gap-16\" ><div id=\"div_block-246-44\" class=\"ct-div-block\" ><h2 id=\"headline-247-44\" class=\"ct-headline mb-4 color-primary cs-h3\">Linge Maison<\/h2><div id=\"text_block-248-44\" class=\"ct-text-block color-paragraph mb-6 font-medium\" >Nous faisons une grande vari\u00e9t\u00e9 de produits textiles pour la maison : lit, table, salle de bain, ext\u00e9rieur, d\u00e9coration et rideaux.\n<\/div><a id=\"link_text-316-44\" class=\"ct-link-text btn-m btn-primary rounded-full uppercase tracking-wide\" href=\"https:\/\/cotexsl.com\/hogar\/\"   >EN SAVOIR PLUS<\/a><\/div><div id=\"div_block-243-44\" class=\"ct-div-block rounded-lg pt-12 pb-12 pl-12 relative md-order-first\" ><img decoding=\"async\"  id=\"image-244-44\" alt=\"\" src=\"https:\/\/cotexsl.com\/wp-content\/uploads\/2022\/02\/mantel-vainica-scaled.jpg\" class=\"ct-image mt-auto ml-auto h-full w-full object-cover z-99 rounded-xl\"\/><div id=\"div_block-245-44\" class=\"ct-div-block bg-primary rounded-xl\" ><\/div><\/div><\/div><\/div><\/section>\n\n<section id=\"section-120-44\" class=\" ct-section bg section-py-sm pt-24\" ><div class=\"ct-section-inner-wrap\"><div id=\"div_block-121-44\" class=\"ct-div-block w-full grid grid-cols-2 items-center md-grid-cols-1 row-gap-12 gap-16\" ><div id=\"div_block-122-44\" class=\"ct-div-block rounded-lg pt-12 pb-12 pl-12 relative\" ><img decoding=\"async\"  id=\"image-123-44\" alt=\"\" src=\"https:\/\/cotexsl.com\/wp-content\/uploads\/2022\/05\/porta-entrepa.jpg\" class=\"ct-image mt-auto ml-auto h-full w-full object-cover z-99 rounded-xl\"\/><div id=\"div_block-129-44\" class=\"ct-div-block bg-primary rounded-xl\" ><\/div><\/div><div id=\"div_block-124-44\" class=\"ct-div-block\" ><h2 id=\"headline-125-44\" class=\"ct-headline mb-4 color-primary font-semibold cs-h3\"><div>Compl\u00e9ments &nbsp;<\/div><div><br><\/div><div><br><\/div><\/h2><div id=\"text_block-126-44\" class=\"ct-text-block color-paragraph mb-6 font-medium\" ><div>Vous avez une marque propre et vous souhaitez personnaliser votre produit\nSacs \u00e0 dos, sacs, n\u00e9cessaires, \u00e9tui snacks, \u00e9tui sandwich, sac repas et un large catalogue de produits\n<\/div><\/div><a id=\"link_text-127-44\" class=\"ct-link-text btn-m btn-primary rounded-full uppercase tracking-wide\" href=\"https:\/\/cotexsl.com\/complementos\/\"   >EN SAVOIR PLUS<\/a><\/div><\/div><\/div><\/section>\n\n<section id=\"section-241-44\" class=\" ct-section bg section-py-sm\" ><div class=\"ct-section-inner-wrap\"><div id=\"div_block-242-44\" class=\"ct-div-block w-full grid grid-cols-2 items-center md-grid-cols-1 row-gap-12 gap-16\" ><div id=\"div_block-246-44\" class=\"ct-div-block\" ><h2 id=\"headline-247-44\" class=\"ct-headline mb-4 color-primary cs-h3\">Autres secteurs&nbsp;<\/h2><div id=\"text_block-248-44\" class=\"ct-text-block color-paragraph mb-6 font-medium\" >Autres secteurs \nAccessoires divers utilis\u00e9s dans les h\u00f4pitaux, r\u00e9sidences, centres d\u00b4esth\u00e9tique, cliniques, pompes fun\u00e8bres, \u00e9v\u00e8nements ainsi que tout autre type de produit de confection. \nMais aussi des produits techniques , qui , par leur complexit\u00e9, demandent une machinerie et un personnel hautement qualifi\u00e9.<\/div><a id=\"link_text-316-44\" class=\"ct-link-text btn-m btn-primary rounded-full uppercase tracking-wide\" href=\"https:\/\/cotexsl.com\/sanitario\/\"   >EN SAVOIR PLUS<\/a><\/div><div id=\"div_block-243-44\" class=\"ct-div-block rounded-lg pt-12 pb-12 pl-12 relative md-order-first\" ><img decoding=\"async\"  id=\"image-244-44\" alt=\"\" src=\"https:\/\/cotexsl.com\/wp-content\/uploads\/2022\/05\/112.png\" class=\"ct-image mt-auto ml-auto h-full w-full object-cover z-99 rounded-xl\"\/><div id=\"div_block-245-44\" class=\"ct-div-block bg-primary rounded-xl\" ><\/div><\/div><\/div><\/div><\/section>\n\n<section id=\"section-120-44\" class=\" ct-section bg section-py-sm pt-24\" ><div class=\"ct-section-inner-wrap\"><div id=\"div_block-121-44\" class=\"ct-div-block w-full grid grid-cols-2 items-center md-grid-cols-1 row-gap-12 gap-16\" ><div id=\"div_block-122-44\" class=\"ct-div-block rounded-lg pt-12 pb-12 pl-12 relative\" ><img decoding=\"async\"  id=\"image-123-44\" alt=\"\" src=\"https:\/\/cotexsl.com\/wp-content\/uploads\/2022\/05\/22.png\" class=\"ct-image mt-auto ml-auto h-full w-full object-cover z-99 rounded-xl\"\/><div id=\"div_block-129-44\" class=\"ct-div-block bg-primary rounded-xl\" ><\/div><\/div><div id=\"div_block-124-44\" class=\"ct-div-block\" ><h2 id=\"headline-125-44\" class=\"ct-headline mb-4 color-primary font-semibold cs-h3\"><div>Projets sur mesure&nbsp;<\/div><div>Vous avez une id\u00e9e??&nbsp;<\/div><div>Nous vous aidons!!   \n&nbsp; &nbsp;<\/div><\/h2><div id=\"text_block-126-44\" class=\"ct-text-block color-paragraph mb-6 font-medium\" >Vous avez une id\u00e9e ou un projet, faites-nous en part et nous vous aiderons durant tout le processus, la recherche de mati\u00e8res premi\u00e8res (fournitures, tissus, \u00e9tiquettes de marque, etc.) &nbsp;<\/div><a id=\"link_text-127-44\" class=\"ct-link-text btn-m btn-primary rounded-full uppercase tracking-wide\" href=\"https:\/\/cotexsl.com\/proyectos-a-medida\/\"   >EN SAVOIR PLUS<\/a><\/div><\/div><\/div><\/section>\n\n<section id=\"section-175-11\" class=\" ct-section section-py-sm\" ><div class=\"ct-section-inner-wrap\"><div id=\"code_block-183-11\" class=\"ct-code-block\" ><\/div><div id=\"div_block-176-11\" class=\"ct-div-block py-20 px-12 sm-px-4\" ><h3 id=\"headline-177-11\" class=\"ct-headline mx-auto mb-6 color-primary text-center\">Sollicitez un devis<\/h3><div id=\"text_block-178-11\" class=\"ct-text-block mx-auto text-center mb-10\" >Parlons-en ! Remplissez le formulaire et nous vous contacterons le plus vite possible<br><\/div><div id=\"div_block-188-11\" class=\"ct-div-block mb-12 mx-auto w-full horizontal justify-between flex-wrap\" ><a id=\"div_block-189-11\" class=\"ct-link horizontal mr-12 fit-content mb-8 md-w-full md-mr-0 md-vertical\" href=\"tel:+34938387469\"   ><div id=\"fancy_icon-190-11\" class=\"ct-fancy-icon mr-4 sc-ic-contacto\" ><svg id=\"svg-fancy_icon-190-11\"><use xlink:href=\"#csicon-phone\"><\/use><\/svg><\/div><div id=\"div_block-191-11\" class=\"ct-div-block md-centered\" ><div id=\"text_block-192-11\" class=\"ct-text-block font-bold color-primary\" >Ll\u00e1manos<\/div><div id=\"text_block-33-56\" class=\"ct-text-block color-paragraph-alt\" >(+34) 93 838 74 69<\/div><\/div><\/a><a id=\"contact\" class=\"ct-link horizontal items-end fit-content mb-8 lg-justify-start\" href=\"mailto:comercial@cotexsl.com\"   ><div id=\"fancy_icon-201-11\" class=\"ct-fancy-icon mr-4 sc-ic-contacto\" ><svg id=\"svg-fancy_icon-201-11\"><use xlink:href=\"#csicon-Email\"><\/use><\/svg><\/div><div id=\"div_block-202-11\" class=\"ct-div-block md-centered\" ><div id=\"text_block-203-11\" class=\"ct-text-block font-bold color-primary\" >Email<\/div><div id=\"text_block-29-56\" class=\"ct-text-block color-paragraph-alt sm-word-break-all\" >comercial@cotexsl.com<\/div><\/div><\/a><\/div><div id=\"formulario\" class=\"ct-shortcode mx-auto w-3by4 lg-w-full\" >\n<div class=\"wpcf7 no-js\" id=\"wpcf7-f41-o1\" lang=\"es-ES\" dir=\"ltr\" data-wpcf7-id=\"41\">\n<div class=\"screen-reader-response\"><p role=\"status\" aria-live=\"polite\" aria-atomic=\"true\"><\/p> <ul><\/ul><\/div>\n<form action=\"\/fr\/wp-json\/wp\/v2\/pages\/1421#wpcf7-f41-o1\" method=\"post\" class=\"wpcf7-form init\" aria-label=\"Formulario de contacto\" novalidate=\"novalidate\" data-status=\"init\">\n<fieldset class=\"hidden-fields-container\"><input type=\"hidden\" name=\"_wpcf7\" value=\"41\" \/><input type=\"hidden\" name=\"_wpcf7_version\" value=\"6.1.5\" \/><input type=\"hidden\" name=\"_wpcf7_locale\" value=\"es_ES\" \/><input type=\"hidden\" name=\"_wpcf7_unit_tag\" value=\"wpcf7-f41-o1\" \/><input type=\"hidden\" name=\"_wpcf7_container_post\" value=\"0\" \/><input type=\"hidden\" name=\"_wpcf7_posted_data_hash\" value=\"\" \/><input type=\"hidden\" name=\"_wpcf7_recaptcha_response\" value=\"\" \/>\n<\/fieldset>\n<div class=\"w-full grid grid-cols-2 gap-8 md-grid-cols-1 grid\">\n\t<div>\n\t\t<p><label> Nombre<span class=\"wpcf7-form-control-wrap\" data-name=\"nombre\"><input size=\"40\" maxlength=\"400\" class=\"wpcf7-form-control wpcf7-text wpcf7-validates-as-required\" aria-required=\"true\" aria-invalid=\"false\" value=\"\" type=\"text\" name=\"nombre\" \/><\/span> <\/label>\n\t\t<\/p>\n\t<\/div>\n\t<div>\n\t\t<p><label> Apellido <span class=\"wpcf7-form-control-wrap\" data-name=\"apellido\"><input size=\"40\" maxlength=\"400\" class=\"wpcf7-form-control wpcf7-text wpcf7-validates-as-required\" aria-required=\"true\" aria-invalid=\"false\" value=\"\" type=\"text\" name=\"apellido\" \/><\/span> <\/label>\n\t\t<\/p>\n\t<\/div>\n<\/div>\n<p><label> *Correo electr\u00f3nico<br \/>\n<span class=\"wpcf7-form-control-wrap\" data-name=\"email\"><input size=\"40\" maxlength=\"400\" class=\"wpcf7-form-control wpcf7-email wpcf7-validates-as-required wpcf7-text wpcf7-validates-as-email\" aria-required=\"true\" aria-invalid=\"false\" value=\"\" type=\"email\" name=\"email\" \/><\/span> <\/label>\n<\/p>\n<p><label> Empresa<br \/>\n<span class=\"wpcf7-form-control-wrap\" data-name=\"empresa\"><input size=\"40\" maxlength=\"400\" class=\"wpcf7-form-control wpcf7-text wpcf7-validates-as-required\" aria-required=\"true\" aria-invalid=\"false\" value=\"\" type=\"text\" name=\"empresa\" \/><\/span> <\/label>\n<\/p>\n<p><label> Asunto<br \/>\n<span class=\"wpcf7-form-control-wrap\" data-name=\"asunto\"><input size=\"40\" maxlength=\"400\" class=\"wpcf7-form-control wpcf7-text wpcf7-validates-as-required\" aria-required=\"true\" aria-invalid=\"false\" value=\"\" type=\"text\" name=\"asunto\" \/><\/span> <\/label>\n<\/p>\n<p><label> *Mensaje<br \/>\n<span class=\"wpcf7-form-control-wrap\" data-name=\"mensaje\"><textarea cols=\"40\" rows=\"10\" maxlength=\"2000\" class=\"wpcf7-form-control wpcf7-textarea wpcf7-validates-as-required\" aria-required=\"true\" aria-invalid=\"false\" name=\"mensaje\"><\/textarea><\/span> <\/label>\n<\/p>\n<p>COTEX AVINY\u00d3, S.L. se compromete a proteger y respetar tu privacidad, y solo usaremos tu informaci\u00f3n personal para gestionar la solicitud.\n<\/p>\n<p><span class=\"wpcf7-form-control-wrap\" data-name=\"acceptance-293\"><span class=\"wpcf7-form-control wpcf7-acceptance optional\"><span class=\"wpcf7-list-item\"><label><input type=\"checkbox\" name=\"acceptance-293\" value=\"1\" aria-invalid=\"false\" \/><span class=\"wpcf7-list-item-label\">Acepto recibir otras comunicaciones de COTEX AVINY\u00d3, S.L.<\/span><\/label><\/span><\/span><\/span>\n<\/p>\n<p><span class=\"wpcf7-form-control-wrap\" data-name=\"acceptance-295\"><span class=\"wpcf7-form-control wpcf7-acceptance\"><span class=\"wpcf7-list-item\"><label><input type=\"checkbox\" name=\"acceptance-295\" value=\"1\" aria-invalid=\"false\" \/><span class=\"wpcf7-list-item-label\">Consiento el tratamiento de mis datos personales para esta finalidad: <a href=\"\/aviso-legal\">Aviso legal<\/a> y <a href=\"\/politica-privacidad\">Pol\u00edtica de privacidad<\/a><\/span><\/label><\/span><\/span><\/span>\n<\/p>\n<p><input class=\"wpcf7-form-control wpcf7-submit has-spinner btn-m btn-primary rounded-full border-none ml-auto uppercase tracking-wide font-semibold\" type=\"submit\" value=\"Contactanos\" \/>\n<\/p><p style=\"display: none !important;\" class=\"akismet-fields-container\" data-prefix=\"_wpcf7_ak_\"><label>&#916;<textarea name=\"_wpcf7_ak_hp_textarea\" cols=\"45\" rows=\"8\" maxlength=\"100\"><\/textarea><\/label><input type=\"hidden\" id=\"ak_js_1\" name=\"_wpcf7_ak_js\" value=\"106\"\/><script>document.getElementById( \"ak_js_1\" ).setAttribute( \"value\", ( new Date() ).getTime() );<\/script><\/p><div class=\"wpcf7-response-output\" aria-hidden=\"true\"><\/div>\n<\/form>\n<\/div>\n<\/div><\/div><\/div><\/section>\n\n\n<p><\/p>\n","protected":false},"excerpt":{"rendered":"","protected":false},"author":2,"featured_media":0,"parent":0,"menu_order":0,"comment_status":"closed","ping_status":"closed","template":"","meta":{"_acf_changed":false,"footnotes":""},"class_list":["post-1421","page","type-page","status-publish","hentry"],"acf":[],"_links":{"self":[{"href":"https:\/\/cotexsl.com\/fr\/wp-json\/wp\/v2\/pages\/1421","targetHints":{"allow":["GET"]}}],"collection":[{"href":"https:\/\/cotexsl.com\/fr\/wp-json\/wp\/v2\/pages"}],"about":[{"href":"https:\/\/cotexsl.com\/fr\/wp-json\/wp\/v2\/types\/page"}],"author":[{"embeddable":true,"href":"https:\/\/cotexsl.com\/fr\/wp-json\/wp\/v2\/users\/2"}],"replies":[{"embeddable":true,"href":"https:\/\/cotexsl.com\/fr\/wp-json\/wp\/v2\/comments?post=1421"}],"version-history":[{"count":46,"href":"https:\/\/cotexsl.com\/fr\/wp-json\/wp\/v2\/pages\/1421\/revisions"}],"predecessor-version":[{"id":2794,"href":"https:\/\/cotexsl.com\/fr\/wp-json\/wp\/v2\/pages\/1421\/revisions\/2794"}],"wp:attachment":[{"href":"https:\/\/cotexsl.com\/fr\/wp-json\/wp\/v2\/media?parent=1421"}],"curies":[{"name":"wp","href":"https:\/\/api.w.org\/{rel}","templated":true}]}}