{"id":809,"date":"2022-01-06T12:00:52","date_gmt":"2022-01-06T10:00:52","guid":{"rendered":"https:\/\/cotexsl.com\/?page_id=809"},"modified":"2022-05-06T12:56:26","modified_gmt":"2022-05-06T12:56:26","slug":"contactans","status":"publish","type":"page","link":"https:\/\/cotexsl.com\/ca\/contactans\/","title":{"rendered":"Contacta'ns"},"content":{"rendered":"<section id=\"section-2-23\" class=\" ct-section bg-secondary centered section-py-sm\" ><div class=\"ct-section-inner-wrap\"><h1 id=\"headline-3-23\" class=\"ct-headline color-primary cs-h1\">Contacta'ns<\/h1><\/div><\/section>\n\n<section id=\"section-5-23\" class=\" ct-section centered section-pt-sm\" ><div class=\"ct-section-inner-wrap\"><div id=\"code_block-112-23\" class=\"ct-code-block\" ><\/div><div id=\"div_block-73-23\" class=\"ct-div-block grid-cols-2 grid lg-grid-cols-1 w-full gap-16 xl-gap-12\" ><div id=\"div_block-74-23\" class=\"ct-div-block w-full\" ><img decoding=\"async\"  id=\"image-76-23\" alt=\"\" src=\"https:\/\/cotexsl.com\/wp-content\/uploads\/2022\/01\/Rectangle-820.png\" class=\"ct-image mb-8 w-full\"\/><a id=\"div_block-118-23\" class=\"ct-link mb-8\" href=\"tel:+34938387469\"   ><div id=\"div_block-77-23\" class=\"ct-div-block flex flex-row w-full\" ><div id=\"fancy_icon-78-23\" class=\"ct-fancy-icon mr-6 sc-ic-contacto\" ><svg id=\"svg-fancy_icon-78-23\"><use xlink:href=\"#csicon-phone\"><\/use><\/svg><\/div><div id=\"div_block-79-23\" class=\"ct-div-block\" ><div id=\"text_block-80-23\" class=\"ct-text-block font-bold color-primary\" >Truca'ns<\/div><div id=\"text_block-82-23\" class=\"ct-text-block\" >(+34) 93 838 74 69<\/div><\/div><\/div><\/a><a id=\"div_block-121-23\" class=\"ct-link mb-8\" href=\"mailto:comercial@cotexsl.com\"   ><div id=\"div_block-89-23\" class=\"ct-div-block flex flex-row w-full\" ><div id=\"fancy_icon-90-23\" class=\"ct-fancy-icon mr-6 sc-ic-contacto\" ><svg id=\"svg-fancy_icon-90-23\"><use xlink:href=\"#csicon-Email\"><\/use><\/svg><\/div><div id=\"div_block-91-23\" class=\"ct-div-block\" ><div id=\"text_block-92-23\" class=\"ct-text-block font-bold color-primary\" >Email<\/div><div id=\"text_block-93-23\" class=\"ct-text-block\" >comercial@cotexsl.com<\/div><\/div><\/div><\/a><div id=\"div_block-94-23\" class=\"ct-div-block flex flex-row w-full\" ><div id=\"fancy_icon-95-23\" class=\"ct-fancy-icon mr-6 sc-ic-contacto\" ><svg id=\"svg-fancy_icon-95-23\"><use xlink:href=\"#csicon-Map-Location\"><\/use><\/svg><\/div><div id=\"div_block-96-23\" class=\"ct-div-block\" ><div id=\"text_block-97-23\" class=\"ct-text-block font-bold color-primary\" >Adre\u00e7a<\/div><div id=\"text_block-98-23\" class=\"ct-text-block text-left\" >Pj Pje.serraller 0  08279  - (Avinyo) - Barcelona<\/div><\/div><\/div><\/div><div id=\"div_block-75-23\" class=\"ct-div-block w-full mb-0\" ><h2 id=\"headline-105-23\" class=\"ct-headline color-primary font-text mb-2 cs-h3\">Poseu-vos en contacte amb nosaltres<\/h2><div id=\"text_block-107-23\" class=\"ct-text-block color-primary mb-4 font-medium font-text text-xl\" >Envia'ns un missatge per aclarir dubtes o sol\u00b7licitar cotitzacions<\/div><div id=\"shortcode-111-23\" class=\"ct-shortcode w-full color-primary font-text mb-0\" >\n<div class=\"wpcf7 no-js\" id=\"wpcf7-f820-o1\" lang=\"ca\" dir=\"ltr\" data-wpcf7-id=\"820\">\n<div class=\"screen-reader-response\"><p role=\"status\" aria-live=\"polite\" aria-atomic=\"true\"><\/p> <ul><\/ul><\/div>\n<form action=\"\/ca\/wp-json\/wp\/v2\/pages\/809#wpcf7-f820-o1\" method=\"post\" class=\"wpcf7-form init\" aria-label=\"Formulari de contacte\" novalidate=\"novalidate\" data-status=\"init\">\n<fieldset class=\"hidden-fields-container\"><input type=\"hidden\" name=\"_wpcf7\" value=\"820\" \/><input type=\"hidden\" name=\"_wpcf7_version\" value=\"6.1.5\" \/><input type=\"hidden\" name=\"_wpcf7_locale\" value=\"ca\" \/><input type=\"hidden\" name=\"_wpcf7_unit_tag\" value=\"wpcf7-f820-o1\" \/><input type=\"hidden\" name=\"_wpcf7_container_post\" value=\"0\" \/><input type=\"hidden\" name=\"_wpcf7_posted_data_hash\" value=\"\" \/><input type=\"hidden\" name=\"_wpcf7_recaptcha_response\" value=\"\" \/>\n<\/fieldset>\n<p><label> Nom<br \/>\n<span class=\"wpcf7-form-control-wrap\" data-name=\"nombre\"><input size=\"40\" maxlength=\"400\" class=\"wpcf7-form-control wpcf7-text wpcf7-validates-as-required rounded w-full border-color text-xl\" aria-required=\"true\" aria-invalid=\"false\" value=\"\" type=\"text\" name=\"nombre\" \/><\/span> <\/label>\n<\/p>\n<p><label> *Correu electr\u00f2nic<br \/>\n<span class=\"wpcf7-form-control-wrap\" data-name=\"email\"><input size=\"40\" maxlength=\"400\" class=\"wpcf7-form-control wpcf7-email wpcf7-validates-as-required wpcf7-text wpcf7-validates-as-email rounded w-full border-color text-xl\" aria-required=\"true\" aria-invalid=\"false\" value=\"\" type=\"email\" name=\"email\" \/><\/span> <\/label>\n<\/p>\n<p><label> Empresa<br \/>\n<span class=\"wpcf7-form-control-wrap\" data-name=\"empresa\"><input size=\"40\" maxlength=\"400\" class=\"wpcf7-form-control wpcf7-text wpcf7-validates-as-required rounded w-full border-color text-xl\" aria-required=\"true\" aria-invalid=\"false\" value=\"\" type=\"text\" name=\"empresa\" \/><\/span> <\/label>\n<\/p>\n<p><label> Assumpte<br \/>\n<span class=\"wpcf7-form-control-wrap\" data-name=\"asunto\"><input size=\"40\" maxlength=\"400\" class=\"wpcf7-form-control wpcf7-text wpcf7-validates-as-required rounded w-full border-color text-xl\" aria-required=\"true\" aria-invalid=\"false\" value=\"\" type=\"text\" name=\"asunto\" \/><\/span> <\/label>\n<\/p>\n<p><label> *Missatge<br \/>\n<span class=\"wpcf7-form-control-wrap\" data-name=\"mensaje\"><textarea cols=\"40\" rows=\"10\" maxlength=\"2000\" class=\"wpcf7-form-control wpcf7-textarea wpcf7-validates-as-required rounded w-full border-color\" aria-required=\"true\" aria-invalid=\"false\" name=\"mensaje\"><\/textarea><\/span> <\/label>\n<\/p>\n<p>COTEX AVINY\u00d3, S.L. es compromet a protegir i respectar la teva privadesa, i nom\u00e9s farem servir la teva informaci\u00f3 personal per gestionar la sol\u00b7licitud.\n<\/p>\n<p><span class=\"wpcf7-form-control-wrap\" data-name=\"acceptance-293\"><span class=\"wpcf7-form-control wpcf7-acceptance optional\"><span class=\"wpcf7-list-item\"><label><input type=\"checkbox\" name=\"acceptance-293\" value=\"1\" aria-invalid=\"false\" \/><span class=\"wpcf7-list-item-label\">Accepto rebre altres comunicacions de COTEX AVINY\u00d3, S.L.<\/span><\/label><\/span><\/span><\/span>\n<\/p>\n<p><span class=\"wpcf7-form-control-wrap\" data-name=\"acceptance-295\"><span class=\"wpcf7-form-control wpcf7-acceptance\"><span class=\"wpcf7-list-item\"><label><input type=\"checkbox\" name=\"acceptance-295\" value=\"1\" aria-invalid=\"false\" \/><span class=\"wpcf7-list-item-label\">Consenteixo el tractament de les meves dades personals per a aquesta finalitat:  <a href=\"\/ca\/avis-legal\">Avis legal<\/a> i <a href=\"\/ca\/politica-de-privadesa\">Pol\u00edtica de privacitat<\/a><\/span><\/label><\/span><\/span><\/span>\n<\/p>\n<p><input class=\"wpcf7-form-control wpcf7-submit has-spinner btn-m btn-primary rounded-full border-none ml-auto\" type=\"submit\" value=\"Contactanos\" \/>\n<\/p><p style=\"display: none !important;\" class=\"akismet-fields-container\" data-prefix=\"_wpcf7_ak_\"><label>&#916;<textarea name=\"_wpcf7_ak_hp_textarea\" cols=\"45\" rows=\"8\" maxlength=\"100\"><\/textarea><\/label><input type=\"hidden\" id=\"ak_js_1\" name=\"_wpcf7_ak_js\" value=\"76\"\/><script>document.getElementById( \"ak_js_1\" ).setAttribute( \"value\", ( new Date() ).getTime() );<\/script><\/p><div class=\"wpcf7-response-output\" aria-hidden=\"true\"><\/div>\n<\/form>\n<\/div>\n<\/div><\/div><\/div><\/div><\/section>\n\n<section id=\"section-114-23\" class=\" ct-section section-py-0\" ><div class=\"ct-section-inner-wrap\"><div id=\"_map-115-23\" class=\"oxy-map\" ><iframe src='https:\/\/www.google.com\/maps\/embed\/v1\/place?key=AIzaSyBkIla38OooRbQNymhv_fffLUmOmZS0Lh0&q=Pj+Pje.serraller+0++08279++-+%28Avinyo%29+-+Barcelona&zoom=17' frameborder=0><\/iframe><\/div><\/div><\/section>","protected":false},"excerpt":{"rendered":"","protected":false},"author":2,"featured_media":0,"parent":0,"menu_order":0,"comment_status":"closed","ping_status":"closed","template":"","meta":{"_acf_changed":false,"footnotes":""},"class_list":["post-809","page","type-page","status-publish","hentry"],"acf":[],"_links":{"self":[{"href":"https:\/\/cotexsl.com\/ca\/wp-json\/wp\/v2\/pages\/809","targetHints":{"allow":["GET"]}}],"collection":[{"href":"https:\/\/cotexsl.com\/ca\/wp-json\/wp\/v2\/pages"}],"about":[{"href":"https:\/\/cotexsl.com\/ca\/wp-json\/wp\/v2\/types\/page"}],"author":[{"embeddable":true,"href":"https:\/\/cotexsl.com\/ca\/wp-json\/wp\/v2\/users\/2"}],"replies":[{"embeddable":true,"href":"https:\/\/cotexsl.com\/ca\/wp-json\/wp\/v2\/comments?post=809"}],"version-history":[{"count":2,"href":"https:\/\/cotexsl.com\/ca\/wp-json\/wp\/v2\/pages\/809\/revisions"}],"predecessor-version":[{"id":817,"href":"https:\/\/cotexsl.com\/ca\/wp-json\/wp\/v2\/pages\/809\/revisions\/817"}],"wp:attachment":[{"href":"https:\/\/cotexsl.com\/ca\/wp-json\/wp\/v2\/media?parent=809"}],"curies":[{"name":"wp","href":"https:\/\/api.w.org\/{rel}","templated":true}]}}