{"id":803,"date":"2022-02-02T11:49:32","date_gmt":"2022-02-02T11:49:32","guid":{"rendered":"https:\/\/cotexsl.com\/?page_id=803"},"modified":"2025-10-06T11:02:13","modified_gmt":"2025-10-06T11:02:13","slug":"avis-legal","status":"publish","type":"page","link":"https:\/\/cotexsl.com\/ca\/avis-legal\/","title":{"rendered":"Av\u00eds Legal"},"content":{"rendered":"\n<p><strong>1. OBJECTE<\/strong><\/p>\n\n\n\n<ol class=\"wp-block-list\"><\/ol>\n\n\n\n<p>El present av\u00eds legal regula l'\u00fas i la utilitzaci\u00f3 del lloc web <a href=\"http:\/\/www.cotexsl.\">www.cotexsl.<\/a>com del qual \u00e9s titular <strong>COTEX AVINY\u00d3, S.L.<\/strong>, en endavant (COTEX AVINY\u00d3)<\/p>\n\n\n\n<p>La navegaci\u00f3 pel lloc web de COTEX AVINY\u00d3 atribueix la condici\u00f3 d'usuari del mateix i implica l'acceptaci\u00f3 plena i sense reserves de totes i cadascuna de les disposicions incloses en aquest Av\u00eds Legal, que poden patir modificacions sense av\u00eds previ de COTEX AVINY\u00d3 cas en el que es procedir\u00e0 a la seva publicaci\u00f3 i avis el mes aviat possible.<\/p>\n\n\n\n<p>Es recomanable llegir detingudament el seu contingut en cas de voler accedir i fes us de la informaci\u00f3 i dels serveis oferts en aquesta web.<\/p>\n\n\n\n<p>L'usuari s'obliga a fer un \u00fas correcte del lloc web de conformitat amb les lleis, la bona fe, l'ordre p\u00fablic, els usos del tr\u00e0fic i el present Av\u00eds Legal. L'usuari respondr\u00e0 davant al COTEX AVINY\u00d3 o davant de tercers, de qualssevol dany i\/o perjudici que poguessin causar com a conseq\u00fc\u00e8ncia de l'incompliment d'aquesta obligaci\u00f3.<\/p>\n\n\n\n<p>Qualsevol utilitzaci\u00f3 diferent a l\u2019autoritzada queda expressament prohibida, pel qual COTEX AVINY\u00d3 es reserva el dret de denegar o retirar l\u2019acc\u00e9s i el seu us en qualsevol moment.<\/p>\n\n\n\n<p><strong>2. IDENTIFICACI\u00d3<\/strong><\/p>\n\n\n\n<p>COTEX AVINY\u00d3 en compliment de la Llei 34\/2002, de 11 de juliol, de serveis de la societat de la informaci\u00f3 i de comer\u00e7 electr\u00f2nic, l'informa del seg\u00fcent:<\/p>\n\n\n\n<ul class=\"wp-block-list\">\n<li>La seva denominaci\u00f3 social \u00e9s: COTEX AVINY\u00d3, S.L.<\/li>\n\n\n\n<li>B21615562<\/li>\n\n\n\n<li>El seu domicili social es a: Ronda Lluis Companys, n.\u00ba 55, 08510 Ronda de Ter -Barcelona<\/li>\n\n\n\n<li>Registre Mercantil de Barcelona S 8, H B 631419, I\/A 1<\/li>\n<\/ul>\n\n\n\n<p><strong>3. COMUNICACIONS<\/strong><\/p>\n\n\n\n<p>Para comunicar-se amb nosaltres, posem a la seva disposici\u00f3 diferents mitjans de contacte que li detallem a continuaci\u00f3:<\/p>\n\n\n\n<ul class=\"wp-block-list\">\n<li>Tel\u00e8fon: 938387469<\/li>\n\n\n\n<li>Email: <a href=\"mailto:adm@cotexsl.com\">adm@cotexsl.com<\/a><\/li>\n<\/ul>\n\n\n\n<p>Totes les notificacions i comunicacions entre els usuaris i COTEX AVINY\u00d3 es consideraran efica\u00e7os, a tots els efectes, quan es realitzin a trav\u00e9s de correu postal o qualsevol altre mitj\u00e0 dels detallats anteriorment.<\/p>\n\n\n\n<p><strong>4. CONDICIONS D\u2019ACC\u00c9S I UTILITZACI\u00d3<\/strong><\/p>\n\n\n\n<p>El lloc web i els seus serveis s\u00f3n d'acc\u00e9s lliure i gratu\u00eft, no obstant aix\u00f2, COTEX AVINY\u00d3 condiciona la utilitzaci\u00f3 d'alguns dels serveis oferts a la seva web al previ emplenament del corresponent formulari.<\/p>\n\n\n\n<p>L'usuari garanteix l'autenticitat i actualitat de totes aquelles dades que comuniqui a COTEX AVINY\u00d3 i ser\u00e0 l'\u00fanic responsable de les manifestacions falses o inexactes que realitzi.<\/p>\n\n\n\n<p>L'usuari es compromet expressament a fer un \u00fas adequat dels continguts i serveis de COTEX AVINY\u00d3 i a no fer-los servir per, entre d'altres:<\/p>\n\n\n\n<ol style=\"list-style-type:lower-alpha\" class=\"wp-block-list\">\n<li>Difondre continguts, delictius, violents, pornogr\u00e0fics, racistes, xen\u00f2fobs, ofensius, d'apologia del terrorisme o, en general, contraris a la llei o a l'ordre p\u00fablic.<\/li>\n\n\n\n<li>Introduir en la xarxa virus inform\u00e0tics o realitzar actuacions susceptibles d'alterar, malmetre, interrompre o generar errors o danys en els documents electr\u00f2nics, dades o sistemes f\u00edsics i l\u00f2gics de COTEX AVINY\u00d3 o de terceres persones, aix\u00ed com obstaculitzar l'acc\u00e9s d'altres usuaris al lloc web i als seus serveis mitjan\u00e7ant el consum massiu dels recursos inform\u00e0tics a trav\u00e9s dels quals COTEX AVINY\u00d3 presta els seus serveis.<\/li>\n\n\n\n<li>Intentar accedir als comptes de correu electr\u00f2nic d'altres usuaris o a \u00e0rees restringides dels sistemes inform\u00e0tics de COTEX AVINY\u00d3 o de tercers i, en cas de fer-ho, extreure informaci\u00f3.<\/li>\n\n\n\n<li>Vulnerar els drets de propietat intel\u00b7lectual o industrial, aix\u00ed com violar la confidencialitat de la informaci\u00f3 de COTEX AVINY\u00d3 o de tercers.<\/li>\n\n\n\n<li>Suplantar la identitat de qualsevol altre usuari o de les administracions p\u00fabliques.<\/li>\n\n\n\n<li>Reproduir, copiar, distribuir, posar a disposici\u00f3 o de qualsevol altra forma comunicar p\u00fablicament, transformar o modificar els continguts, llevat que es compti amb l'autoritzaci\u00f3 del titular dels corresponents drets o aix\u00f2 resulti legalment perm\u00e8s.<\/li>\n\n\n\n<li>Recollir dades amb finalitat publicit\u00e0ria i de remetre publicitat de qualsevol classe i comunicacions amb finalitats de venda o altres de naturalesa comercial sense sol\u00b7licitud pr\u00e8via o sense consentiment.<\/li>\n<\/ol>\n\n\n\n<p>Tots els continguts del lloc web, com ara textos, fotografies, gr\u00e0fics, imatges, icones, tecnologia, programari, aix\u00ed com el seu disseny gr\u00e0fic i codis font, constitueixen una obra de la qual la propietat pertany a COTEX AVINY\u00d3, sense que puguin entendre cedits a l' usuari cap dels drets d'explotaci\u00f3 sobre els mateixos m\u00e9s enll\u00e0 de l'estrictament necessari per al correcte \u00fas del web.<\/p>\n\n\n\n<p>En definitiva, els usuaris que accedeixin a aquest lloc web poden visualitzar els continguts i efectuar, si escau, c\u00f2pies privades autoritzades sempre que els elements reprodu\u00efts no siguin cedits posteriorment a tercers, ni s\u2019instal\u00b7lin a servidors COTEX AVINY\u00d3 a xarxes, ni siguin objecte de cap tipus d'explotaci\u00f3.<\/p>\n\n\n\n<p>Aix\u00ed mateix, totes les marques, noms comercials o signes distintius de qualsevol classe que apareixen al lloc web s\u00f3n propietat de COTEX AVINY\u00d3, sense que pugui entendre que l'\u00fas o acc\u00e9s al mateix atribueixi a l'usuari dret algun sobre els mateixos.<\/p>\n\n\n\n<p>La distribuci\u00f3, modificaci\u00f3, cessi\u00f3 o comunicaci\u00f3 p\u00fablica dels continguts i qualsevol altre acte que no hagi estat expressament autoritzat pel titular dels drets d'explotaci\u00f3 queden prohibits.<\/p>\n\n\n\n<p>L'establiment d'un hiperenlla\u00e7 no implica en cap cas l'exist\u00e8ncia de relacions entre COTEX AVINY\u00d3 i el propietari del lloc web en la qual s'estableixi, ni l'acceptaci\u00f3 i aprovaci\u00f3 per part del COTEX AVINY\u00d3 dels seus continguts o serveis .<\/p>\n\n\n\n<p>COTEX AVINY\u00d3 no es responsabilitza de l'\u00fas que cada usuari li doni als materials posats a disposici\u00f3 en aquest lloc web ni de les actuacions que realitzi en base als mateixos.<\/p>\n\n\n\n<p><strong>4.1 EXCLUSI\u00d3 DE GARANTIES I DE RESPONSABILITAT EN L\u2019ACC\u00c9S I LA UTILITZACI\u00d3<\/strong><\/p>\n\n\n\n<p>El contingut del present lloc web \u00e9s de car\u00e0cter general i t\u00e9 una finalitat merament informativa, sense que es garanteixi plenament l'acc\u00e9s a tots els continguts, ni la seva exhaustivitat, correcci\u00f3, vig\u00e8ncia o actualitat, ni la seva idone\u00eftat o utilitat per a un objectiu espec\u00edfic.<\/p>\n\n\n\n<p>COTEX AVINY\u00d3 exclou, fins on permet l'ordenament jur\u00eddic, qualsevol responsabilitat pels danys i perjudicis de tota naturalesa derivats de:<\/p>\n\n\n\n<ol style=\"list-style-type:lower-alpha\" class=\"wp-block-list\">\n<li>La impossibilitat d'acc\u00e9s al lloc web o la falta de veracitat, exactitud, exhaustivitat i \/ o actualitat dels continguts, aix\u00ed com l'exist\u00e8ncia de vicis i defectes de tota classe dels continguts transmesos, difosos, emmagatzemats, posats a disposici\u00f3 als quals s'hagi accedit a trav\u00e9s del lloc web o dels serveis que s'ofereixen.<\/li>\n\n\n\n<li>La pres\u00e8ncia de virus o d'altres elements en els continguts que puguin produir alteracions en els sistemes inform\u00e0tics, documents electr\u00f2nics o dades dels usuaris.<\/li>\n\n\n\n<li>L'incompliment de les lleis, la bona fe, l'ordre p\u00fablic, els usos del tr\u00e0fic i el present av\u00eds legal com a conseq\u00fc\u00e8ncia de l'\u00fas incorrecte del lloc web. En particular, i a tall d'exemple, COTEX AVINY\u00d3 no es fa responsable de les actuacions de tercers que vulnerin drets de propietat intel\u00b7lectual i industrial, secrets empresarials, drets a l'honor, a la intimitat personal i familiar i a la pr\u00f2pia imatge, aix\u00ed com la normativa en mat\u00e8ria de compet\u00e8ncia deslleial i publicitat il\u00b7l\u00edcita.<\/li>\n<\/ol>\n\n\n\n<p>Aix\u00ed mateix, COTEX AVINY\u00d3 declina qualsevol responsabilitat respecte a la informaci\u00f3 que es trobi fora d'aquesta web i no sigui gestionada directament pel nostre web m\u00e0ster. La funci\u00f3 dels links que apareixen en aquesta web \u00e9s exclusivament la d'informar l'usuari sobre l'exist\u00e8ncia d'altres fonts susceptibles d'ampliar els continguts que ofereix aquest lloc web. COTEX AVINY\u00d3 no pot garantir ni es responsabilitza del funcionament o accessibilitat dels llocs enlla\u00e7ats, ni suggereix, convida o recomana la visita als mateixos, de manera que tampoc ser\u00e0 responsable del resultat obtingut. COTEX AVINY\u00d3 no es responsabilitza de l'establiment d'hipervincles per part de tercers.<\/p>\n\n\n\n<p><strong>4.2 PROCEDIMENT EN CAS DE REALITZACI\u00d3 DE ACTIVITATS DE CAR\u00c0CTER IL\u00b7L\u00cdCIT<\/strong><\/p>\n\n\n\n<p>En el cas que qualsevol usuari o un tercer consideri que existeixen fets o circumst\u00e0ncies que revelin el car\u00e0cter il\u00b7l\u00edcit de la utilitzaci\u00f3 de qualsevol contingut i\/o de la realitzaci\u00f3 de qualsevol activitat en les p\u00e0gines web incloses o accessibles a trav\u00e9s del lloc web, haur\u00e0 enviar una notificaci\u00f3 a COTEX AVINY\u00d3 identificant degudament, especificant les suposades infraccions i declarant expressament i sota la seva responsabilitat que la informaci\u00f3 proporcionada en la notificaci\u00f3 \u00e9s exacta.<\/p>\n\n\n\n<p><strong>4.3 PUBLICACIONS<\/strong><\/p>\n\n\n\n<p>La informaci\u00f3 administrativa facilitada a trav\u00e9s del lloc web no substitueix la publicitat legal de les lleis, normatives, plans, disposicions generals i actes que hagin de ser publicats formalment als diaris oficials de les administracions p\u00fabliques, que constitueixen l'\u00fanic instrument que d\u00f3na fe de la seva autenticitat i contingut. La informaci\u00f3 disponible en aquest lloc web s'ha d'entendre com una guia sense prop\u00f2sit de validesa legal.<\/p>\n\n\n\n<p><strong>5. PROPIETAT INTEL\u00b7LECTUAL I INDUSTRIAL<\/strong><\/p>\n\n\n\n<p>COTEX AVINY\u00d3 per s\u00ed mateixa o com cession\u00e0ria, es titular de tots els drets de propietat intel\u00b7lectual i industrial de la seva p\u00e0gina web, aix\u00ed com dels elements continguts a la mateixa (a t\u00edtol informatiu, imatges, so, \u00e0udio, v\u00eddeo, software o textos; marques o logotipus, combinacions de colors, estructura i disseny, selecci\u00f3 de materials emprats, programes d\u2019ordinador necessaris pel seu funcionament, acc\u00e9s i us, etc.), titularitat de COTEX AVINY\u00d3. Seran, per conseq\u00fcent, obres protegides com propietat intel\u00b7lectual pel ordenament jur\u00eddic espanyol, sent aplicables tant la normativa espanyola i comunit\u00e0ria en aquest camp, como els tractats Internacionals relatius a la mat\u00e8ria i subscrits per Espanya.<\/p>\n\n\n\n<p>Tots els drets reservats. En virtut del que disposen els articles 8 y 32.1, par\u00e0graf segon, de la Llei de Propietat Intel\u00b7lectual, queden expressament prohibides la reproducci\u00f3, la distribuci\u00f3 i la comunicaci\u00f3 p\u00fablica, inclosa la seva modalitat de posada a disposici\u00f3, de la totalitat o part dels continguts d\u2019aquesta p\u00e0gina web, amb finalitats comercials, en qualsevol suport i per qualsevol mitja t\u00e8cnic, sense la autoritzaci\u00f3 de COTEX AVINY\u00d3.<\/p>\n\n\n\n<p>L\u2019usuari se compromet a respectar els drets de Propietat Intel\u00b7lectual i Industrial titularitat de EL COTEX AVINY\u00d3. Podr\u00e0 visualitzar els elements del portal i fins i tot imprimir-los, copiar-los i emmagatzemar-los en el disc duro del seu ordinador o a qualsevol altre suport f\u00edsica sempre i quan sigui, \u00fanica i exclusivament, pel seu us personal i privat. L\u2019usuari haur\u00e0 d\u2019abstenir-se de suprimir, alterar, eludir o manipular qualsevol dispositiu de protecci\u00f3 o sistema de seguretat que estigues instal\u00b7lat en les p\u00e0gines de COTEX AVINY\u00d3.<\/p>\n\n\n\n<p><strong>6. ACCIONS LEGALS, LEGISLACI\u00d3 APLICABLE I JURISDICCI\u00d3<\/strong><\/p>\n\n\n\n<p>COTEX AVINY\u00d3 es reserva, tanmateix, la facultat de presentar les accions civils o penals que consideri oportunes per la utilitzaci\u00f3 indeguda del seu lloc web i els seus continguts, o per l\u2019incompliment de les presents condicions.<\/p>\n\n\n\n<p>La relaci\u00f3 entre l\u2019usuari i el prestador es regir\u00e0 per la normativa vigent i d\u2019aplicaci\u00f3 al territori espanyol. De sorgir qualsevol controv\u00e8rsia les parts podran sotmetre els seus conflictes a arbitratge o rec\u00f3rrer a la jurisdicci\u00f3 ordin\u00e0ria complint amb les normes sobre jurisdicci\u00f3 i compet\u00e8ncia al respecte. COTEX AVINY\u00d3 te el seu domicili a BARCELONA, Espanya.<\/p>\n\n\n\n<p>La llengua utilitzada ser\u00e0 el catal\u00e0.<\/p>\n\n\n\n<p><\/p>\n","protected":false},"excerpt":{"rendered":"<p>1. OBJECTE El present av\u00eds legal regula l'\u00fas i la utilitzaci\u00f3 del lloc web www.cotexsl.com del qual \u00e9s titular COTEX AVINY\u00d3, S.L., en endavant (COTEX AVINY\u00d3) La navegaci\u00f3 pel lloc web de COTEX AVINY\u00d3 atribueix la condici\u00f3 d'usuari del mateix i implica l'acceptaci\u00f3 plena i sense reserves de totes i cadascuna de les disposicions incloses [&hellip;]<\/p>\n","protected":false},"author":2,"featured_media":0,"parent":0,"menu_order":0,"comment_status":"closed","ping_status":"closed","template":"","meta":{"_acf_changed":false,"footnotes":""},"class_list":["post-803","page","type-page","status-publish","hentry"],"acf":[],"_links":{"self":[{"href":"https:\/\/cotexsl.com\/ca\/wp-json\/wp\/v2\/pages\/803","targetHints":{"allow":["GET"]}}],"collection":[{"href":"https:\/\/cotexsl.com\/ca\/wp-json\/wp\/v2\/pages"}],"about":[{"href":"https:\/\/cotexsl.com\/ca\/wp-json\/wp\/v2\/types\/page"}],"author":[{"embeddable":true,"href":"https:\/\/cotexsl.com\/ca\/wp-json\/wp\/v2\/users\/2"}],"replies":[{"embeddable":true,"href":"https:\/\/cotexsl.com\/ca\/wp-json\/wp\/v2\/comments?post=803"}],"version-history":[{"count":4,"href":"https:\/\/cotexsl.com\/ca\/wp-json\/wp\/v2\/pages\/803\/revisions"}],"predecessor-version":[{"id":2678,"href":"https:\/\/cotexsl.com\/ca\/wp-json\/wp\/v2\/pages\/803\/revisions\/2678"}],"wp:attachment":[{"href":"https:\/\/cotexsl.com\/ca\/wp-json\/wp\/v2\/media?parent=803"}],"curies":[{"name":"wp","href":"https:\/\/api.w.org\/{rel}","templated":true}]}}