{"id":794,"date":"2022-01-06T12:00:20","date_gmt":"2022-01-06T10:00:20","guid":{"rendered":"https:\/\/cotexsl.com\/?page_id=794"},"modified":"2023-11-07T17:32:25","modified_gmt":"2023-11-07T17:32:25","slug":"projectes-a-mida","status":"publish","type":"page","link":"https:\/\/cotexsl.com\/ca\/projectes-a-mida\/","title":{"rendered":"Projectes a mida"},"content":{"rendered":"<section id=\"section-5-2495\" class=\" ct-section\" ><div class=\"ct-section-inner-wrap\"><div class=\"vimeo-wrapper\">\n<iframe src=\"https:\/\/player.vimeo.com\/video\/881174940?background=1&autoplay=1&loop=1&byline=0&title=0\" frameborder=\"0\" allow=\"autoplay; fullscreen; picture-in-picture\" title=\"Web-FW23VOL1_FINAL\" frameborder=\"0\" webkitallowfullscreen mozallowfullscreen allowfullscreen><\/iframe>\n<\/div>\n\n<script src=\"https:\/\/player.vimeo.com\/api\/player.js\"><\/script>\n<div id=\"div_block-7-2495\" class=\"ct-div-block\" ><\/div><div id=\"div_block-11-2495\" class=\"ct-div-block mx-auto my-auto gap-6 w-3by4 lg-w-full\" ><div id=\"text_block-12-2495\" class=\"ct-text-block font-semibold text-lg\" >Projectes a mida<\/div><h1 id=\"headline-13-2495\" class=\"ct-headline color-white text-center\">La teva visi\u00f3, la nostra execuci\u00f3: Confeccionem a mida els elements t\u00e8xtils del teu projecte<\/h1><div id=\"text_block-15-2495\" class=\"ct-text-block text-center color-white font-medium w-4by6 md-w-full\" >Treballem conjuntament amb els clients, oferint servei integral: patronatge,  tria de materials i fabricaci\u00f3. No hi ha comanda m\u00ednima. Necessites ajuda amb t\u00e8xtils? Contacta'ns!<\/div><a id=\"link_button-21-2495\" class=\"ct-link-button btn-m rounded-full mx-auto\" href=\"https:\/\/cotexsl.com\/contacto\/\"   >CONTACTA AMB NOSALTRES<\/a><\/div><\/div><\/section>\n\n<section id=\"section-23-154\" class=\" ct-section section-py-sm pt-24\" ><div class=\"ct-section-inner-wrap\"><div id=\"div_block-24-154\" class=\"ct-div-block w-full grid grid-cols-2 items-center md-grid-cols-1 row-gap-12 gap-16\" ><div id=\"div_block-25-154\" class=\"ct-div-block rounded-lg pt-12 pb-12 pl-12 relative\" ><img decoding=\"async\"  id=\"image-26-154\" alt=\"\" src=\"https:\/\/cotexsl.com\/wp-content\/uploads\/2023\/11\/Rectangle-698.jpg\" class=\"ct-image mt-auto ml-auto h-full w-full object-cover z-99 rounded-xl\"\/><div id=\"div_block-27-154\" class=\"ct-div-block bg-primary rounded-xl\" ><\/div><\/div><div id=\"div_block-28-154\" class=\"ct-div-block\" ><h2 id=\"headline-29-154\" class=\"ct-headline mb-4 color-primary font-semibold cs-h3 text-4xl\">Tenim l\u2019 experiencia i els recursos per materialitzar el teu projecte t\u00e8xtil<\/h2><div id=\"text_block-30-154\" class=\"ct-text-block color-paragraph mb-6 font-medium text-base\" ><br>\nA Serraller, ens dediquem a materialitzar la visi\u00f3 dels clients en qualsevol sector amb projectes a mida, ocupant-nos de tot el proc\u00e9s: desde el patronatge fins a la fabricaci\u00f3, amb un ampli ventall de materials. A difer\u00e8ncia de la confecci\u00f3 gen\u00e8rica de mides est\u00e0ndard, oferim una adaptaci\u00f3 completa al que necessites, sense restriccions de volum. La nostra polival\u00e8ncia ens distingeix en un mercat on molts es concentren en productes o sectors espec\u00edfics. A m\u00e9s, la nostra flexibilitat en comandes, assessorament complet i comprom\u00eds amb els terminis, ens posicionen com a socis ideals per a la realitzaci\u00f3 del teu projecte.<\/div><div id=\"div_block-12-2498\" class=\"ct-div-block gap-4\" ><div id=\"div_block-13-2498\" class=\"ct-div-block gap-4\" ><img decoding=\"async\"  id=\"image-15-2498\" alt=\"\" src=\"https:\/\/cotexsl.com\/wp-content\/uploads\/2023\/11\/Group-1886.svg\" class=\"ct-image\"\/><div id=\"text_block-16-2498\" class=\"ct-text-block font-semibold color-primary text-lg\" >No hi ha comanda minima<\/div><\/div><div id=\"div_block-18-2498\" class=\"ct-div-block gap-4\" ><img decoding=\"async\"  id=\"image-19-2498\" alt=\"\" src=\"https:\/\/cotexsl.com\/wp-content\/uploads\/2023\/11\/Group-1886.svg\" class=\"ct-image\"\/><div id=\"text_block-20-2498\" class=\"ct-text-block font-semibold color-primary text-lg\" >Fem assessorament complet<\/div><\/div><div id=\"div_block-21-2498\" class=\"ct-div-block gap-4\" ><img decoding=\"async\"  id=\"image-22-2498\" alt=\"\" src=\"https:\/\/cotexsl.com\/wp-content\/uploads\/2023\/11\/Group-1886.svg\" class=\"ct-image\"\/><div id=\"text_block-23-2498\" class=\"ct-text-block font-semibold color-primary text-lg\" >Cumplim terminis i exig\u00e8ncies<\/div><\/div><\/div><\/div><\/div><\/div><\/section>\n\n<section id=\"section-26-73\" class=\" ct-section \" style=\"background-image:url(https:\/\/cotexsl.com\/wp-content\/uploads\/2023\/11\/bg-img-modelage.jpg);background-size: cover;\" ><div class=\"ct-section-inner-wrap\"><div id=\"div_block-27-73\" class=\"ct-div-block w-full centered w-2by3 mx-auto md-w-full\" ><h2 id=\"headline-28-73\" class=\"ct-headline mb-2 lg-w-full color-primary cs-h2 w-5by6 text-4xl color-tertiary\">Qu\u00e8 ens fa el teu soci ideal<br><\/h2><div id=\"text_block-29-73\" class=\"ct-text-block color-paragraph lg-w-full mb-20 color-white\" >Ens adaptem a qualsevol tipus de projecte, sigui gran o petit, en qualsevol sector. Amb gaireb\u00e9 40 anys d'experi\u00e8ncia, un equip hum\u00e0 de 50 persones i instal\u00b7lacions de 3.000 m2, som capa\u00e7os de materialitzar qualsevol producte t\u00e8xtil que imagines, oferint un servei integral des del patronatge fins a la fabricaci\u00f3<\/div><\/div><div id=\"div_block-30-73\" class=\"ct-div-block w-full grid xl-grid-cols-3 md-grid-cols-1 gap-8 grid-cols-3 mb-12\" ><div id=\"div_block-31-73\" class=\"ct-div-block items-center text-center card-snug h-full\" ><img decoding=\"async\"  id=\"image-20-2507\" alt=\"\" src=\"https:\/\/cotexsl.com\/wp-content\/uploads\/2023\/11\/patron-de-tela-1.svg\" class=\"ct-image\"\/><h3 id=\"headline-33-73\" class=\"ct-headline h3-sans mb-3 color-tertiary\">Patronatge<\/h3><div id=\"text_block-34-73\" class=\"ct-text-block color-paragraph color-white\" >Disposem d'un departament de patronatge propi, el qual ens permet realitzar qualsevol patr\u00f3 que necessitis per al teu projecte, garantint precisi\u00f3 en cada detall.<\/div><\/div><div id=\"div_block-35-73\" class=\"ct-div-block items-center text-center card-snug h-full\" ><img decoding=\"async\"  id=\"image-24-2507\" alt=\"\" src=\"https:\/\/cotexsl.com\/wp-content\/uploads\/2023\/11\/tela-1.svg\" class=\"ct-image\"\/><h3 id=\"headline-37-73\" class=\"ct-headline h3-sans mb-3 color-tertiary\">Materials<\/h3><div id=\"text_block-38-73\" class=\"ct-text-block color-paragraph color-white\" >T'ajudem a seleccionar el teixit idoni basat en les necessitats espec\u00edfiques del teu projecte, proporcionant assessorament expert en materials.<\/div><\/div><div id=\"div_block-39-73\" class=\"ct-div-block items-center text-center card-snug h-full\" ><img decoding=\"async\"  id=\"image-27-2507\" alt=\"\" src=\"https:\/\/cotexsl.com\/wp-content\/uploads\/2023\/11\/maquina-de-coser-1.svg\" class=\"ct-image\"\/><h3 id=\"headline-41-73\" class=\"ct-headline h3-sans mb-3 color-tertiary\">Fabricaci\u00f3<\/h3><div id=\"text_block-42-73\" class=\"ct-text-block color-paragraph color-white\" >La nostra capacitat per gestionar diferents volums de comandes fa que puguem adaptar-nos al teu projecte, garantint una entrega a temps i d'acord amb les teves especificacions.<\/div><\/div><\/div><a id=\"link_button-31-2507\" class=\"ct-link-button btn-m rounded-full mx-auto\" href=\"https:\/\/cotexsl.com\/contacto\/\"   >CONTACTA AMB NOSALTRES<\/a><\/div><\/section>\n\n<section id=\"section-61-2520\" class=\" ct-section section-py-sm\" ><div class=\"ct-section-inner-wrap\"><h2 id=\"headline-63-2520\" class=\"ct-headline mx-auto text-center text-4xl\">Exemples de projectes a mida: La teva visi\u00f3 materialitzada<\/h2><\/div><\/section><section id=\"section-3-2520\" class=\" ct-section\" ><div class=\"ct-section-inner-wrap\"><div id=\"div_block-4-2520\" class=\"ct-div-block w-full grid grid-cols-2 overflow-hidden\" ><div id=\"div_block-5-2520\" class=\"ct-div-block h-full\" ><img decoding=\"async\"  id=\"image-6-2520\" alt=\"\" src=\"https:\/\/cotexsl.com\/wp-content\/uploads\/2023\/11\/image-7.jpg\" class=\"ct-image w-full h-auto object-contain photo-animation\"\/><\/div><div id=\"div_block-7-2520\" class=\"ct-div-block my-auto\" ><div id=\"div_block-8-2520\" class=\"ct-div-block pr-page lg-p-page lg-max-w-full max-w-1by2-page pb-8 py-12\" ><h3 id=\"headline-9-2520\" class=\"ct-headline \">Cortines per complex hoteler del centre de Barcelona<\/h3><div id=\"_rich_text-10-2520\" class=\"oxy-rich-text\" ><p><strong>Necessitat del Client:<\/strong> \u2028Crear una atmosfera acollidora i elegant, aix&iacute; com garantir privacitat en les habitacions i altres espais comuns.\u2028<\/p>\n<p><strong>Proc&eacute;s:<\/strong><\/p>\n<p>Reuni&oacute; inicial per entendre les necessitats i prefer&egrave;ncies del client. Presentaci&oacute; de mostraris de teixits i dissenys. Elaboraci&oacute; de patrons i prototips. Validaci&oacute; del client i ajustos necessaris. Producci&oacute; i instal&middot;laci&oacute; de les cortines.\u2028<\/p>\n<p><strong>Valor Afegit:<\/strong><\/p>\n<p>Assessorament en la selecci&oacute; de materials duradors i est&egrave;tics. Cumpliment dels terminis establerts. Servei post-venda per garantir la satisfacci&oacute; del client.<\/p>\n<p>&nbsp;<\/p><\/div><\/div><\/div><\/div><div id=\"div_block-17-2520\" class=\"ct-div-block w-full grid grid-cols-2 lg-grid-cols-1 overflow-hidden\" ><div id=\"div_block-18-2520\" class=\"ct-div-block my-auto\" ><div id=\"div_block-19-2520\" class=\"ct-div-block lg-p-page lg-max-w-full max-w-1by2-page pb-8 py-12\" ><h3 id=\"headline-20-2520\" class=\"ct-headline \">Lones per furgonetes campers<\/h3><div id=\"_rich_text-21-2520\" class=\"oxy-rich-text\" ><p><strong>Necessitat del Client:<\/strong> \u2028Lones resistents i funcionals per a sostres de furgonetes campers.<\/p>\n<p><strong>Proc&eacute;s:<\/strong><\/p>\n<p>Reuni&oacute; inicial per captar les necessitats del client. Presentaci&oacute; de prototips basats en les instruccions rebudes. Validaci&oacute; del client i ajustos necessaris. Producci&oacute; i entrega de les lones.\u2028<\/p>\n<p><strong>Valor Afegit:<\/strong><\/p>\n<p>Selecci&oacute; de materials adequats per a l'&uacute;s exterior. Assessorament t&egrave;cnic per garantir la funcionalitat i durabilitat. Cumpliment dels terminis acordats, assegurant la satisfacci&oacute; del client.<\/p>\n<p>&nbsp;<\/p><\/div><\/div><\/div><div id=\"div_block-28-2520\" class=\"ct-div-block \" ><img decoding=\"async\"  id=\"image-29-2520\" alt=\"\" src=\"https:\/\/cotexsl.com\/wp-content\/uploads\/2023\/11\/image-7-1.jpg\" class=\"ct-image w-full h-auto object-contain photo-animation\"\/><\/div><\/div><div id=\"div_block-30-2520\" class=\"ct-div-block w-full grid grid-cols-2 overflow-hidden\" ><div id=\"div_block-31-2520\" class=\"ct-div-block\" ><img decoding=\"async\"  id=\"image-32-2520\" alt=\"\" src=\"https:\/\/cotexsl.com\/wp-content\/uploads\/2023\/11\/image-7-2.jpg\" class=\"ct-image w-full h-auto object-contain photo-animation\"\/><\/div><div id=\"div_block-33-2520\" class=\"ct-div-block my-auto\" ><div id=\"div_block-34-2520\" class=\"ct-div-block pr-page lg-p-page lg-max-w-full max-w-1by2-page pb-8 py-12\" ><h3 id=\"headline-35-2520\" class=\"ct-headline \">Lones per camilles i complements de rescat<\/h3><div id=\"_rich_text-36-2520\" class=\"oxy-rich-text\" ><p><strong>Necessitat del Client:<\/strong>Lones per Camilles i Complements de Rescat\u2028<\/p>\n<p><strong>Proc&eacute;s:<\/strong><\/p>\n<p>Enteniment de les especificacions a trav&eacute;s de reunions i mostruaris. Creaci&oacute; de prototips i validaci&oacute; del client. Producci&oacute; i entrega dels productes finals.\u2028<\/p>\n<p><strong>Valor Afegit:<\/strong><\/p>\n<p>Selecci&oacute; de materials que compleixen amb les exig&egrave;ncies de resist&egrave;ncia. Assessorament t&egrave;cnic per optimitzar la funcionalitat. Seguiment i servei post-venda per assegurar la satisfacci&oacute; del client.<\/p><\/div><\/div><\/div><\/div><div id=\"div_block-54-2520\" class=\"ct-div-block w-full grid grid-cols-2 lg-grid-cols-1 overflow-hidden\" ><div id=\"div_block-55-2520\" class=\"ct-div-block my-auto\" ><div id=\"div_block-56-2520\" class=\"ct-div-block lg-p-page lg-max-w-full max-w-1by2-page pb-8 py-12\" ><h3 id=\"headline-57-2520\" class=\"ct-headline \">Confecci\u00f3 de tapissat<\/h3><div id=\"_rich_text-58-2520\" class=\"oxy-rich-text\" ><p><strong>Necessitat del Client:<\/strong> \u2028Confeccionar el tapissat per a un producte espec&iacute;fic.<\/p>\n<p><strong>Proc&eacute;s:<\/strong><\/p>\n<p>Recepci&oacute; d'instruccions i mostra del client. Creaci&oacute; de prototips i validaci&oacute; del client. Producci&oacute; i entrega del tapissat final.\u2028<\/p>\n<p><strong>Valor Afegit:<\/strong><\/p>\n<p>Selecci&oacute; de materials adequats que compleixen amb les exig&egrave;ncies de resist&egrave;ncia. Assessorament t&egrave;cnic per optimitzar la funcionalitat. Servei post-venda per assegurar la satisfacci&oacute; del client.<\/p>\n<p>&nbsp;<\/p>\n<p>&nbsp;<\/p><\/div><\/div><\/div><div id=\"div_block-59-2520\" class=\"ct-div-block \" ><img decoding=\"async\"  id=\"image-60-2520\" alt=\"\" src=\"https:\/\/cotexsl.com\/wp-content\/uploads\/2023\/11\/image-7-3.jpg\" class=\"ct-image w-full h-auto object-contain photo-animation\"\/><\/div><\/div><\/div><\/section>\n\n<section id=\"section-175-11\" class=\" ct-section section-py-sm\" ><div class=\"ct-section-inner-wrap\"><div id=\"code_block-183-11\" class=\"ct-code-block\" ><\/div><div id=\"div_block-176-11\" class=\"ct-div-block py-20 px-12 sm-px-4\" ><h3 id=\"headline-177-11\" class=\"ct-headline mx-auto mb-6 color-primary text-center\"> Dona'ns a con\u00e8ixer el teu Projecte<\/h3><div id=\"text_block-178-11\" class=\"ct-text-block mx-auto text-center mb-10\" >Expliqueu-nos qu\u00e8 necessiteu produir i us ajudarem amb un pressupost detallat\n<br><\/div><div id=\"div_block-188-11\" class=\"ct-div-block mb-12 mx-auto w-full horizontal justify-between flex-wrap\" ><a id=\"div_block-189-11\" class=\"ct-link horizontal mr-12 fit-content mb-8 md-w-full md-mr-0 md-vertical\" href=\"tel:+34938387469\"   ><div id=\"fancy_icon-190-11\" class=\"ct-fancy-icon mr-4 sc-ic-contacto\" ><svg id=\"svg-fancy_icon-190-11\"><use xlink:href=\"#csicon-phone\"><\/use><\/svg><\/div><div id=\"div_block-191-11\" class=\"ct-div-block md-centered\" ><div id=\"text_block-192-11\" class=\"ct-text-block font-bold color-primary\" >Truca'ns<\/div><div id=\"text_block-33-56\" class=\"ct-text-block color-paragraph-alt\" >(+34) 93 838 74 69<\/div><\/div><\/a><a id=\"contact\" class=\"ct-link horizontal items-end fit-content mb-8 lg-justify-start\" href=\"mailto:comercial@cotexsl.com\"   ><div id=\"fancy_icon-201-11\" class=\"ct-fancy-icon mr-4 sc-ic-contacto\" ><svg id=\"svg-fancy_icon-201-11\"><use xlink:href=\"#csicon-Email\"><\/use><\/svg><\/div><div id=\"div_block-202-11\" class=\"ct-div-block md-centered\" ><div id=\"text_block-203-11\" class=\"ct-text-block font-bold color-primary\" >Email<\/div><div id=\"text_block-29-56\" class=\"ct-text-block color-paragraph-alt sm-word-break-all\" >comercial@cotexsl.com<\/div><\/div><\/a><\/div><div id=\"formulario\" class=\"ct-shortcode mx-auto w-3by4 lg-w-full\" >\n<div class=\"wpcf7 no-js\" id=\"wpcf7-f819-o1\" lang=\"ca\" dir=\"ltr\" data-wpcf7-id=\"819\">\n<div class=\"screen-reader-response\"><p role=\"status\" aria-live=\"polite\" aria-atomic=\"true\"><\/p> <ul><\/ul><\/div>\n<form action=\"\/ca\/wp-json\/wp\/v2\/pages\/794#wpcf7-f819-o1\" method=\"post\" class=\"wpcf7-form init\" aria-label=\"Formulari de contacte\" novalidate=\"novalidate\" data-status=\"init\">\n<fieldset class=\"hidden-fields-container\"><input type=\"hidden\" name=\"_wpcf7\" value=\"819\" \/><input type=\"hidden\" name=\"_wpcf7_version\" value=\"6.1.5\" \/><input type=\"hidden\" name=\"_wpcf7_locale\" value=\"ca\" \/><input type=\"hidden\" name=\"_wpcf7_unit_tag\" value=\"wpcf7-f819-o1\" \/><input type=\"hidden\" name=\"_wpcf7_container_post\" value=\"0\" \/><input type=\"hidden\" name=\"_wpcf7_posted_data_hash\" value=\"\" \/><input type=\"hidden\" name=\"_wpcf7_recaptcha_response\" value=\"\" \/>\n<\/fieldset>\n<div class=\"w-full grid grid-cols-2 gap-8 md-grid-cols-1 grid\">\n\t<p><label> Nom<span class=\"wpcf7-form-control-wrap\" data-name=\"nombre\"><input size=\"40\" maxlength=\"400\" class=\"wpcf7-form-control wpcf7-text wpcf7-validates-as-required\" aria-required=\"true\" aria-invalid=\"false\" value=\"\" type=\"text\" name=\"nombre\" \/><\/span> <\/label><label> Cognom <span class=\"wpcf7-form-control-wrap\" data-name=\"apellido\"><input size=\"40\" maxlength=\"400\" class=\"wpcf7-form-control wpcf7-text wpcf7-validates-as-required\" aria-required=\"true\" aria-invalid=\"false\" value=\"\" type=\"text\" name=\"apellido\" \/><\/span> <\/label>\n\t<\/p>\n<\/div>\n<p><label> *Correu electr\u00f2nic<br \/>\n<span class=\"wpcf7-form-control-wrap\" data-name=\"email\"><input size=\"40\" maxlength=\"400\" class=\"wpcf7-form-control wpcf7-email wpcf7-validates-as-required wpcf7-text wpcf7-validates-as-email\" aria-required=\"true\" aria-invalid=\"false\" value=\"\" type=\"email\" name=\"email\" \/><\/span> <\/label>\n<\/p>\n<p><label> Empresa<br \/>\n<span class=\"wpcf7-form-control-wrap\" data-name=\"empresa\"><input size=\"40\" maxlength=\"400\" class=\"wpcf7-form-control wpcf7-text wpcf7-validates-as-required\" aria-required=\"true\" aria-invalid=\"false\" value=\"\" type=\"text\" name=\"empresa\" \/><\/span> <\/label>\n<\/p>\n<p><label> Assumpte<br \/>\n<span class=\"wpcf7-form-control-wrap\" data-name=\"asunto\"><input size=\"40\" maxlength=\"400\" class=\"wpcf7-form-control wpcf7-text wpcf7-validates-as-required\" aria-required=\"true\" aria-invalid=\"false\" value=\"\" type=\"text\" name=\"asunto\" \/><\/span> <\/label>\n<\/p>\n<p><label> *Missatge<br \/>\n<span class=\"wpcf7-form-control-wrap\" data-name=\"mensaje\"><textarea cols=\"40\" rows=\"10\" maxlength=\"2000\" class=\"wpcf7-form-control wpcf7-textarea wpcf7-validates-as-required\" aria-required=\"true\" aria-invalid=\"false\" name=\"mensaje\"><\/textarea><\/span> <\/label>\n<\/p>\n<p>COTEX AVINY\u00d3, S.L. es compromet a protegir i respectar la teva privadesa, i nom\u00e9s farem servir la teva informaci\u00f3 personal per gestionar la sol\u00b7licitud.\n<\/p>\n<p><span class=\"wpcf7-form-control-wrap\" data-name=\"acceptance-293\"><span class=\"wpcf7-form-control wpcf7-acceptance optional\"><span class=\"wpcf7-list-item\"><label><input type=\"checkbox\" name=\"acceptance-293\" value=\"1\" aria-invalid=\"false\" \/><span class=\"wpcf7-list-item-label\">Accepto rebre altres comunicacions de COTEX AVINY\u00d3, S.L.<\/span><\/label><\/span><\/span><\/span>\n<\/p>\n<p><span class=\"wpcf7-form-control-wrap\" data-name=\"acceptance-295\"><span class=\"wpcf7-form-control wpcf7-acceptance\"><span class=\"wpcf7-list-item\"><label><input type=\"checkbox\" name=\"acceptance-295\" value=\"1\" aria-invalid=\"false\" \/><span class=\"wpcf7-list-item-label\">Consenteixo el tractament de les meves dades personals per a aquesta finalitat:  <a href=\"\/ca\/avis-legal\">Avis legal<\/a> i <a href=\"\/ca\/politica-de-privadesa\">Pol\u00edtica de privacitat<\/a><\/span><\/label><\/span><\/span><\/span>\n<\/p>\n<p><input class=\"wpcf7-form-control wpcf7-submit has-spinner btn-m btn-primary rounded-full border-none ml-auto uppercase tracking-wide font-semibold\" type=\"submit\" value=\"Contactanos\" \/>\n<\/p><p style=\"display: none !important;\" class=\"akismet-fields-container\" data-prefix=\"_wpcf7_ak_\"><label>&#916;<textarea name=\"_wpcf7_ak_hp_textarea\" cols=\"45\" rows=\"8\" maxlength=\"100\"><\/textarea><\/label><input type=\"hidden\" id=\"ak_js_1\" name=\"_wpcf7_ak_js\" value=\"34\"\/><script>document.getElementById( \"ak_js_1\" ).setAttribute( \"value\", ( new Date() ).getTime() );<\/script><\/p><div class=\"wpcf7-response-output\" aria-hidden=\"true\"><\/div>\n<\/form>\n<\/div>\n<\/div><\/div><\/div><\/section>","protected":false},"excerpt":{"rendered":"","protected":false},"author":2,"featured_media":0,"parent":0,"menu_order":0,"comment_status":"closed","ping_status":"closed","template":"","meta":{"_acf_changed":false,"footnotes":""},"class_list":["post-794","page","type-page","status-publish","hentry"],"acf":[],"_links":{"self":[{"href":"https:\/\/cotexsl.com\/ca\/wp-json\/wp\/v2\/pages\/794","targetHints":{"allow":["GET"]}}],"collection":[{"href":"https:\/\/cotexsl.com\/ca\/wp-json\/wp\/v2\/pages"}],"about":[{"href":"https:\/\/cotexsl.com\/ca\/wp-json\/wp\/v2\/types\/page"}],"author":[{"embeddable":true,"href":"https:\/\/cotexsl.com\/ca\/wp-json\/wp\/v2\/users\/2"}],"replies":[{"embeddable":true,"href":"https:\/\/cotexsl.com\/ca\/wp-json\/wp\/v2\/comments?post=794"}],"version-history":[{"count":17,"href":"https:\/\/cotexsl.com\/ca\/wp-json\/wp\/v2\/pages\/794\/revisions"}],"predecessor-version":[{"id":2580,"href":"https:\/\/cotexsl.com\/ca\/wp-json\/wp\/v2\/pages\/794\/revisions\/2580"}],"wp:attachment":[{"href":"https:\/\/cotexsl.com\/ca\/wp-json\/wp\/v2\/media?parent=794"}],"curies":[{"name":"wp","href":"https:\/\/api.w.org\/{rel}","templated":true}]}}