{"id":789,"date":"2022-01-06T12:00:35","date_gmt":"2022-01-06T10:00:35","guid":{"rendered":"https:\/\/cotexsl.com\/?page_id=789"},"modified":"2022-06-30T08:00:17","modified_gmt":"2022-06-30T08:00:17","slug":"sobre-nosaltres","status":"publish","type":"page","link":"https:\/\/cotexsl.com\/ca\/sobre-nosaltres\/","title":{"rendered":"Sobre Nosaltres"},"content":{"rendered":"<section id=\"section-2-21\" class=\" ct-section bg-secondary centered section-pt-sm font-headings\" ><div class=\"ct-section-inner-wrap\"><h1 id=\"headline-8-21\" class=\"ct-headline text-center mb-10 color-primary w-5by6 xl-w-full cs-h1\">COTEX AVINYO<\/h1><div id=\"new_columns-4-144\" class=\"ct-new-columns\" ><div id=\"div_block-5-144\" class=\"ct-div-block\" ><div id=\"text_block-9-144\" class=\"ct-text-block\" ><br><div style=\"text-align: left;\"><span style=\"background-color: var(--secondary-color); color: var(--paragraph-color); font-size: min(max(calc(var(--mobile-text-base) * 1rem), calc(var(--mobile-text-base) * 1rem + (var(--desktop-text-base) - var(--mobile-text-base)) * var(--viewport-calc))), calc(var(--desktop-text-base) * 1rem));\"><br><\/span><\/div><div style=\"text-align: left;\"><span style=\"background-color: var(--secondary-color); color: var(--paragraph-color); font-size: min(max(calc(var(--mobile-text-base) * 1rem), calc(var(--mobile-text-base) * 1rem + (var(--desktop-text-base) - var(--mobile-text-base)) * var(--viewport-calc))), calc(var(--desktop-text-base) * 1rem));\"><br><\/span><\/div><div style=\"text-align: left;\"><span style=\"background-color: var(--secondary-color); color: var(--paragraph-color); font-size: min(max(calc(var(--mobile-text-base) * 1rem), calc(var(--mobile-text-base) * 1rem + (var(--desktop-text-base) - var(--mobile-text-base)) * var(--viewport-calc))), calc(var(--desktop-text-base) * 1rem));\"><br><\/span><\/div><div style=\"text-align: left;\"><span style=\"background-color: var(--secondary-color); color: var(--paragraph-color); font-size: min(max(calc(var(--mobile-text-base) * 1rem), calc(var(--mobile-text-base) * 1rem + (var(--desktop-text-base) - var(--mobile-text-base)) * var(--viewport-calc))), calc(var(--desktop-text-base) * 1rem));\"><br><\/span><\/div><div style=\"text-align: left;\"><span style=\"background-color: var(--secondary-color); color: var(--paragraph-color); font-size: min(max(calc(var(--mobile-text-base) * 1rem), calc(var(--mobile-text-base) * 1rem + (var(--desktop-text-base) - var(--mobile-text-base)) * var(--viewport-calc))), calc(var(--desktop-text-base) * 1rem));\"><br><\/span><\/div><div style=\"text-align: left;\"><span style=\"background-color: var(--secondary-color); color: var(--paragraph-color); font-size: min(max(calc(var(--mobile-text-base) * 1rem), calc(var(--mobile-text-base) * 1rem + (var(--desktop-text-base) - var(--mobile-text-base)) * var(--viewport-calc))), calc(var(--desktop-text-base) * 1rem));\"><br><\/span><\/div><div style=\"text-align: left;\"><span style=\"background-color: var(--secondary-color); color: var(--paragraph-color); font-size: min(max(calc(var(--mobile-text-base) * 1rem), calc(var(--mobile-text-base) * 1rem + (var(--desktop-text-base) - var(--mobile-text-base)) * var(--viewport-calc))), calc(var(--desktop-text-base) * 1rem));\">Som una empresa de confecci\u00f3, amb una llarga traject\u00f2ria des dels nostres inicis el 1985 estem confeccionant productes per a diferents sectors tant en t\u00e8xtil com en teixits t\u00e8cnics.<\/span><\/div><div style=\"text-align: left;\"><span style=\"background-color: var(--secondary-color); color: var(--paragraph-color); font-size: min(max(calc(var(--mobile-text-base) * 1rem), calc(var(--mobile-text-base) * 1rem + (var(--desktop-text-base) - var(--mobile-text-base)) * var(--viewport-calc))), calc(var(--desktop-text-base) * 1rem));\">Aix\u00f2 ens permet oferir solucions a una \u00e0mplia gamma de productes i sectors que requereixin confecci\u00f3.<\/span><\/div><div style=\"text-align: left;\"><span style=\"background-color: var(--secondary-color); color: var(--paragraph-color); font-size: min(max(calc(var(--mobile-text-base) * 1rem), calc(var(--mobile-text-base) * 1rem + (var(--desktop-text-base) - var(--mobile-text-base)) * var(--viewport-calc))), calc(var(--desktop-text-base) * 1rem));\">La nostra organitzaci\u00f3 \u00e0gil, efica\u00e7 i propera i amb un alt grau de comprom\u00eds cap als nostres clients.&nbsp;<\/span><\/div><div style=\"text-align: left;\"><span style=\"background-color: var(--secondary-color); color: var(--paragraph-color); font-size: min(max(calc(var(--mobile-text-base) * 1rem), calc(var(--mobile-text-base) * 1rem + (var(--desktop-text-base) - var(--mobile-text-base)) * var(--viewport-calc))), calc(var(--desktop-text-base) * 1rem));\">Comptem, amb un equip hum\u00e0 de 50 persones&nbsp; i unes instal\u00b7lacions de 3.000 m2.<\/span><\/div><div style=\"text-align: left;\"><span style=\"background-color: var(--secondary-color); color: var(--paragraph-color); font-size: min(max(calc(var(--mobile-text-base) * 1rem), calc(var(--mobile-text-base) * 1rem + (var(--desktop-text-base) - var(--mobile-text-base)) * var(--viewport-calc))), calc(var(--desktop-text-base) * 1rem));\">estem ubicats a Aviny\u00f3 (Barcelona).<\/span><\/div><\/div><\/div><div id=\"div_block-6-144\" class=\"ct-div-block\" ><img decoding=\"async\"  id=\"image-15-144\" alt=\"\" src=\"https:\/\/cotexsl.com\/wp-content\/uploads\/2022\/01\/Rectangle-820-e1645456328470.jpg\" class=\"ct-image\"\/><\/div><\/div><\/div><\/section>\n\n<section id=\"section-12-21\" class=\" ct-section bg-sf-grad centered section-pt-0 section-pb-sm\" ><div class=\"ct-section-inner-wrap\"><div id=\"video-13-21\" class=\"ct-video w-5by6 centered\" >\n                <div class=\"oxygen-vsb-responsive-video-wrapper\"><iframe  src=\"https:\/\/www.youtube.com\/embed\/KoLj4CFXFW4\" frameborder=\"0\" webkitallowfullscreen mozallowfullscreen allowfullscreen><\/iframe><\/div>\n                <\/div><\/div><\/section>\n\n<section id=\"section-64-21\" class=\" ct-section centered\" ><div class=\"ct-section-inner-wrap\"><div id=\"div_block-65-21\" class=\"ct-div-block bg-primary py-20 centered rounded-xl px-10\" ><h2 id=\"headline-66-21\" class=\"ct-headline mb-6 sm-w-full font-headings color-white\">Confecci\u00f3 de productes t\u00e8xtils&nbsp;<\/h2><div id=\"text_block-68-21\" class=\"ct-text-block mb-6 text-xl text-center font-medium max-w-md sm-w-full color-white\" >Si us identifiqueu amb els nostres valors, experi\u00e8ncia i treball, et convidem a consultar-nos qualsevol projecte en qu\u00e8 et puguem ajudar<\/div><a id=\"link_button-70-21\" class=\"ct-link-button btn-l rounded-full bg-secondary color-primary text-2xl uppercase\" href=\"https:\/\/cotexsl.com\/ca\/contactans\/\" target=\"_self\"  >SOL\u00b7LICITAR PRESSUPOST<\/a><div id=\"code_block-105-21\" class=\"ct-code-block\" ><\/div><\/div><\/div><\/section>","protected":false},"excerpt":{"rendered":"","protected":false},"author":2,"featured_media":0,"parent":0,"menu_order":0,"comment_status":"closed","ping_status":"closed","template":"","meta":{"_acf_changed":false,"footnotes":""},"class_list":["post-789","page","type-page","status-publish","hentry"],"acf":[],"_links":{"self":[{"href":"https:\/\/cotexsl.com\/ca\/wp-json\/wp\/v2\/pages\/789","targetHints":{"allow":["GET"]}}],"collection":[{"href":"https:\/\/cotexsl.com\/ca\/wp-json\/wp\/v2\/pages"}],"about":[{"href":"https:\/\/cotexsl.com\/ca\/wp-json\/wp\/v2\/types\/page"}],"author":[{"embeddable":true,"href":"https:\/\/cotexsl.com\/ca\/wp-json\/wp\/v2\/users\/2"}],"replies":[{"embeddable":true,"href":"https:\/\/cotexsl.com\/ca\/wp-json\/wp\/v2\/comments?post=789"}],"version-history":[{"count":10,"href":"https:\/\/cotexsl.com\/ca\/wp-json\/wp\/v2\/pages\/789\/revisions"}],"predecessor-version":[{"id":2401,"href":"https:\/\/cotexsl.com\/ca\/wp-json\/wp\/v2\/pages\/789\/revisions\/2401"}],"wp:attachment":[{"href":"https:\/\/cotexsl.com\/ca\/wp-json\/wp\/v2\/media?parent=789"}],"curies":[{"name":"wp","href":"https:\/\/api.w.org\/{rel}","templated":true}]}}