{"id":782,"date":"2022-01-06T11:59:48","date_gmt":"2022-01-06T09:59:48","guid":{"rendered":"https:\/\/cotexsl.com\/?page_id=782"},"modified":"2022-05-06T12:51:53","modified_gmt":"2022-05-06T12:51:53","slug":"sanitari","status":"publish","type":"page","link":"https:\/\/cotexsl.com\/ca\/sanitari\/","title":{"rendered":"Sanitari"},"content":{"rendered":"<section id=\"section-2-11\" class=\" ct-section bg cs-bg-FCF9F2 section-py-sm\" ><div class=\"ct-section-inner-wrap\"><div id=\"div_block-57-11\" class=\"ct-div-block w-full grid md-grid-cols-1 gap-8 grid-cols-2\" ><div id=\"div_block-58-11\" class=\"ct-div-block md-col-span-1 my-auto\" ><div id=\"div_block-4-11\" class=\"ct-div-block my-auto md-mb-8\" ><h1 id=\"headline-5-11\" class=\"ct-headline mb-6 font-extrabold color-primary md-text-center cs-h1\">Necessites confeccionar?<\/h1><div id=\"div_block-9-11\" class=\"ct-div-block md-mx-auto\" ><a id=\"link_text-10-11\" class=\"ct-link-text btn-primary rounded-full btn-l uppercase tracking-wide sm-btn-txt\" href=\"#contact\" target=\"_self\"  >m\u00e9s informaci\u00f3<\/a><\/div><\/div><\/div><div id=\"div_block-59-11\" class=\"ct-div-block md-col-span-1\" ><div id=\"div_block-13-11\" class=\"ct-div-block w-full\" ><div id=\"div_block-15-11\" class=\"ct-div-block w-full grid grid-cols-3 position-relative gap-4\" ><div id=\"div_block-16-11\" class=\"ct-div-block col-span-2 h-full\" ><img decoding=\"async\"  id=\"image-12-11\" alt=\"\" src=\"https:\/\/cotexsl.com\/wp-content\/uploads\/2022\/05\/Lona-impermeable-de-alta-resistencia-cubierta-de-hoja-de-lona-impermeable-con-ojales-para-jard-n.jpg_Q90.jpg_.webp\" class=\"ct-image w-full object-cover shadow-md h-full rounded-xl\"\/><\/div><div id=\"div_block-17-11\" class=\"ct-div-block pb-3\" ><img decoding=\"async\"  id=\"image-43-11\" alt=\"\" src=\"https:\/\/cotexsl.com\/wp-content\/uploads\/2022\/05\/32634780-8e2a-4b62-8b40-e8b3bb10cb76.jpeg\" class=\"ct-image w-full object-cover shadow-md mb-3 rounded-xl\"\/><img decoding=\"async\"  id=\"image-55-11\" alt=\"\" src=\"https:\/\/cotexsl.com\/wp-content\/uploads\/2022\/05\/101-1.png\" class=\"ct-image w-full object-cover shadow-md mb-3 rounded-xl\"\/><div id=\"div_block-185-11\" class=\"ct-div-block\" ><div id=\"div_block-186-11\" class=\"ct-div-block position-absolute p-4 bg-white lg-pr-4 rounded-xl\" ><div id=\"text_block-187-11\" class=\"ct-text-block font-medium color-extra-color-1\" >Confeccionem per a&nbsp; hospitals, resid\u00e8ncies, centres d'est\u00e8tica, campings, serveis f\u00fanebres, esdeveniments..... A m\u00e9s de productes t\u00e8cnics, que per la seva complexitat requereixen maquin\u00e0ria i operaris altament qualificats.<\/div><\/div><\/div><\/div><\/div><\/div><\/div><\/div><\/div><\/section>\n\n<section id=\"section-157-11\" class=\" ct-section section-py-sm\" ><div class=\"ct-section-inner-wrap\"><div id=\"new_columns-8-82\" class=\"ct-new-columns\" ><div id=\"div_block-9-82\" class=\"ct-div-block\" ><img decoding=\"async\"  id=\"image-21-82\" alt=\"\" src=\"https:\/\/cotexsl.com\/wp-content\/uploads\/2022\/05\/salon-1-scaled-1.jpg\" class=\"ct-image\"\/><\/div><div id=\"div_block-10-82\" class=\"ct-div-block\" ><img decoding=\"async\"  id=\"image-23-82\" alt=\"\" src=\"https:\/\/cotexsl.com\/wp-content\/uploads\/2022\/05\/Producto-de-venta-al-por-mayor-camilla.webp\" class=\"ct-image\"\/><\/div><div id=\"div_block-11-82\" class=\"ct-div-block\" ><img decoding=\"async\"  id=\"image-24-82\" alt=\"\" src=\"https:\/\/cotexsl.com\/wp-content\/uploads\/2022\/05\/Gorro-de-enfermera-de-Color-s-lido-ajustable-lavable-reutilizable-accesorios-de-trabajo-novedad-de-2020.jpg_640x640.jpg\" class=\"ct-image\"\/><\/div><\/div><div id=\"new_columns-12-82\" class=\"ct-new-columns\" ><div id=\"div_block-13-82\" class=\"ct-div-block\" ><img decoding=\"async\"  id=\"image-22-82\" alt=\"\" src=\"https:\/\/cotexsl.com\/wp-content\/uploads\/2022\/05\/BOLSA-LONA-CAMILLA-PLEGABLE.jpg\" class=\"ct-image\"\/><\/div><div id=\"div_block-14-82\" class=\"ct-div-block\" ><img decoding=\"async\"  id=\"image-25-82\" alt=\"\" src=\"https:\/\/cotexsl.com\/wp-content\/uploads\/2022\/05\/Ventadecolchones-Colch-n-Plegable-con-Viscoel-stica-en-Loneta-Premium-con-Asa-y-Cierre.jpg_Q90.jpg_.webp\" class=\"ct-image\"\/><\/div><div id=\"div_block-15-82\" class=\"ct-div-block\" ><img decoding=\"async\"  id=\"image-26-82\" alt=\"\" src=\"https:\/\/cotexsl.com\/wp-content\/uploads\/2022\/02\/DSC_0518-scaled.jpg\" class=\"ct-image\"\/><\/div><\/div><div id=\"new_columns-16-82\" class=\"ct-new-columns\" ><div id=\"div_block-17-82\" class=\"ct-div-block\" ><img decoding=\"async\"  id=\"image-27-82\" alt=\"\" src=\"https:\/\/cotexsl.com\/wp-content\/uploads\/2022\/05\/93a8de23-eb4d-496c-bd14-4b40140c2718.jpeg\" class=\"ct-image\"\/><\/div><div id=\"div_block-18-82\" class=\"ct-div-block\" ><img decoding=\"async\"  id=\"image-28-82\" alt=\"\" src=\"https:\/\/cotexsl.com\/wp-content\/uploads\/2022\/05\/20210926_103153_590x.webp\" class=\"ct-image\"\/><\/div><div id=\"div_block-19-82\" class=\"ct-div-block\" ><img decoding=\"async\"  id=\"image-29-82\" alt=\"\" src=\"https:\/\/cotexsl.com\/wp-content\/uploads\/2022\/05\/Delantal-de-cocina-para-hombre-y-mujer-mandil-impermeable-para-cocina-Chef-restaurante-vestido-de-hornear.jpg_640x640.jpg\" class=\"ct-image\"\/><\/div><\/div><\/div><\/section>\n\n<section id=\"section-175-11\" class=\" ct-section section-py-sm\" ><div class=\"ct-section-inner-wrap\"><div id=\"code_block-183-11\" class=\"ct-code-block\" ><\/div><div id=\"div_block-176-11\" class=\"ct-div-block py-20 px-12 sm-px-4\" ><h3 id=\"headline-177-11\" class=\"ct-headline mx-auto mb-6 color-primary text-center\">Demana un pressupost<\/h3><div id=\"text_block-178-11\" class=\"ct-text-block mx-auto text-center mb-10\" >Omple el formulari explicant la teva idea o necessitat i aviat tindr\u00e0s una resposta.<br><\/div><div id=\"div_block-188-11\" class=\"ct-div-block mb-12 mx-auto w-full horizontal justify-between flex-wrap\" ><a id=\"div_block-189-11\" class=\"ct-link horizontal mr-12 fit-content mb-8 md-w-full md-mr-0 md-vertical\" href=\"tel:+34938387469\"   ><div id=\"fancy_icon-190-11\" class=\"ct-fancy-icon mr-4 sc-ic-contacto\" ><svg id=\"svg-fancy_icon-190-11\"><use xlink:href=\"#csicon-phone\"><\/use><\/svg><\/div><div id=\"div_block-191-11\" class=\"ct-div-block md-centered\" ><div id=\"text_block-192-11\" class=\"ct-text-block font-bold color-primary\" >Truca'ns<\/div><div id=\"text_block-33-56\" class=\"ct-text-block color-paragraph-alt\" >(+34) 93 838 74 69<\/div><\/div><\/a><a id=\"contact\" class=\"ct-link horizontal items-end fit-content mb-8 lg-justify-start\" href=\"mailto:comercial@cotexsl.com\"   ><div id=\"fancy_icon-201-11\" class=\"ct-fancy-icon mr-4 sc-ic-contacto\" ><svg id=\"svg-fancy_icon-201-11\"><use xlink:href=\"#csicon-Email\"><\/use><\/svg><\/div><div id=\"div_block-202-11\" class=\"ct-div-block md-centered\" ><div id=\"text_block-203-11\" class=\"ct-text-block font-bold color-primary\" >Email<\/div><div id=\"text_block-29-56\" class=\"ct-text-block color-paragraph-alt sm-word-break-all\" >comercial@cotexsl.com<\/div><\/div><\/a><\/div><div id=\"formulario\" class=\"ct-shortcode mx-auto w-3by4 lg-w-full\" >\n<div class=\"wpcf7 no-js\" id=\"wpcf7-f819-o1\" lang=\"ca\" dir=\"ltr\" data-wpcf7-id=\"819\">\n<div class=\"screen-reader-response\"><p role=\"status\" aria-live=\"polite\" aria-atomic=\"true\"><\/p> <ul><\/ul><\/div>\n<form action=\"\/ca\/wp-json\/wp\/v2\/pages\/782#wpcf7-f819-o1\" method=\"post\" class=\"wpcf7-form init\" aria-label=\"Formulari de contacte\" novalidate=\"novalidate\" data-status=\"init\">\n<fieldset class=\"hidden-fields-container\"><input type=\"hidden\" name=\"_wpcf7\" value=\"819\" \/><input type=\"hidden\" name=\"_wpcf7_version\" value=\"6.1.5\" \/><input type=\"hidden\" name=\"_wpcf7_locale\" value=\"ca\" \/><input type=\"hidden\" name=\"_wpcf7_unit_tag\" value=\"wpcf7-f819-o1\" \/><input type=\"hidden\" name=\"_wpcf7_container_post\" value=\"0\" \/><input type=\"hidden\" name=\"_wpcf7_posted_data_hash\" value=\"\" \/><input type=\"hidden\" name=\"_wpcf7_recaptcha_response\" value=\"\" \/>\n<\/fieldset>\n<div class=\"w-full grid grid-cols-2 gap-8 md-grid-cols-1 grid\">\n\t<p><label> Nom<span class=\"wpcf7-form-control-wrap\" data-name=\"nombre\"><input size=\"40\" maxlength=\"400\" class=\"wpcf7-form-control wpcf7-text wpcf7-validates-as-required\" aria-required=\"true\" aria-invalid=\"false\" value=\"\" type=\"text\" name=\"nombre\" \/><\/span> <\/label><label> Cognom <span class=\"wpcf7-form-control-wrap\" data-name=\"apellido\"><input size=\"40\" maxlength=\"400\" class=\"wpcf7-form-control wpcf7-text wpcf7-validates-as-required\" aria-required=\"true\" aria-invalid=\"false\" value=\"\" type=\"text\" name=\"apellido\" \/><\/span> <\/label>\n\t<\/p>\n<\/div>\n<p><label> *Correu electr\u00f2nic<br \/>\n<span class=\"wpcf7-form-control-wrap\" data-name=\"email\"><input size=\"40\" maxlength=\"400\" class=\"wpcf7-form-control wpcf7-email wpcf7-validates-as-required wpcf7-text wpcf7-validates-as-email\" aria-required=\"true\" aria-invalid=\"false\" value=\"\" type=\"email\" name=\"email\" \/><\/span> <\/label>\n<\/p>\n<p><label> Empresa<br \/>\n<span class=\"wpcf7-form-control-wrap\" data-name=\"empresa\"><input size=\"40\" maxlength=\"400\" class=\"wpcf7-form-control wpcf7-text wpcf7-validates-as-required\" aria-required=\"true\" aria-invalid=\"false\" value=\"\" type=\"text\" name=\"empresa\" \/><\/span> <\/label>\n<\/p>\n<p><label> Assumpte<br \/>\n<span class=\"wpcf7-form-control-wrap\" data-name=\"asunto\"><input size=\"40\" maxlength=\"400\" class=\"wpcf7-form-control wpcf7-text wpcf7-validates-as-required\" aria-required=\"true\" aria-invalid=\"false\" value=\"\" type=\"text\" name=\"asunto\" \/><\/span> <\/label>\n<\/p>\n<p><label> *Missatge<br \/>\n<span class=\"wpcf7-form-control-wrap\" data-name=\"mensaje\"><textarea cols=\"40\" rows=\"10\" maxlength=\"2000\" class=\"wpcf7-form-control wpcf7-textarea wpcf7-validates-as-required\" aria-required=\"true\" aria-invalid=\"false\" name=\"mensaje\"><\/textarea><\/span> <\/label>\n<\/p>\n<p>COTEX AVINY\u00d3, S.L. es compromet a protegir i respectar la teva privadesa, i nom\u00e9s farem servir la teva informaci\u00f3 personal per gestionar la sol\u00b7licitud.\n<\/p>\n<p><span class=\"wpcf7-form-control-wrap\" data-name=\"acceptance-293\"><span class=\"wpcf7-form-control wpcf7-acceptance optional\"><span class=\"wpcf7-list-item\"><label><input type=\"checkbox\" name=\"acceptance-293\" value=\"1\" aria-invalid=\"false\" \/><span class=\"wpcf7-list-item-label\">Accepto rebre altres comunicacions de COTEX AVINY\u00d3, S.L.<\/span><\/label><\/span><\/span><\/span>\n<\/p>\n<p><span class=\"wpcf7-form-control-wrap\" data-name=\"acceptance-295\"><span class=\"wpcf7-form-control wpcf7-acceptance\"><span class=\"wpcf7-list-item\"><label><input type=\"checkbox\" name=\"acceptance-295\" value=\"1\" aria-invalid=\"false\" \/><span class=\"wpcf7-list-item-label\">Consenteixo el tractament de les meves dades personals per a aquesta finalitat:  <a href=\"\/ca\/avis-legal\">Avis legal<\/a> i <a href=\"\/ca\/politica-de-privadesa\">Pol\u00edtica de privacitat<\/a><\/span><\/label><\/span><\/span><\/span>\n<\/p>\n<p><input class=\"wpcf7-form-control wpcf7-submit has-spinner btn-m btn-primary rounded-full border-none ml-auto uppercase tracking-wide font-semibold\" type=\"submit\" value=\"Contactanos\" \/>\n<\/p><p style=\"display: none !important;\" class=\"akismet-fields-container\" data-prefix=\"_wpcf7_ak_\"><label>&#916;<textarea name=\"_wpcf7_ak_hp_textarea\" cols=\"45\" rows=\"8\" maxlength=\"100\"><\/textarea><\/label><input type=\"hidden\" id=\"ak_js_1\" name=\"_wpcf7_ak_js\" value=\"45\"\/><script>document.getElementById( \"ak_js_1\" ).setAttribute( \"value\", ( new Date() ).getTime() );<\/script><\/p><div class=\"wpcf7-response-output\" aria-hidden=\"true\"><\/div>\n<\/form>\n<\/div>\n<\/div><\/div><\/div><\/section>","protected":false},"excerpt":{"rendered":"","protected":false},"author":2,"featured_media":0,"parent":0,"menu_order":0,"comment_status":"closed","ping_status":"closed","template":"","meta":{"_acf_changed":false,"footnotes":""},"class_list":["post-782","page","type-page","status-publish","hentry"],"acf":[],"_links":{"self":[{"href":"https:\/\/cotexsl.com\/ca\/wp-json\/wp\/v2\/pages\/782","targetHints":{"allow":["GET"]}}],"collection":[{"href":"https:\/\/cotexsl.com\/ca\/wp-json\/wp\/v2\/pages"}],"about":[{"href":"https:\/\/cotexsl.com\/ca\/wp-json\/wp\/v2\/types\/page"}],"author":[{"embeddable":true,"href":"https:\/\/cotexsl.com\/ca\/wp-json\/wp\/v2\/users\/2"}],"replies":[{"embeddable":true,"href":"https:\/\/cotexsl.com\/ca\/wp-json\/wp\/v2\/comments?post=782"}],"version-history":[{"count":7,"href":"https:\/\/cotexsl.com\/ca\/wp-json\/wp\/v2\/pages\/782\/revisions"}],"predecessor-version":[{"id":2281,"href":"https:\/\/cotexsl.com\/ca\/wp-json\/wp\/v2\/pages\/782\/revisions\/2281"}],"wp:attachment":[{"href":"https:\/\/cotexsl.com\/ca\/wp-json\/wp\/v2\/media?parent=782"}],"curies":[{"name":"wp","href":"https:\/\/api.w.org\/{rel}","templated":true}]}}