{"id":763,"date":"2022-01-06T11:58:52","date_gmt":"2022-01-06T09:58:52","guid":{"rendered":"https:\/\/cotexsl.com\/?page_id=763"},"modified":"2022-05-06T06:59:28","modified_gmt":"2022-05-06T06:59:28","slug":"llar","status":"publish","type":"page","link":"https:\/\/cotexsl.com\/ca\/llar\/","title":{"rendered":"Llar"},"content":{"rendered":"<section id=\"section-2-11\" class=\" ct-section bg cs-bg-FCF9F2 section-py-sm\" ><div class=\"ct-section-inner-wrap\"><div id=\"div_block-57-11\" class=\"ct-div-block w-full grid md-grid-cols-1 gap-8 grid-cols-2\" ><div id=\"div_block-58-11\" class=\"ct-div-block md-col-span-1 my-auto\" ><div id=\"div_block-4-11\" class=\"ct-div-block my-auto md-mb-8\" ><h1 id=\"headline-5-11\" class=\"ct-headline mb-6 font-extrabold color-primary md-text-center cs-h1\">Productes t\u00e8xtils per la llar <\/h1><div id=\"div_block-9-11\" class=\"ct-div-block md-mx-auto\" ><a id=\"link_text-10-11\" class=\"ct-link-text btn-primary rounded-full btn-l uppercase tracking-wide sm-btn-txt\" href=\"#contact\" target=\"_self\"  >saber m\u00e9s<\/a><\/div><\/div><\/div><div id=\"div_block-59-11\" class=\"ct-div-block md-col-span-1\" ><div id=\"div_block-13-11\" class=\"ct-div-block w-full\" ><div id=\"div_block-15-11\" class=\"ct-div-block w-full grid grid-cols-3 position-relative gap-4\" ><div id=\"div_block-16-11\" class=\"ct-div-block col-span-2 h-full\" ><img decoding=\"async\"  id=\"image-12-11\" alt=\"\" src=\"https:\/\/cotexsl.com\/wp-content\/uploads\/2022\/02\/paquet.jpg\" class=\"ct-image w-full object-cover shadow-md h-full rounded-xl\"\/><\/div><div id=\"div_block-17-11\" class=\"ct-div-block pb-3\" ><img decoding=\"async\"  id=\"image-43-11\" alt=\"\" src=\"https:\/\/cotexsl.com\/wp-content\/uploads\/2022\/02\/DSC8958-scaled.jpg\" class=\"ct-image w-full object-cover shadow-md mb-3 rounded-xl\"\/><img decoding=\"async\"  id=\"image-55-11\" alt=\"\" src=\"https:\/\/cotexsl.com\/wp-content\/uploads\/2022\/05\/20.png\" class=\"ct-image w-full object-cover shadow-md mb-3 rounded-xl\"\/><div id=\"div_block-185-11\" class=\"ct-div-block\" ><div id=\"div_block-186-11\" class=\"ct-div-block position-absolute p-4 bg-white lg-pr-4 rounded-xl\" ><div id=\"text_block-187-11\" class=\"ct-text-block font-medium color-extra-color-1\" >&nbsp;Confeccionemuna \u00e0mplia varietat de productes t\u00e8xtils per a la llar. Adaptant-nos a les necessitats i mides del client.<\/div><\/div><\/div><\/div><\/div><\/div><\/div><\/div><\/div><\/section>\n\n<section id=\"section-79-11\" class=\" ct-section items-center section-pb-sm\" ><div class=\"ct-section-inner-wrap\"><h2 id=\"headline-179-11\" class=\"ct-headline mb-6 color-primary text-center cs-h2\">La nostra gamma de productes per a la llar<\/h2><div id=\"text_block-181-11\" class=\"ct-text-block max-w-md text-center font-medium\" >Tens els teus propis teixits? Si no \u00e9s aix\u00ed te'ls podem proporcionar disposem d'una \u00e0mplia cartera de fabricants i prove\u00efdors de Cot\u00f3, Lli, poli\u00e8ster, teixits reciclats\u2026 i una extensa gamma d'acabats i dissenys.<\/div><\/div><\/section><section id=\"section-19-78\" class=\" ct-section section-pt-0\" ><div class=\"ct-section-inner-wrap\"><div id=\"div_block-20-78\" class=\"ct-div-block grid grid-cols-2 gap-8 lg-w-full md-grid-cols-1 w-full\" ><div id=\"div_block-21-78\" class=\"ct-div-block md-vertical\" ><h3 id=\"headline-22-78\" class=\"ct-headline mb-2 color-primary cs-h3\">Roba de llit<br><\/h3><div id=\"_rich_text-23-78\" class=\"oxy-rich-text mb-8 font-medium color-paragraph\" ><p>&nbsp;<\/p>\n<p>&nbsp;<\/p>\n<ul>\n<li><span style=\"font-size: 14pt;\">Llen&ccedil;ols<\/span><\/li>\n<li><span style=\"font-size: 14pt;\">Coixins<\/span><\/li>\n<li><span style=\"font-size: 14pt;\">Sabanes ajustables<\/span><\/li>\n<li><span style=\"font-size: 14pt;\">Cobertors<\/span><\/li>\n<li><span style=\"font-size: 14pt;\">Cam&iacute; de llit<\/span><\/li>\n<li><span style=\"font-size: 14pt;\">Protectors de matal&agrave;s<\/span><\/li>\n<li><span style=\"font-size: 14pt;\">Funda protectora de coix&iacute;<\/span><\/li>\n<li><span style=\"font-size: 14pt;\">Cobreix canap&egrave;s<\/span><\/li>\n<li><span style=\"font-size: 14pt;\">Quadrants<\/span><\/li>\n<\/ul>\n<p><span style=\"font-size: 14pt;\">Tipus d'acabats<\/span><\/p>\n<p><span style=\"font-size: 14pt;\">Repunt, fest&oacute;, vainica, ziz-zag i aplic<\/span><\/p>\n<p>&nbsp;<\/p>\n<p>&nbsp;<\/p><\/div><a id=\"link_text-24-78\" class=\"ct-link-text btn-m btn-primary rounded-full uppercase font-semibold sm-btn-txt tracking-wide\" href=\"#formulario\" target=\"_self\"  >Saber m\u00e9s&nbsp;<\/a><\/div><div id=\"div_block-160-236\" class=\"ct-div-block position-relative padding-square md-order-first\" ><img decoding=\"async\"  id=\"image-25-78\" alt=\"\" src=\"https:\/\/cotexsl.com\/wp-content\/uploads\/2022\/02\/productos-texiteles-para-el-hogar.jpg\" class=\"ct-image w-full h-full object-cover shadow-md rounded-xl max-h-563px position-absolute\"\/><\/div><\/div><\/div><\/section><section id=\"section-4-78\" class=\" ct-section section-pt-0\" ><div class=\"ct-section-inner-wrap\"><div id=\"div_block-5-78\" class=\"ct-div-block grid grid-cols-2 gap-8 lg-w-full md-grid-cols-1 w-full\" ><div id=\"div_block-161-236\" class=\"ct-div-block position-relative padding-square\" ><img decoding=\"async\"  id=\"image-6-78\" alt=\"\" src=\"https:\/\/cotexsl.com\/wp-content\/uploads\/2022\/02\/individual-acabado-inglete-scaled.jpg\" class=\"ct-image w-full h-full object-cover shadow-md rounded-xl max-h-563px position-absolute\"\/><\/div><div id=\"div_block-7-78\" class=\"ct-div-block md-vertical\" ><h3 id=\"headline-8-78\" class=\"ct-headline mb-2 color-primary cs-h3\">Roba de taula<\/h3><div id=\"_rich_text-9-78\" class=\"oxy-rich-text mb-8 color-paragraph font-medium\" ><p>&nbsp;<\/p>\n<p>&nbsp;<\/p>\n<p><span style=\"font-size: 14pt;\">Tipus de confecci&oacute;: ribet, capet, fest&oacute;, repulgo, ziga-zag, vainica i aplics......<\/span><\/p>\n<ul>\n<li><span style=\"font-size: 14pt;\">Estovalles<\/span><\/li>\n<li><span style=\"font-size: 14pt;\">Fald&oacute;<\/span><\/li>\n<li><span style=\"font-size: 14pt;\">Tovallons<\/span><\/li>\n<li><span style=\"font-size: 14pt;\">Cam&iacute; de taula<\/span><\/li>\n<li><span style=\"font-size: 14pt;\">Individuals<\/span><\/li>\n<li><span style=\"font-size: 14pt;\">Protectors<\/span><\/li>\n<\/ul>\n<p>&nbsp;<\/p>\n<p>&nbsp;<\/p>\n<p>&nbsp;<\/p><\/div><a id=\"link_text-13-78\" class=\"ct-link-text btn-m btn-primary rounded-full uppercase font-semibold sm-btn-txt tracking-wide\" href=\"#\" target=\"_self\"  >SOL\u00b7LICITAR PRESSUPOST<\/a><\/div><\/div><\/div><\/section><section id=\"section-46-78\" class=\" ct-section section-pt-0\" ><div class=\"ct-section-inner-wrap\"><div id=\"div_block-47-78\" class=\"ct-div-block grid grid-cols-2 gap-8 lg-w-full md-grid-cols-1 w-full\" ><div id=\"div_block-48-78\" class=\"ct-div-block md-vertical\" ><h3 id=\"headline-49-78\" class=\"ct-headline mb-2 color-primary cs-h3\">Decoraci\u00f3<br><\/h3><div id=\"_rich_text-50-78\" class=\"oxy-rich-text mb-8 font-medium color-paragraph\" ><p>&nbsp;<\/p>\n<p>&nbsp;<\/p>\n<ul>\n<li><span style=\"font-size: 14pt;\">Coixins ( b&agrave;sic, cord&oacute;, feston, vainica, ziga-zaga )<\/span><\/li>\n<li><span style=\"font-size: 14pt;\">Camins de llit ( acabats aplic, capet, fest&oacute;)<\/span><\/li>\n<li><span style=\"font-size: 14pt;\">puff<\/span><\/li>\n<\/ul>\n<p>&nbsp;<\/p>\n<p>&nbsp;<\/p>\n<p>&nbsp;<\/p><\/div><a id=\"link_text-54-78\" class=\"ct-link-text btn-m btn-primary rounded-full uppercase font-semibold sm-btn-txt tracking-wide\" href=\"#formulario\" target=\"_self\"  >SOL\u00b7LICITAR PRESSUPOST<\/a><\/div><div id=\"div_block-162-236\" class=\"ct-div-block position-relative padding-square w-full md-order-first\" ><img decoding=\"async\"  id=\"image-55-78\" alt=\"\" src=\"https:\/\/cotexsl.com\/wp-content\/uploads\/2022\/02\/DSC8541-1.jpg\" class=\"ct-image w-full h-full object-cover shadow-md rounded-xl max-h-563px position-absolute\"\/><\/div><\/div><\/div><\/section><section id=\"section-30-78\" class=\" ct-section section-pt-0\" ><div class=\"ct-section-inner-wrap\"><div id=\"div_block-31-78\" class=\"ct-div-block grid grid-cols-2 gap-8 lg-w-full md-grid-cols-1 w-full\" ><div id=\"div_block-163-236\" class=\"ct-div-block position-relative padding-square\" ><img decoding=\"async\"  id=\"image-32-78\" alt=\"\" src=\"https:\/\/cotexsl.com\/wp-content\/uploads\/2022\/05\/3d4bf2ab09a39ebb76881a14d5538d54.jpg\" class=\"ct-image w-full h-full object-cover shadow-md rounded-xl max-h-563px position-absolute\"\/><\/div><div id=\"div_block-33-78\" class=\"ct-div-block md-vertical\" ><h3 id=\"headline-34-78\" class=\"ct-headline mb-2 color-primary cs-h3\">Cortines<\/h3><div id=\"_rich_text-35-78\" class=\"oxy-rich-text mb-8 color-paragraph font-medium\" ><p><span style=\"font-size: 14pt;\">Tenim la solucions perfectes en diferents tipus de cortines<\/span><\/p>\n<p>&nbsp;<\/p>\n<p>&nbsp;<\/p>\n<ul>\n<li><span style=\"font-size: 14pt;\">Estors<\/span><\/li>\n<li><span style=\"font-size: 14pt;\">Paquetto<\/span><\/li>\n<li><span style=\"font-size: 14pt;\">Cortina tradicional tipus de confecci&oacute; &ndash; frunzida, taules, tavelles, ona perfecta, ollets, pin&ccedil;a americana ..<\/span><\/li>\n<li><span style=\"font-size: 14pt;\">Panell japon&egrave;s<\/span><\/li>\n<li><span style=\"font-size: 14pt;\">Enrotllables screen<\/span><\/li>\n<\/ul>\n<p>&nbsp;<\/p><\/div><a id=\"link_text-39-78\" class=\"ct-link-text btn-m btn-primary rounded-full uppercase font-semibold sm-btn-txt tracking-wide\" href=\"#formulario\" target=\"_self\"  >saber m\u00e9s&nbsp;<\/a><\/div><\/div><\/div><\/section>\n\n<section id=\"section-175-11\" class=\" ct-section section-py-sm\" ><div class=\"ct-section-inner-wrap\"><div id=\"code_block-183-11\" class=\"ct-code-block\" ><\/div><div id=\"div_block-176-11\" class=\"ct-div-block py-20 px-12 sm-px-4\" ><h3 id=\"headline-177-11\" class=\"ct-headline mx-auto mb-6 color-primary text-center\">Demana un pressupost<\/h3><div id=\"text_block-178-11\" class=\"ct-text-block mx-auto text-center mb-10\" >Omple el formulari explicant la teva idea o necessitat i aviat tindr\u00e0s una resposta.<br><\/div><div id=\"div_block-188-11\" class=\"ct-div-block mb-12 mx-auto w-full horizontal justify-between flex-wrap\" ><a id=\"div_block-189-11\" class=\"ct-link horizontal mr-12 fit-content mb-8 md-w-full md-mr-0 md-vertical\" href=\"tel:+34938387469\"   ><div id=\"fancy_icon-190-11\" class=\"ct-fancy-icon mr-4 sc-ic-contacto\" ><svg id=\"svg-fancy_icon-190-11\"><use xlink:href=\"#csicon-phone\"><\/use><\/svg><\/div><div id=\"div_block-191-11\" class=\"ct-div-block md-centered\" ><div id=\"text_block-192-11\" class=\"ct-text-block font-bold color-primary\" >Truca'ns<\/div><div id=\"text_block-33-56\" class=\"ct-text-block color-paragraph-alt\" >(+34) 93 838 74 69<\/div><\/div><\/a><a id=\"contact\" class=\"ct-link horizontal items-end fit-content mb-8 lg-justify-start\" href=\"mailto:comercial@cotexsl.com\"   ><div id=\"fancy_icon-201-11\" class=\"ct-fancy-icon mr-4 sc-ic-contacto\" ><svg id=\"svg-fancy_icon-201-11\"><use xlink:href=\"#csicon-Email\"><\/use><\/svg><\/div><div id=\"div_block-202-11\" class=\"ct-div-block md-centered\" ><div id=\"text_block-203-11\" class=\"ct-text-block font-bold color-primary\" >Email<\/div><div id=\"text_block-29-56\" class=\"ct-text-block color-paragraph-alt sm-word-break-all\" >comercial@cotexsl.com<\/div><\/div><\/a><\/div><div id=\"formulario\" class=\"ct-shortcode mx-auto w-3by4 lg-w-full\" >\n<div class=\"wpcf7 no-js\" id=\"wpcf7-f819-o1\" lang=\"ca\" dir=\"ltr\" data-wpcf7-id=\"819\">\n<div class=\"screen-reader-response\"><p role=\"status\" aria-live=\"polite\" aria-atomic=\"true\"><\/p> <ul><\/ul><\/div>\n<form action=\"\/ca\/wp-json\/wp\/v2\/pages\/763#wpcf7-f819-o1\" method=\"post\" class=\"wpcf7-form init\" aria-label=\"Formulari de contacte\" novalidate=\"novalidate\" data-status=\"init\">\n<fieldset class=\"hidden-fields-container\"><input type=\"hidden\" name=\"_wpcf7\" value=\"819\" \/><input type=\"hidden\" name=\"_wpcf7_version\" value=\"6.1.5\" \/><input type=\"hidden\" name=\"_wpcf7_locale\" value=\"ca\" \/><input type=\"hidden\" name=\"_wpcf7_unit_tag\" value=\"wpcf7-f819-o1\" \/><input type=\"hidden\" name=\"_wpcf7_container_post\" value=\"0\" \/><input type=\"hidden\" name=\"_wpcf7_posted_data_hash\" value=\"\" \/><input type=\"hidden\" name=\"_wpcf7_recaptcha_response\" value=\"\" \/>\n<\/fieldset>\n<div class=\"w-full grid grid-cols-2 gap-8 md-grid-cols-1 grid\">\n\t<p><label> Nom<span class=\"wpcf7-form-control-wrap\" data-name=\"nombre\"><input size=\"40\" maxlength=\"400\" class=\"wpcf7-form-control wpcf7-text wpcf7-validates-as-required\" aria-required=\"true\" aria-invalid=\"false\" value=\"\" type=\"text\" name=\"nombre\" \/><\/span> <\/label><label> Cognom <span class=\"wpcf7-form-control-wrap\" data-name=\"apellido\"><input size=\"40\" maxlength=\"400\" class=\"wpcf7-form-control wpcf7-text wpcf7-validates-as-required\" aria-required=\"true\" aria-invalid=\"false\" value=\"\" type=\"text\" name=\"apellido\" \/><\/span> <\/label>\n\t<\/p>\n<\/div>\n<p><label> *Correu electr\u00f2nic<br \/>\n<span class=\"wpcf7-form-control-wrap\" data-name=\"email\"><input size=\"40\" maxlength=\"400\" class=\"wpcf7-form-control wpcf7-email wpcf7-validates-as-required wpcf7-text wpcf7-validates-as-email\" aria-required=\"true\" aria-invalid=\"false\" value=\"\" type=\"email\" name=\"email\" \/><\/span> <\/label>\n<\/p>\n<p><label> Empresa<br \/>\n<span class=\"wpcf7-form-control-wrap\" data-name=\"empresa\"><input size=\"40\" maxlength=\"400\" class=\"wpcf7-form-control wpcf7-text wpcf7-validates-as-required\" aria-required=\"true\" aria-invalid=\"false\" value=\"\" type=\"text\" name=\"empresa\" \/><\/span> <\/label>\n<\/p>\n<p><label> Assumpte<br \/>\n<span class=\"wpcf7-form-control-wrap\" data-name=\"asunto\"><input size=\"40\" maxlength=\"400\" class=\"wpcf7-form-control wpcf7-text wpcf7-validates-as-required\" aria-required=\"true\" aria-invalid=\"false\" value=\"\" type=\"text\" name=\"asunto\" \/><\/span> <\/label>\n<\/p>\n<p><label> *Missatge<br \/>\n<span class=\"wpcf7-form-control-wrap\" data-name=\"mensaje\"><textarea cols=\"40\" rows=\"10\" maxlength=\"2000\" class=\"wpcf7-form-control wpcf7-textarea wpcf7-validates-as-required\" aria-required=\"true\" aria-invalid=\"false\" name=\"mensaje\"><\/textarea><\/span> <\/label>\n<\/p>\n<p>COTEX AVINY\u00d3, S.L. es compromet a protegir i respectar la teva privadesa, i nom\u00e9s farem servir la teva informaci\u00f3 personal per gestionar la sol\u00b7licitud.\n<\/p>\n<p><span class=\"wpcf7-form-control-wrap\" data-name=\"acceptance-293\"><span class=\"wpcf7-form-control wpcf7-acceptance optional\"><span class=\"wpcf7-list-item\"><label><input type=\"checkbox\" name=\"acceptance-293\" value=\"1\" aria-invalid=\"false\" \/><span class=\"wpcf7-list-item-label\">Accepto rebre altres comunicacions de COTEX AVINY\u00d3, S.L.<\/span><\/label><\/span><\/span><\/span>\n<\/p>\n<p><span class=\"wpcf7-form-control-wrap\" data-name=\"acceptance-295\"><span class=\"wpcf7-form-control wpcf7-acceptance\"><span class=\"wpcf7-list-item\"><label><input type=\"checkbox\" name=\"acceptance-295\" value=\"1\" aria-invalid=\"false\" \/><span class=\"wpcf7-list-item-label\">Consenteixo el tractament de les meves dades personals per a aquesta finalitat:  <a href=\"\/ca\/avis-legal\">Avis legal<\/a> i <a href=\"\/ca\/politica-de-privadesa\">Pol\u00edtica de privacitat<\/a><\/span><\/label><\/span><\/span><\/span>\n<\/p>\n<p><input class=\"wpcf7-form-control wpcf7-submit has-spinner btn-m btn-primary rounded-full border-none ml-auto uppercase tracking-wide font-semibold\" type=\"submit\" value=\"Contactanos\" \/>\n<\/p><p style=\"display: none !important;\" class=\"akismet-fields-container\" data-prefix=\"_wpcf7_ak_\"><label>&#916;<textarea name=\"_wpcf7_ak_hp_textarea\" cols=\"45\" rows=\"8\" maxlength=\"100\"><\/textarea><\/label><input type=\"hidden\" id=\"ak_js_1\" name=\"_wpcf7_ak_js\" value=\"144\"\/><script>document.getElementById( \"ak_js_1\" ).setAttribute( \"value\", ( new Date() ).getTime() );<\/script><\/p><div class=\"wpcf7-response-output\" aria-hidden=\"true\"><\/div>\n<\/form>\n<\/div>\n<\/div><\/div><\/div><\/section>","protected":false},"excerpt":{"rendered":"","protected":false},"author":2,"featured_media":0,"parent":0,"menu_order":0,"comment_status":"closed","ping_status":"closed","template":"","meta":{"_acf_changed":false,"footnotes":""},"class_list":["post-763","page","type-page","status-publish","hentry"],"acf":[],"_links":{"self":[{"href":"https:\/\/cotexsl.com\/ca\/wp-json\/wp\/v2\/pages\/763","targetHints":{"allow":["GET"]}}],"collection":[{"href":"https:\/\/cotexsl.com\/ca\/wp-json\/wp\/v2\/pages"}],"about":[{"href":"https:\/\/cotexsl.com\/ca\/wp-json\/wp\/v2\/types\/page"}],"author":[{"embeddable":true,"href":"https:\/\/cotexsl.com\/ca\/wp-json\/wp\/v2\/users\/2"}],"replies":[{"embeddable":true,"href":"https:\/\/cotexsl.com\/ca\/wp-json\/wp\/v2\/comments?post=763"}],"version-history":[{"count":6,"href":"https:\/\/cotexsl.com\/ca\/wp-json\/wp\/v2\/pages\/763\/revisions"}],"predecessor-version":[{"id":1938,"href":"https:\/\/cotexsl.com\/ca\/wp-json\/wp\/v2\/pages\/763\/revisions\/1938"}],"wp:attachment":[{"href":"https:\/\/cotexsl.com\/ca\/wp-json\/wp\/v2\/media?parent=763"}],"curies":[{"name":"wp","href":"https:\/\/api.w.org\/{rel}","templated":true}]}}