{"id":755,"date":"2022-01-24T11:47:39","date_gmt":"2022-01-24T09:47:39","guid":{"rendered":"https:\/\/cotexsl.com\/?page_id=755"},"modified":"2022-05-05T16:44:40","modified_gmt":"2022-05-05T16:44:40","slug":"home","status":"publish","type":"page","link":"https:\/\/cotexsl.com\/ca\/","title":{"rendered":"home"},"content":{"rendered":"<section id=\"section-2-44\" class=\" ct-section bg-secondary section-py-sm\" ><div class=\"ct-section-inner-wrap\"><div id=\"div_block-3-44\" class=\"ct-div-block w-full grid grid-cols-2 gap-8 items-center md-grid-cols-1 lg-grid-cols-1\" ><div id=\"div_block-4-44\" class=\"ct-div-block\" ><h1 id=\"headline-5-44\" class=\"ct-headline mb-6 color-primary cs-h1\">Empresa industrial&nbsp;<div>de confecci\u00f3 t\u00e8xtil<\/div><div>Imagina enT\u00e8xtil...<div>HO FEM<\/div><\/div><\/h1><a id=\"text_block-8-44\" class=\"ct-link-text color-paragraph mb-8 font-normal\" href=\"http:\/\/\"   >Gr\u00e0cies a la nostra experi\u00e8ncia demostrada amb m\u00e9s de 35 anys al mercat, i amb gran capacitat industrial podem oferir als nostres clients, un servei integral en tot tipus de productes que requereixin&nbsp; confecci\u00f3.&nbsp;<div>&nbsp;\u25cf Llar&nbsp;<\/div><div>&nbsp;\u25cf Hostaleria&nbsp;<\/div><div>&nbsp;\u25cf Contract&nbsp;<\/div><div>&nbsp;\u25cf Complements ( puericultura, accessoris, decoraci\u00f3..)&nbsp;<\/div><div>&nbsp;\u25cf Cortines&nbsp;<\/div><div>&nbsp;\u25cf Productes T\u00e8cnics&nbsp;<\/div><div>&nbsp;\u25cf Altres ( sanitari, geriatria, esdeveniments..)&nbsp;<\/div><div>&nbsp;\u25cf Projectes a mida<br><\/div><\/a><a id=\"link_text-10-44\" class=\"ct-link-text btn-l btn-primary rounded-full uppercase font-medium tracking-wide md-py-6 sm-btn-txt\" href=\"#contact\" target=\"_self\"  >SOL\u00b7LICITA PRESSUPOST<\/a><\/div><div id=\"div_block-315-44\" class=\"ct-div-block relative md-order-first md-mb-8 lg-order-first\" ><div id=\"div_block-321-44\" class=\"ct-div-block position-absolute z-99 h-full w-full centered\" ><div id=\"fancy_icon-322-44\" class=\"ct-fancy-icon color-primary\" ><svg id=\"svg-fancy_icon-322-44\"><use xlink:href=\"#FontAwesomeicon-play-circle\"><\/use><\/svg><\/div><\/div><div id=\"div_block-327-44\" class=\"ct-div-block\" ><div id=\"code_block-328-44\" class=\"ct-code-block my-auto\" ><video autoplay muted loop id=\"myVideo\" style=\"max-height: 100%;\">\n  <source src=\"https:\/\/confeccionsserraller.com\/wp-content\/uploads\/2022\/02\/serraller-top-vid-1.webm\" type=\"video\/mp4\">\n<\/video>\n<\/div><\/div><\/div><\/div>            <div tabindex=\"-1\" class=\"oxy-modal-backdrop  \"\n                style=\"background-color: #000000;\"\n                data-trigger=\"user_clicks_element\"                data-trigger-selector=\"#fancy_icon-322-44\"                data-trigger-time=\"5\"                data-trigger-time-unit=\"seconds\"                data-close-automatically=\"no\"                data-close-after-time=\"10\"                data-close-after-time-unit=\"seconds\"                data-trigger_scroll_amount=\"50\"                data-trigger_scroll_direction=\"down\"\t            data-scroll_to_selector=\"\"\t            data-time_inactive=\"60\"\t            data-time-inactive-unit=\"seconds\"\t            data-number_of_clicks=\"3\"\t            data-close_on_esc=\"on\"\t            data-number_of_page_views=\"3\"                data-close-after-form-submit=\"no\"                data-open-again=\"always_show\"                data-open-again-after-days=\"3\"            >\n\n                <div id=\"modal-319-44\" class=\"ct-modal\" ><div id=\"div_block-326-44\" class=\"ct-div-block \" ><div id=\"fancy_icon-324-44\" class=\"ct-fancy-icon ml-auto oxy-close-modal mb-10\" ><svg id=\"svg-fancy_icon-324-44\"><use xlink:href=\"#Lineariconsicon-cross\"><\/use><\/svg><\/div><div id=\"video-323-44\" class=\"ct-video\" >\n                <div class=\"oxygen-vsb-responsive-video-wrapper\"><iframe  src=\"https:\/\/www.youtube.com\/embed\/KoLj4CFXFW4\" frameborder=\"0\" webkitallowfullscreen mozallowfullscreen allowfullscreen><\/iframe><\/div>\n                <\/div><\/div><\/div>\n            <\/div>\n        <\/div><\/section>\n\n<section id=\"section-16-44\" class=\" ct-section \" ><div class=\"ct-section-inner-wrap\"><div id=\"div_block-17-44\" class=\"ct-div-block w-full centered\" ><h2 id=\"headline-18-44\" class=\"ct-headline mb-2 lg-w-full color-primary cs-h2 w-5by6\">Tenim l'experi\u00e8ncia, la maquin\u00e0ria i l'equip hum\u00e0 necessari per dur a terme els teus projectes<br><\/h2><div id=\"text_block-19-44\" class=\"ct-text-block color-paragraph lg-w-full mb-20\" >&nbsp;projectes de confecci\u00f3, adaptant-nos a les necessitats de cada client.<\/div><\/div><div id=\"div_block-330-44\" class=\"ct-div-block w-full grid xl-grid-cols-3 md-grid-cols-1 gap-8 grid-cols-3\" ><div id=\"div_block-331-44\" class=\"ct-div-block items-center text-center bg-white card-snug shadow h-full\" ><div id=\"fancy_icon-332-44\" class=\"ct-fancy-icon mb-6\" ><svg id=\"svg-fancy_icon-332-44\"><use xlink:href=\"#FontAwesomeicon-cogs\"><\/use><\/svg><\/div><h3 id=\"headline-19-73\" class=\"ct-headline h3-sans color-primary mb-3\"><div><br><\/div>Experi\u00e8ncia<\/h3><div id=\"text_block-334-44\" class=\"ct-text-block color-paragraph\" >&nbsp;Els m\u00e9s de 35 anys al sector de la confecci\u00f3 ens consoliden com una de les empreses de refer\u00e8ncia.<\/div><\/div><div id=\"div_block-335-44\" class=\"ct-div-block items-center text-center bg-white card-snug shadow h-full\" ><div id=\"fancy_icon-336-44\" class=\"ct-fancy-icon mb-6\" ><svg id=\"svg-fancy_icon-336-44\"><use xlink:href=\"#csicon-swe\"><\/use><\/svg><\/div><h3 id=\"headline-22-73\" class=\"ct-headline h3-sans color-primary mb-3\">Maquin\u00e0ria, instal\u00b7lacions i serveis <\/h3><div id=\"text_block-338-44\" class=\"ct-text-block color-paragraph\" >Tall digitalitzat i manual, patronatge, repunt, remalladora, fest\u00f3, repulgo, vainica, maquines de triple arrossegament, enconxadora.\nServei de magatzem i log\u00edstica.&nbsp;<\/div><\/div><div id=\"div_block-339-44\" class=\"ct-div-block items-center text-center bg-white card-snug shadow h-full\" ><div id=\"fancy_icon-340-44\" class=\"ct-fancy-icon mb-6\" ><svg id=\"svg-fancy_icon-340-44\"><use xlink:href=\"#FontAwesomeicon-group\"><\/use><\/svg><\/div><h3 id=\"headline-25-73\" class=\"ct-headline h3-sans color-primary mb-3\">Equip hum\u00e0<\/h3><div id=\"text_block-342-44\" class=\"ct-text-block color-paragraph\" >&nbsp;Atenci\u00f3 personalitzada, assessorament, mostres, patronatge, producci\u00f3 i control de qualitat.<\/div><\/div><\/div><\/div><\/section>\n\n<section id=\"section-120-44\" class=\" ct-section bg section-py-sm pt-24\" ><div class=\"ct-section-inner-wrap\"><div id=\"div_block-121-44\" class=\"ct-div-block w-full grid grid-cols-2 items-center md-grid-cols-1 row-gap-12 gap-16\" ><div id=\"div_block-122-44\" class=\"ct-div-block rounded-lg pt-12 pb-12 pl-12 relative\" ><img decoding=\"async\"  id=\"image-123-44\" alt=\"\" src=\"https:\/\/cotexsl.com\/wp-content\/uploads\/2022\/05\/120.png\" class=\"ct-image mt-auto ml-auto h-full w-full object-cover z-99 rounded-xl\"\/><div id=\"div_block-129-44\" class=\"ct-div-block bg-primary rounded-xl\" ><\/div><\/div><div id=\"div_block-124-44\" class=\"ct-div-block\" ><h2 id=\"headline-125-44\" class=\"ct-headline mb-4 color-primary font-semibold cs-h3\">Hostaleria&nbsp;<\/h2><div id=\"text_block-126-44\" class=\"ct-text-block color-paragraph mb-6 font-medium\" >Som especialistes en confecci\u00f3 de t\u00e8xtils per al sector de l'hostaleria, taula, fundes de cadira, llit, bany, decoraci\u00f3, cortines Contract i exterior.<\/div><a id=\"link_text-127-44\" class=\"ct-link-text btn-m btn-primary rounded-full uppercase tracking-wide\" href=\"https:\/\/cotexsl.com\/ca\/hosteleria\/\"   >SABER M\u00c9S<\/a><\/div><\/div><\/div><\/section>\n\n<section id=\"section-241-44\" class=\" ct-section bg section-py-sm\" ><div class=\"ct-section-inner-wrap\"><div id=\"div_block-242-44\" class=\"ct-div-block w-full grid grid-cols-2 items-center md-grid-cols-1 row-gap-12 gap-16\" ><div id=\"div_block-246-44\" class=\"ct-div-block\" ><h2 id=\"headline-247-44\" class=\"ct-headline mb-4 color-primary cs-h3\">&nbsp;Llar<\/h2><div id=\"text_block-248-44\" class=\"ct-text-block color-paragraph mb-6 font-medium\" >Confeccionem una \u00e0mplia varietat de productes t\u00e8xtils per a la llar. llit, taula, bany, exterior, decoraci\u00f3 i cortines.<\/div><a id=\"link_text-316-44\" class=\"ct-link-text btn-m btn-primary rounded-full uppercase tracking-wide\" href=\"https:\/\/cotexsl.com\/ca\/llar\/\"   >SABER M\u00c9S<\/a><\/div><div id=\"div_block-243-44\" class=\"ct-div-block rounded-lg pt-12 pb-12 pl-12 relative md-order-first\" ><img decoding=\"async\"  id=\"image-244-44\" alt=\"\" src=\"https:\/\/cotexsl.com\/wp-content\/uploads\/2022\/02\/mantel-vainica-scaled.jpg\" class=\"ct-image mt-auto ml-auto h-full w-full object-cover z-99 rounded-xl\"\/><div id=\"div_block-245-44\" class=\"ct-div-block bg-primary rounded-xl\" ><\/div><\/div><\/div><\/div><\/section>\n\n<section id=\"section-120-44\" class=\" ct-section bg section-py-sm pt-24\" ><div class=\"ct-section-inner-wrap\"><div id=\"div_block-121-44\" class=\"ct-div-block w-full grid grid-cols-2 items-center md-grid-cols-1 row-gap-12 gap-16\" ><div id=\"div_block-122-44\" class=\"ct-div-block rounded-lg pt-12 pb-12 pl-12 relative\" ><img decoding=\"async\"  id=\"image-123-44\" alt=\"\" src=\"https:\/\/cotexsl.com\/wp-content\/uploads\/2022\/05\/porta-entrepa.jpg\" class=\"ct-image mt-auto ml-auto h-full w-full object-cover z-99 rounded-xl\"\/><div id=\"div_block-129-44\" class=\"ct-div-block bg-primary rounded-xl\" ><\/div><\/div><div id=\"div_block-124-44\" class=\"ct-div-block\" ><h2 id=\"headline-125-44\" class=\"ct-headline mb-4 color-primary font-semibold cs-h3\">Complements&nbsp;<\/h2><div id=\"text_block-126-44\" class=\"ct-text-block color-paragraph mb-6 font-medium\" ><div>Tens una marca pr\u00f2pia i vols personalitzar el teu producte.\nMotxilla, bosses, necessers, porta snaks, porta entrepans, lunch i un ampli cat\u00e0leg de productes<\/div><\/div><a id=\"link_text-127-44\" class=\"ct-link-text btn-m btn-primary rounded-full uppercase tracking-wide\" href=\"https:\/\/cotexsl.com\/ca\/complements\/\"   >SABER M\u00c9S<!-- wp:oxygen-vsb\/ovsb-image-l-text-r-5-icons {\"image-123-44_image\":\"https:\/\/cotexsl.com\/wp-content\/uploads\/2022\/02\/roipa-quirofano-textiles-sanitarios.jpg\",\"text_block-126-44_string\":\"Tenemos una gran experiencia en la fabricaci\u00f3n de textiles hospitalarios con el material de alta calidad \u00f3ptima para sector salud, el confort del personal sanitario y de los pacientes.\",\"text_block-135-44_string\":\"Ropa para sanitarios\",\"link_text-127-44_link\":\"https:\/\/cotexsl.com\/sanitario\/\"} \/--><\/a><\/div><\/div><\/div><\/section>\n\n<section id=\"section-241-44\" class=\" ct-section bg section-py-sm\" ><div class=\"ct-section-inner-wrap\"><div id=\"div_block-242-44\" class=\"ct-div-block w-full grid grid-cols-2 items-center md-grid-cols-1 row-gap-12 gap-16\" ><div id=\"div_block-246-44\" class=\"ct-div-block\" ><h2 id=\"headline-247-44\" class=\"ct-headline mb-4 color-primary cs-h3\">Altres sectors&nbsp;<\/h2><div id=\"text_block-248-44\" class=\"ct-text-block color-paragraph mb-6 font-medium\" >&nbsp;Diferents accessoris que s'utilitzen a hospitals, resid\u00e8ncies, centres d'est\u00e8tica, cl\u00edniques, serveis f\u00fanebres, esdeveniments aix\u00ed com qualsevol altre tipus de producte de confecci\u00f3.\nA m\u00e9s de productes t\u00e8cnics, que per la seva complexitat, requereixen maquin\u00e0ria i operaris altament qualificats.<\/div><a id=\"link_text-316-44\" class=\"ct-link-text btn-m btn-primary rounded-full uppercase tracking-wide\" href=\"https:\/\/cotexsl.com\/ca\/sanitari\/\"   >SABER M\u00c9S<\/a><\/div><div id=\"div_block-243-44\" class=\"ct-div-block rounded-lg pt-12 pb-12 pl-12 relative md-order-first\" ><img decoding=\"async\"  id=\"image-244-44\" alt=\"\" src=\"https:\/\/cotexsl.com\/wp-content\/uploads\/2022\/05\/112.png\" class=\"ct-image mt-auto ml-auto h-full w-full object-cover z-99 rounded-xl\"\/><div id=\"div_block-245-44\" class=\"ct-div-block bg-primary rounded-xl\" ><\/div><\/div><\/div><\/div><\/section>\n\n<section id=\"section-120-44\" class=\" ct-section bg section-py-sm pt-24\" ><div class=\"ct-section-inner-wrap\"><div id=\"div_block-121-44\" class=\"ct-div-block w-full grid grid-cols-2 items-center md-grid-cols-1 row-gap-12 gap-16\" ><div id=\"div_block-122-44\" class=\"ct-div-block rounded-lg pt-12 pb-12 pl-12 relative\" ><img decoding=\"async\"  id=\"image-123-44\" alt=\"\" src=\"https:\/\/cotexsl.com\/wp-content\/uploads\/2022\/05\/22.png\" class=\"ct-image mt-auto ml-auto h-full w-full object-cover z-99 rounded-xl\"\/><div id=\"div_block-129-44\" class=\"ct-div-block bg-primary rounded-xl\" ><\/div><\/div><div id=\"div_block-124-44\" class=\"ct-div-block\" ><h2 id=\"headline-125-44\" class=\"ct-headline mb-4 color-primary font-semibold cs-h3\">Projectes a mida&nbsp;<div>Tens una idea??&nbsp;<\/div><div>T'ajudem!!  <\/div><\/h2><div id=\"text_block-126-44\" class=\"ct-text-block color-paragraph mb-6 font-medium\" ><div>&nbsp;Tens una idea o projecte, si la comparteixes amb nosaltres t'ajudem en tot el proc\u00e9s, cerca de materials, (fornitures, teixits. etiquetes de marca etc.)<\/div><\/div><a id=\"link_text-127-44\" class=\"ct-link-text btn-m btn-primary rounded-full uppercase tracking-wide\" href=\"https:\/\/cotexsl.com\/ca\/projectes-a-mida\/\"   >SABER M\u00c9S<!-- wp:oxygen-vsb\/ovsb-image-l-text-r-5-icons {\"image-123-44_image\":\"https:\/\/cotexsl.com\/wp-content\/uploads\/2022\/02\/roipa-quirofano-textiles-sanitarios.jpg\",\"text_block-126-44_string\":\"Tenemos una gran experiencia en la fabricaci\u00f3n de textiles hospitalarios con el material de alta calidad \u00f3ptima para sector salud, el confort del personal sanitario y de los pacientes.\",\"text_block-135-44_string\":\"Ropa para sanitarios\",\"link_text-127-44_link\":\"https:\/\/cotexsl.com\/sanitario\/\"} \/--><\/a><\/div><\/div><\/div><\/section>\n\n<section id=\"section-175-11\" class=\" ct-section section-py-sm\" ><div class=\"ct-section-inner-wrap\"><div id=\"code_block-183-11\" class=\"ct-code-block\" ><\/div><div id=\"div_block-176-11\" class=\"ct-div-block py-20 px-12 sm-px-4\" ><h3 id=\"headline-177-11\" class=\"ct-headline mx-auto mb-6 color-primary text-center\">Demana informaci\u00f3<\/h3><div id=\"text_block-178-11\" class=\"ct-text-block mx-auto text-center mb-10\" >&nbsp;Parlem! Omple el formulari i ens posarem en contacte amb tu el m\u00e9s aviat possible<br><\/div><div id=\"div_block-188-11\" class=\"ct-div-block mb-12 mx-auto w-full horizontal justify-between flex-wrap\" ><a id=\"div_block-189-11\" class=\"ct-link horizontal mr-12 fit-content mb-8 md-w-full md-mr-0 md-vertical\" href=\"tel:+34938387469\"   ><div id=\"fancy_icon-190-11\" class=\"ct-fancy-icon mr-4 sc-ic-contacto\" ><svg id=\"svg-fancy_icon-190-11\"><use xlink:href=\"#csicon-phone\"><\/use><\/svg><\/div><div id=\"div_block-191-11\" class=\"ct-div-block md-centered\" ><div id=\"text_block-192-11\" class=\"ct-text-block font-bold color-primary\" >Truca'ns<\/div><div id=\"text_block-33-56\" class=\"ct-text-block color-paragraph-alt\" >(+34) 93 838 74 69<\/div><\/div><\/a><a id=\"contact\" class=\"ct-link horizontal items-end fit-content mb-8 lg-justify-start\" href=\"mailto:comercial@cotexsl.com\"   ><div id=\"fancy_icon-201-11\" class=\"ct-fancy-icon mr-4 sc-ic-contacto\" ><svg id=\"svg-fancy_icon-201-11\"><use xlink:href=\"#csicon-Email\"><\/use><\/svg><\/div><div id=\"div_block-202-11\" class=\"ct-div-block md-centered\" ><div id=\"text_block-203-11\" class=\"ct-text-block font-bold color-primary\" >Email<\/div><div id=\"text_block-29-56\" class=\"ct-text-block color-paragraph-alt sm-word-break-all\" >comercial@cotexsl.com<\/div><\/div><\/a><\/div><div id=\"formulario\" class=\"ct-shortcode mx-auto w-3by4 lg-w-full\" >\n<div class=\"wpcf7 no-js\" id=\"wpcf7-f819-o1\" lang=\"ca\" dir=\"ltr\" data-wpcf7-id=\"819\">\n<div class=\"screen-reader-response\"><p role=\"status\" aria-live=\"polite\" aria-atomic=\"true\"><\/p> <ul><\/ul><\/div>\n<form action=\"\/ca\/wp-json\/wp\/v2\/pages\/755#wpcf7-f819-o1\" method=\"post\" class=\"wpcf7-form init\" aria-label=\"Formulari de contacte\" novalidate=\"novalidate\" data-status=\"init\">\n<fieldset class=\"hidden-fields-container\"><input type=\"hidden\" name=\"_wpcf7\" value=\"819\" \/><input type=\"hidden\" name=\"_wpcf7_version\" value=\"6.1.5\" \/><input type=\"hidden\" name=\"_wpcf7_locale\" value=\"ca\" \/><input type=\"hidden\" name=\"_wpcf7_unit_tag\" value=\"wpcf7-f819-o1\" \/><input type=\"hidden\" name=\"_wpcf7_container_post\" value=\"0\" \/><input type=\"hidden\" name=\"_wpcf7_posted_data_hash\" value=\"\" \/><input type=\"hidden\" name=\"_wpcf7_recaptcha_response\" value=\"\" \/>\n<\/fieldset>\n<div class=\"w-full grid grid-cols-2 gap-8 md-grid-cols-1 grid\">\n\t<p><label> Nom<span class=\"wpcf7-form-control-wrap\" data-name=\"nombre\"><input size=\"40\" maxlength=\"400\" class=\"wpcf7-form-control wpcf7-text wpcf7-validates-as-required\" aria-required=\"true\" aria-invalid=\"false\" value=\"\" type=\"text\" name=\"nombre\" \/><\/span> <\/label><label> Cognom <span class=\"wpcf7-form-control-wrap\" data-name=\"apellido\"><input size=\"40\" maxlength=\"400\" class=\"wpcf7-form-control wpcf7-text wpcf7-validates-as-required\" aria-required=\"true\" aria-invalid=\"false\" value=\"\" type=\"text\" name=\"apellido\" \/><\/span> <\/label>\n\t<\/p>\n<\/div>\n<p><label> *Correu electr\u00f2nic<br \/>\n<span class=\"wpcf7-form-control-wrap\" data-name=\"email\"><input size=\"40\" maxlength=\"400\" class=\"wpcf7-form-control wpcf7-email wpcf7-validates-as-required wpcf7-text wpcf7-validates-as-email\" aria-required=\"true\" aria-invalid=\"false\" value=\"\" type=\"email\" name=\"email\" \/><\/span> <\/label>\n<\/p>\n<p><label> Empresa<br \/>\n<span class=\"wpcf7-form-control-wrap\" data-name=\"empresa\"><input size=\"40\" maxlength=\"400\" class=\"wpcf7-form-control wpcf7-text wpcf7-validates-as-required\" aria-required=\"true\" aria-invalid=\"false\" value=\"\" type=\"text\" name=\"empresa\" \/><\/span> <\/label>\n<\/p>\n<p><label> Assumpte<br \/>\n<span class=\"wpcf7-form-control-wrap\" data-name=\"asunto\"><input size=\"40\" maxlength=\"400\" class=\"wpcf7-form-control wpcf7-text wpcf7-validates-as-required\" aria-required=\"true\" aria-invalid=\"false\" value=\"\" type=\"text\" name=\"asunto\" \/><\/span> <\/label>\n<\/p>\n<p><label> *Missatge<br \/>\n<span class=\"wpcf7-form-control-wrap\" data-name=\"mensaje\"><textarea cols=\"40\" rows=\"10\" maxlength=\"2000\" class=\"wpcf7-form-control wpcf7-textarea wpcf7-validates-as-required\" aria-required=\"true\" aria-invalid=\"false\" name=\"mensaje\"><\/textarea><\/span> <\/label>\n<\/p>\n<p>COTEX AVINY\u00d3, S.L. es compromet a protegir i respectar la teva privadesa, i nom\u00e9s farem servir la teva informaci\u00f3 personal per gestionar la sol\u00b7licitud.\n<\/p>\n<p><span class=\"wpcf7-form-control-wrap\" data-name=\"acceptance-293\"><span class=\"wpcf7-form-control wpcf7-acceptance optional\"><span class=\"wpcf7-list-item\"><label><input type=\"checkbox\" name=\"acceptance-293\" value=\"1\" aria-invalid=\"false\" \/><span class=\"wpcf7-list-item-label\">Accepto rebre altres comunicacions de COTEX AVINY\u00d3, S.L.<\/span><\/label><\/span><\/span><\/span>\n<\/p>\n<p><span class=\"wpcf7-form-control-wrap\" data-name=\"acceptance-295\"><span class=\"wpcf7-form-control wpcf7-acceptance\"><span class=\"wpcf7-list-item\"><label><input type=\"checkbox\" name=\"acceptance-295\" value=\"1\" aria-invalid=\"false\" \/><span class=\"wpcf7-list-item-label\">Consenteixo el tractament de les meves dades personals per a aquesta finalitat:  <a href=\"\/ca\/avis-legal\">Avis legal<\/a> i <a href=\"\/ca\/politica-de-privadesa\">Pol\u00edtica de privacitat<\/a><\/span><\/label><\/span><\/span><\/span>\n<\/p>\n<p><input class=\"wpcf7-form-control wpcf7-submit has-spinner btn-m btn-primary rounded-full border-none ml-auto uppercase tracking-wide font-semibold\" type=\"submit\" value=\"Contactanos\" \/>\n<\/p><p style=\"display: none !important;\" class=\"akismet-fields-container\" data-prefix=\"_wpcf7_ak_\"><label>&#916;<textarea name=\"_wpcf7_ak_hp_textarea\" cols=\"45\" rows=\"8\" maxlength=\"100\"><\/textarea><\/label><input type=\"hidden\" id=\"ak_js_1\" name=\"_wpcf7_ak_js\" value=\"216\"\/><script>document.getElementById( \"ak_js_1\" ).setAttribute( \"value\", ( new Date() ).getTime() );<\/script><\/p><div class=\"wpcf7-response-output\" aria-hidden=\"true\"><\/div>\n<\/form>\n<\/div>\n<\/div><\/div><\/div><\/section>","protected":false},"excerpt":{"rendered":"","protected":false},"author":2,"featured_media":654,"parent":0,"menu_order":0,"comment_status":"closed","ping_status":"closed","template":"","meta":{"_acf_changed":false,"footnotes":""},"class_list":["post-755","page","type-page","status-publish","has-post-thumbnail","hentry"],"acf":[],"_links":{"self":[{"href":"https:\/\/cotexsl.com\/ca\/wp-json\/wp\/v2\/pages\/755","targetHints":{"allow":["GET"]}}],"collection":[{"href":"https:\/\/cotexsl.com\/ca\/wp-json\/wp\/v2\/pages"}],"about":[{"href":"https:\/\/cotexsl.com\/ca\/wp-json\/wp\/v2\/types\/page"}],"author":[{"embeddable":true,"href":"https:\/\/cotexsl.com\/ca\/wp-json\/wp\/v2\/users\/2"}],"replies":[{"embeddable":true,"href":"https:\/\/cotexsl.com\/ca\/wp-json\/wp\/v2\/comments?post=755"}],"version-history":[{"count":27,"href":"https:\/\/cotexsl.com\/ca\/wp-json\/wp\/v2\/pages\/755\/revisions"}],"predecessor-version":[{"id":1896,"href":"https:\/\/cotexsl.com\/ca\/wp-json\/wp\/v2\/pages\/755\/revisions\/1896"}],"wp:featuredmedia":[{"embeddable":true,"href":"https:\/\/cotexsl.com\/ca\/wp-json\/wp\/v2\/media\/654"}],"wp:attachment":[{"href":"https:\/\/cotexsl.com\/ca\/wp-json\/wp\/v2\/media?parent=755"}],"curies":[{"name":"wp","href":"https:\/\/api.w.org\/{rel}","templated":true}]}}