{"id":2767,"date":"2025-10-06T12:23:19","date_gmt":"2025-10-06T10:23:19","guid":{"rendered":"https:\/\/cotexsl.com\/politica-de-redes-sociales-2\/"},"modified":"2025-10-07T11:55:37","modified_gmt":"2025-10-07T11:55:37","slug":"politica-de-redes-sociales-2","status":"publish","type":"page","link":"https:\/\/cotexsl.com\/ca\/politica-de-redes-sociales-2\/","title":{"rendered":"Pol\u00edtica de xarxes socials"},"content":{"rendered":"\n<p>En compliment del REGLAMENT (UE) 2016\/679, del 27 d\u2019abril de 2016 del Parlament Europeu, i del Consell relatiu a la Protecci\u00f3 de las persones f\u00edsiques en el que respecta al tractament de les seves dades personals, la Llei Org\u00e0nica 3\/2018, del 5 de desembre, de Protecci\u00f3 de Dades Personals i garantia dels drets digitals i la Llei 34\/2002, del 11 de juliol, de Serveis de la Societat de la Informaci\u00f3 i de Comer\u00e7 Electr\u00f2nic (LSSI-CE), COTEX AVINY\u00d3, S.L., en endavant (COTEX AVINY\u00d3), informa als usuaris, que ha procedit a crear un perfil a les xarxes socials amb la finalitat principal d\u2019anunciar els seus productes i serveis.<\/p>\n\n\n\n<p><strong>DADES DE COTEX AVINY\u00d3, S.L.:<\/strong><\/p>\n\n\n\n<p><em>B21615562<\/em><\/p>\n\n\n\n<p><em>Ronda Lluis Companys, n.\u00ba 55, 08510 Ronda de Ter \u2013 Barcelona<\/em><\/p>\n\n\n\n<p><em>Tel\u00e8fon: 938387469<\/em><\/p>\n\n\n\n<p><a href=\"mailto:adm@cotexsl.com\"><em>adm@cotexsl.com<\/em><\/a><em><\/em><\/p>\n\n\n\n<p><a href=\"http:\/\/www.cotexsl.com\"><em>www.cotexsl.com<\/em><\/a><em><\/em><\/p>\n\n\n\n<p>L\u2019usuari disposa d\u2019un perfil a la mateixa xarxa social i ha decidit unir-se a la p\u00e0gina creada per COTEX AVINY\u00d3, mostrant aix\u00ed inter\u00e8s en la informaci\u00f3 que s\u2019anunci\u00ef a la xarxa. Al unir-se a la nostre p\u00e0gina, ens facilita el seu consentiment pel tractament d\u2019aquelles dades personals publicades al seu perfil.&nbsp;<\/p>\n\n\n\n<p>L\u2019usuari pot accedir en tot moment a les pol\u00edtiques de privacitat de la pr\u00f2pia xarxa social, aix\u00ed como configurar el seu perfil per garantir la seva privacitat.<\/p>\n\n\n\n<p>COTEX AVINY\u00d3 te acc\u00e9s i tracta aquella informaci\u00f3 p\u00fablica del usuari, en especial, el seu nom de contacte. Aquestes dades, nomes son utilitzades dins de la pr\u00f2pia xarxa social i en cap cas son incorporades a cap fitxer, sense sol\u00b7licitar pr\u00e8viament el consentiment expr\u00e9s del interessat.<\/p>\n\n\n\n<p>En relaci\u00f3 als drets d\u2019acc\u00e9s, rectificaci\u00f3, cancel\u00b7laci\u00f3 i oposici\u00f3, dels que vost\u00e8 disposa i que poden ser exercits davant COTEX AVINY\u00d3, d\u2019acord amb el REGLAMENT (UE) 2016\/679, del 27 d\u2019abril de 2016 del Parlament Europeu, ha de tindre en compte que donada la pr\u00f2pia funcionalitat de las xarxes socials, normalment haur\u00e0 d\u2019exercir els seus drets davant la pr\u00f2pia xarxa social.<\/p>\n\n\n\n<p>COTEX AVINY\u00d3 realitzar\u00e0 les seg\u00fcents actuacions:<\/p>\n\n\n\n<ul class=\"wp-block-list\">\n<li>Acc\u00e9s a la informaci\u00f3 p\u00fablica del perfil.<\/li>\n\n\n\n<li>Publicaci\u00f3 al perfil del usuari de tota aquella informaci\u00f3 ja publicada a la p\u00e0gina de COTEX AVINY\u00d3.<\/li>\n\n\n\n<li>Enviar missatges personals e individuals a trav\u00e9s dels canals de la xarxa social.<\/li>\n\n\n\n<li>Actualitzacions del estat de la p\u00e0gina que es publicaran al perfil del usuari.<\/li>\n<\/ul>\n\n\n\n<p>L\u2019usuari sempre pot controlar les seves connexions, eliminar els continguts que deixin d\u2019interessar-li i restringir amb qui comparteix les seves connexions, per fer-ho haur\u00e0 d\u2019accedir a la seva configuraci\u00f3 de privacitat.&nbsp;<\/p>\n\n\n\n<p><strong>DADES DE MENORS<\/strong><\/p>\n\n\n\n<p>L\u2019acc\u00e9s i registre a aquesta xarxa social esta prohibit per a menors de 14 anys. L\u2019acc\u00e9s al lloc oficial de COTEX AVINY\u00d3 tamb\u00e9 esta prohibit per a menors de 14 anys. Per la seva part, si l\u2019usuari no compleix aquest requisit, COTEX AVINY\u00d3 els informa de la necessitat de tenir l\u2019autoritzaci\u00f3 dels seus pares, tutors o responsables legals per accedir i utilitzar el lloc oficial de COTEX AVINY\u00d3.<\/p>\n\n\n\n<p>COTEX AVINY\u00d3 queda eximit de qualsevol responsabilitat derivada de l\u2019\u00fas del seu lloc oficial per menors o usuaris que no compleixin els requisits pr\u00e8viament mencionats, sent en qualsevol cas, els seus representants legals els \u00fanics responsables.<\/p>\n\n\n\n<p><strong>PUBLICACIONS<\/strong><\/p>\n\n\n\n<p>L\u2019usuari, una vegada s\u2019uneixi a la p\u00e0gina de COTEX AVINY\u00d3, podr\u00e0 publicar en aquesta \u00faltima comentaris, enlla\u00e7os, imatges o fotografies o qualsevol altre tipus de contingut multim\u00e8dia suportat per la xarxa social. L\u2019usuari, en tots els casos, ha de ser el titular dels mateixos, gaudir dels drets d\u2019autor i de propietat intel\u00b7lectual o comptar amb el consentiment dels tercers afectats. Es prohibeix expressament qualsevol publicaci\u00f3 a la p\u00e0gina, ja siguin textos, gr\u00e0fics, fotografies, v\u00eddeos, etc. que atemptin o siguin susceptibles de atemptar contra la moral, l\u2019\u00e8tica, el bon gust o l\u2019honor, i\/o que infringeixin, violin o trenquin els drets de propietat intel\u00b7lectual o industrial, el dret a la imatge o la Llei. En aquest sup\u00f2sits, COTEX AVINY\u00d3 es reserva el dret a retirar d\u2019immediat el contingut, i\/o sol\u00b7licitar el bloqueig permanent de l\u2019usuari.<\/p>\n\n\n\n<p>COTEX AVINY\u00d3 no es fa responsable dels continguts que lliurement hagi publicat un usuari.<\/p>\n\n\n\n<p>L\u2019usuari ha de tenir present que les seves publicacions seran conegudes per altres usuaris, pel qual ell mateix es el principal responsable de la seva privacitat.<\/p>\n\n\n\n<p>Les imatges que puguin publicar-se a la p\u00e0gina no seran emmagatzemades a cap altre fitxer per part de COTEX AVINY\u00d3, per\u00f2 s\u00ed que romandran a la xarxa social.<\/p>\n\n\n\n<p><strong>CONCURSOS I PROMOCIONS<\/strong><\/p>\n\n\n\n<p>COTEX AVINY\u00d3 es reserva el dret a realitzar concursos i promocions, en els que podr\u00e0 participar l\u2019usuari adherit a la seva p\u00e0gina. Les bases de cada un d\u2019ells, quan s\u2019utilitzin amb aquest motiu la plataforma de la xarxa social, seran publicades a la mateixa. Complint sempre amb la LSSI-CE i amb qualsevol altre norma que sigui d\u2019aplicaci\u00f3.<\/p>\n\n\n\n<p>La xarxa social no patrocina, avala, ni administra i\/o est\u00e0 associada de ninguna manera, a ninguna de les nostres promocions.<\/p>\n\n\n\n<p><strong>PUBLICITAT<\/strong><\/p>\n\n\n\n<p>COTEX AVINY\u00d3 utilitzar\u00e0 la xarxa social per anunciar els seus productes i serveis, en qualsevol cas, si decideix tractar les seves dades de contacte per realitzar accions directes de prospecci\u00f3 comercial, ser\u00e0 sempre, complint amb les exig\u00e8ncies legals del RGPD, de la LOPDGDD i de la LSSI-CE.<\/p>\n\n\n\n<p>No es considerar\u00e0 publicitat el fet de recomanar a altres usuaris la p\u00e0gina de COTEX AVINY\u00d3 per que tamb\u00e9 ells puguin gaudir de les promocions ofertes o estar informats de la seva activitat.<\/p>\n\n\n\n<p>A continuaci\u00f3 detallem l\u2019enlla\u00e7 a la pol\u00edtica de privacitat de la xarxa social:<\/p>\n\n\n\n<p>Facebook:&nbsp;&nbsp;&nbsp;&nbsp;&nbsp;&nbsp; <a href=\"https:\/\/www.facebook.com\/serrallerhome\/\">https:\/\/www.facebook.com\/serrallerhome\/<\/a> &nbsp;&nbsp;<\/p>\n","protected":false},"excerpt":{"rendered":"<p>En compliment del REGLAMENT (UE) 2016\/679, del 27 d\u2019abril de 2016 del Parlament Europeu, i del Consell relatiu a la Protecci\u00f3 de las persones f\u00edsiques en el que respecta al tractament de les seves dades personals, la Llei Org\u00e0nica 3\/2018, del 5 de desembre, de Protecci\u00f3 de Dades Personals i garantia dels drets digitals i [&hellip;]<\/p>\n","protected":false},"author":6,"featured_media":0,"parent":0,"menu_order":0,"comment_status":"closed","ping_status":"closed","template":"","meta":{"_acf_changed":false,"footnotes":""},"class_list":["post-2767","page","type-page","status-publish","hentry"],"acf":[],"_links":{"self":[{"href":"https:\/\/cotexsl.com\/ca\/wp-json\/wp\/v2\/pages\/2767","targetHints":{"allow":["GET"]}}],"collection":[{"href":"https:\/\/cotexsl.com\/ca\/wp-json\/wp\/v2\/pages"}],"about":[{"href":"https:\/\/cotexsl.com\/ca\/wp-json\/wp\/v2\/types\/page"}],"author":[{"embeddable":true,"href":"https:\/\/cotexsl.com\/ca\/wp-json\/wp\/v2\/users\/6"}],"replies":[{"embeddable":true,"href":"https:\/\/cotexsl.com\/ca\/wp-json\/wp\/v2\/comments?post=2767"}],"version-history":[{"count":1,"href":"https:\/\/cotexsl.com\/ca\/wp-json\/wp\/v2\/pages\/2767\/revisions"}],"predecessor-version":[{"id":2771,"href":"https:\/\/cotexsl.com\/ca\/wp-json\/wp\/v2\/pages\/2767\/revisions\/2771"}],"wp:attachment":[{"href":"https:\/\/cotexsl.com\/ca\/wp-json\/wp\/v2\/media?parent=2767"}],"curies":[{"name":"wp","href":"https:\/\/api.w.org\/{rel}","templated":true}]}}